{"id":14888,"date":"2025-09-15T17:20:29","date_gmt":"2025-09-15T15:20:29","guid":{"rendered":"https:\/\/boreait.com\/fr\/?post_type=product&#038;p=14888"},"modified":"2026-02-04T08:56:38","modified_gmt":"2026-02-04T07:56:38","slug":"dissipateur-thermique-de-remplacement-dorigine-fujitsu-lifebook-ah531-cp515955-xx","status":"publish","type":"product","link":"https:\/\/boreait.com\/fr\/produit\/dissipateur-thermique-de-remplacement-dorigine-fujitsu-lifebook-ah531-cp515955-xx\/","title":{"rendered":"Dissipateur thermique de remplacement d&rsquo;origine Fujitsu LifeBook AH531 CP515955-XX"},"content":{"rendered":"<p>Transformez votre Fujitsu Lifebook AH531 avec ce dissipateur thermique de remplacement d&rsquo;origine, r\u00e9f\u00e9rence CP515955-XX CP515955-01. Con\u00e7u avec pr\u00e9cision, ce dissipateur thermique assure des performances de refroidissement optimales pour votre ordinateur portable, vous permettant de repousser ses limites sans surchauffe.<\/p>\n<p>Con\u00e7u avec une ing\u00e9nierie de pr\u00e9cision, ce dissipateur thermique garantit un ajustement parfait et une installation facile. Dites adieu aux probl\u00e8mes de limitation thermique et profitez de performances ininterrompues pendant vos t\u00e2ches intensives.<\/p>\n<p>Admirez les photos r\u00e9elles du produit pour vous assurer que ce que vous voyez est exactement ce que vous obtenez. Si vous n&rsquo;\u00eates pas familier avec le remplacement de pi\u00e8ces d&rsquo;ordinateur portable, pas d&rsquo;inqui\u00e9tude\u00a0; m\u00eame si les instructions ne sont pas fournies, l&rsquo;assistance est disponible sur simple message.<\/p>\n<p>Investissez dans la long\u00e9vit\u00e9 de votre ordinateur portable en optant pour ce dissipateur thermique de remplacement de qualit\u00e9 sup\u00e9rieure. Dites adieu aux probl\u00e8mes de surchauffe et profitez d&rsquo;une exp\u00e9rience informatique plus fluide et plus rapide. Procurez-vous ce dissipateur thermique d\u00e8s aujourd&rsquo;hui et maintenez votre Fujitsu Lifebook en parfait \u00e9tat de fonctionnement.<\/p>\n","protected":false},"excerpt":{"rendered":"<p>Am\u00e9liorez votre Fujitsu LifeBook AH531 avec ce dissipateur thermique d&rsquo;origine CP515955-XX CP515955-01. Con\u00e7u pour un remplacement facile, ce dissipateur thermique garantit des performances optimales. Regardez les photos pour un aper\u00e7u plus d\u00e9taill\u00e9. Contactez-nous pour obtenir de l&rsquo;aide\u00a0!<\/p>\n","protected":false},"featured_media":14952,"template":"","meta":[],"product_brand":[],"product_cat":[69],"product_tag":[64],"class_list":{"0":"post-14888","1":"product","2":"type-product","3":"status-publish","4":"has-post-thumbnail","6":"product_cat-cpu-fans-heatsinks","7":"product_tag-fujitsu","9":"first","10":"instock","11":"taxable","12":"shipping-taxable","13":"purchasable","14":"product-type-simple"},"_links":{"self":[{"href":"https:\/\/boreait.com\/fr\/wp-json\/wp\/v2\/product\/14888","targetHints":{"allow":["GET"]}}],"collection":[{"href":"https:\/\/boreait.com\/fr\/wp-json\/wp\/v2\/product"}],"about":[{"href":"https:\/\/boreait.com\/fr\/wp-json\/wp\/v2\/types\/product"}],"wp:featuredmedia":[{"embeddable":true,"href":"https:\/\/boreait.com\/fr\/wp-json\/wp\/v2\/media\/14952"}],"wp:attachment":[{"href":"https:\/\/boreait.com\/fr\/wp-json\/wp\/v2\/media?parent=14888"}],"wp:term":[{"taxonomy":"product_brand","embeddable":true,"href":"https:\/\/boreait.com\/fr\/wp-json\/wp\/v2\/product_brand?post=14888"},{"taxonomy":"product_cat","embeddable":true,"href":"https:\/\/boreait.com\/fr\/wp-json\/wp\/v2\/product_cat?post=14888"},{"taxonomy":"product_tag","embeddable":true,"href":"https:\/\/boreait.com\/fr\/wp-json\/wp\/v2\/product_tag?post=14888"}],"curies":[{"name":"wp","href":"https:\/\/api.w.org\/{rel}","templated":true}]}}