{"id":14880,"date":"2025-09-15T17:20:04","date_gmt":"2025-09-15T15:20:04","guid":{"rendered":"https:\/\/boreait.com\/fr\/?post_type=product&#038;p=14880"},"modified":"2026-02-04T08:56:05","modified_gmt":"2026-02-04T07:56:05","slug":"carte-de-connexion-usb-avec-cable-da0fh5tb6a0-pour-fujitsu-lifebook-a531-a512-ah531","status":"publish","type":"product","link":"https:\/\/boreait.com\/fr\/produit\/carte-de-connexion-usb-avec-cable-da0fh5tb6a0-pour-fujitsu-lifebook-a531-a512-ah531\/","title":{"rendered":"Carte de connexion USB avec c\u00e2ble DA0FH5TB6A0 pour Fujitsu Lifebook A531 A512 AH531"},"content":{"rendered":"<p>Am\u00e9liorez les fonctionnalit\u00e9s de votre Fujitsu Lifebook A531 A512 AH531 avec cette carte de connexion USB de haute qualit\u00e9. Con\u00e7ue pour r\u00e9pondre aux sp\u00e9cifications exactes de votre ordinateur portable, cette carte est livr\u00e9e avec un c\u00e2ble pour une installation facile. La r\u00e9f\u00e9rence DA0FH5TB6A0 garantit la compatibilit\u00e9 et vous permet de profiter d&rsquo;une connectivit\u00e9 fluide pour tous vos p\u00e9riph\u00e9riques USB.<\/p>\n<p>Mettez \u00e0 niveau les ports USB de votre ordinateur portable pour r\u00e9tablir la connectivit\u00e9 et am\u00e9liorer l&rsquo;efficacit\u00e9. Que vous transf\u00e9riez des fichiers, connectiez des p\u00e9riph\u00e9riques ou chargiez des appareils, cette carte de connexion USB offre des performances fiables. Dites adieu aux probl\u00e8mes de connectivit\u00e9 et profitez d&rsquo;une exp\u00e9rience utilisateur fluide gr\u00e2ce \u00e0 ce composant essentiel.<\/p>\n<p>Investissez dans la long\u00e9vit\u00e9 de votre ordinateur portable et optimisez ses capacit\u00e9s avec la carte de connexion USB sp\u00e9cialement con\u00e7ue pour les mod\u00e8les Fujitsu Lifebook. Ayez l&rsquo;esprit tranquille\u00a0: vous utilisez une pi\u00e8ce d&rsquo;origine qui am\u00e9liorera les performances de votre appareil. Mettez \u00e0 niveau d\u00e8s aujourd&rsquo;hui et profitez d&rsquo;une connectivit\u00e9 fluide avec cette carte de connexion USB haut de gamme.<\/p>\n","protected":false},"excerpt":{"rendered":"<p>Am\u00e9liorez votre Fujitsu Lifebook A531 A512 AH531 avec cette carte de connexion USB de haute qualit\u00e9. Remplacez votre carte d\u00e9fectueuse par la r\u00e9f\u00e9rence DA0FH5TB6A0, fournie avec un c\u00e2ble pour une installation facile. Assurez le bon fonctionnement et l&rsquo;efficacit\u00e9 de votre ordinateur portable gr\u00e2ce \u00e0 ce composant essentiel.<\/p>\n","protected":false},"featured_media":14950,"template":"","meta":[],"product_brand":[],"product_cat":[63],"product_tag":[64],"class_list":{"0":"post-14880","1":"product","2":"type-product","3":"status-publish","4":"has-post-thumbnail","6":"product_cat-motherboards-board-parts","7":"product_tag-fujitsu","9":"first","10":"instock","11":"taxable","12":"shipping-taxable","13":"purchasable","14":"product-type-simple"},"_links":{"self":[{"href":"https:\/\/boreait.com\/fr\/wp-json\/wp\/v2\/product\/14880","targetHints":{"allow":["GET"]}}],"collection":[{"href":"https:\/\/boreait.com\/fr\/wp-json\/wp\/v2\/product"}],"about":[{"href":"https:\/\/boreait.com\/fr\/wp-json\/wp\/v2\/types\/product"}],"wp:featuredmedia":[{"embeddable":true,"href":"https:\/\/boreait.com\/fr\/wp-json\/wp\/v2\/media\/14950"}],"wp:attachment":[{"href":"https:\/\/boreait.com\/fr\/wp-json\/wp\/v2\/media?parent=14880"}],"wp:term":[{"taxonomy":"product_brand","embeddable":true,"href":"https:\/\/boreait.com\/fr\/wp-json\/wp\/v2\/product_brand?post=14880"},{"taxonomy":"product_cat","embeddable":true,"href":"https:\/\/boreait.com\/fr\/wp-json\/wp\/v2\/product_cat?post=14880"},{"taxonomy":"product_tag","embeddable":true,"href":"https:\/\/boreait.com\/fr\/wp-json\/wp\/v2\/product_tag?post=14880"}],"curies":[{"name":"wp","href":"https:\/\/api.w.org\/{rel}","templated":true}]}}