{"id":14879,"date":"2025-09-15T17:20:03","date_gmt":"2025-09-15T15:20:03","guid":{"rendered":"https:\/\/boreait.com\/fr\/?post_type=product&#038;p=14879"},"modified":"2026-02-04T08:55:50","modified_gmt":"2026-02-04T07:55:50","slug":"haut-parleurs-internes-pour-ordinateur-portable-fujitsu-lifebook-ah531-20crfe-1-dorigine","status":"publish","type":"product","link":"https:\/\/boreait.com\/fr\/produit\/haut-parleurs-internes-pour-ordinateur-portable-fujitsu-lifebook-ah531-20crfe-1-dorigine\/","title":{"rendered":"Haut-parleurs internes pour ordinateur portable Fujitsu LIFEBOOK AH531 &#8211; 20CRFE-1 d&rsquo;origine"},"content":{"rendered":"<p>Plongez dans un univers sonore cristallin avec les haut-parleurs internes gauche\/droite pour ordinateur portable Fujitsu LIFEBOOK AH531. Optimisez votre exp\u00e9rience audio gr\u00e2ce \u00e0 ces haut-parleurs 20CRFE-1 d&rsquo;origine, sp\u00e9cialement con\u00e7us pour votre Fujitsu LIFEBOOK AH531. Que vous \u00e9coutiez de la musique en streaming, regardiez des films ou participiez \u00e0 des visioconf\u00e9rences, ces haut-parleurs offrent une qualit\u00e9 sonore riche et immersive qui donne vie \u00e0 votre contenu.<\/p>\n<p>Am\u00e9liorez le syst\u00e8me audio de votre ordinateur portable avec ces haut-parleurs internes de haute qualit\u00e9, faciles \u00e0 installer et parfaitement int\u00e9gr\u00e9s \u00e0 votre appareil. Profitez d&rsquo;un son sans distorsion et de basses profondes pour une exp\u00e9rience d&rsquo;\u00e9coute captivante. Dites adieu aux sons \u00e9touff\u00e9s et aux sons m\u00e9talliques\u00a0: ces haut-parleurs garantissent une restitution pr\u00e9cise de chaque note et de chaque battement.<\/p>\n<p>Con\u00e7us pour durer, ces haut-parleurs Fujitsu d&rsquo;origine sont con\u00e7us pour durer. Soyez assur\u00e9 d&rsquo;investir dans une solution audio de qualit\u00e9 sup\u00e9rieure qui am\u00e9liorera votre exp\u00e9rience multim\u00e9dia pour les ann\u00e9es \u00e0 venir. Transformez votre ordinateur portable en un puissant centre de divertissement avec les haut-parleurs internes gauche\/droite pour ordinateur portable Fujitsu LIFEBOOK AH531 &#8211; votre passerelle vers l&rsquo;excellence audio.<\/p>\n","protected":false},"excerpt":{"rendered":"<p>Plongez dans un son cristallin avec ces haut-parleurs internes gauche\/droite pour ordinateur portable Fujitsu LIFEBOOK AH531 d&rsquo;origine. Am\u00e9liorez votre exp\u00e9rience audio et profitez de chaque rythme avec pr\u00e9cision et clart\u00e9. Am\u00e9liorez le syst\u00e8me audio de votre ordinateur portable avec ces haut-parleurs de haute qualit\u00e9 pour une exp\u00e9rience d&rsquo;\u00e9coute optimale.<\/p>\n","protected":false},"featured_media":14949,"template":"","meta":[],"product_brand":[],"product_cat":[54],"product_tag":[64],"class_list":{"0":"post-14879","1":"product","2":"type-product","3":"status-publish","4":"has-post-thumbnail","6":"product_cat-laptop-speakers","7":"product_tag-fujitsu","9":"first","10":"instock","11":"taxable","12":"shipping-taxable","13":"purchasable","14":"product-type-simple"},"_links":{"self":[{"href":"https:\/\/boreait.com\/fr\/wp-json\/wp\/v2\/product\/14879","targetHints":{"allow":["GET"]}}],"collection":[{"href":"https:\/\/boreait.com\/fr\/wp-json\/wp\/v2\/product"}],"about":[{"href":"https:\/\/boreait.com\/fr\/wp-json\/wp\/v2\/types\/product"}],"wp:featuredmedia":[{"embeddable":true,"href":"https:\/\/boreait.com\/fr\/wp-json\/wp\/v2\/media\/14949"}],"wp:attachment":[{"href":"https:\/\/boreait.com\/fr\/wp-json\/wp\/v2\/media?parent=14879"}],"wp:term":[{"taxonomy":"product_brand","embeddable":true,"href":"https:\/\/boreait.com\/fr\/wp-json\/wp\/v2\/product_brand?post=14879"},{"taxonomy":"product_cat","embeddable":true,"href":"https:\/\/boreait.com\/fr\/wp-json\/wp\/v2\/product_cat?post=14879"},{"taxonomy":"product_tag","embeddable":true,"href":"https:\/\/boreait.com\/fr\/wp-json\/wp\/v2\/product_tag?post=14879"}],"curies":[{"name":"wp","href":"https:\/\/api.w.org\/{rel}","templated":true}]}}