{"id":14877,"date":"2025-09-15T17:20:01","date_gmt":"2025-09-15T15:20:01","guid":{"rendered":"https:\/\/boreait.com\/fr\/?post_type=product&#038;p=14877"},"modified":"2026-02-04T08:52:01","modified_gmt":"2026-02-04T07:52:01","slug":"carte-wi-fi-intel-centrino-wireless-n-1030-11230bnhmw-pour-fujitsu-lifebook-ah531","status":"publish","type":"product","link":"https:\/\/boreait.com\/fr\/produit\/carte-wi-fi-intel-centrino-wireless-n-1030-11230bnhmw-pour-fujitsu-lifebook-ah531\/","title":{"rendered":"Carte Wi-Fi Intel Centrino Wireless-N 1030 11230BNHMW pour Fujitsu Lifebook AH531"},"content":{"rendered":"<p>Am\u00e9liorez votre Fujitsu Lifebook AH531 avec la carte Wi-Fi Intel Centrino Wireless-N 1030 11230BNHMW pour une connectivit\u00e9 ultra-rapide. Profitez d&rsquo;une navigation, d&rsquo;un streaming et d&rsquo;un t\u00e9l\u00e9chargement fluides gr\u00e2ce \u00e0 la puissance de la technologie 802.11n. Dites adieu aux ralentissements et profitez d&rsquo;une exp\u00e9rience en ligne plus fluide gr\u00e2ce \u00e0 cette carte Wi-Fi hautes performances.<\/p>\n<p>Facile \u00e0 installer et compatible avec votre Fujitsu Lifebook AH531, cette carte Wi-Fi est indispensable pour tous ceux qui souhaitent am\u00e9liorer la connectivit\u00e9 de leur appareil. Diffusez vos films pr\u00e9f\u00e9r\u00e9s en HD, discutez en vid\u00e9o avec vos proches sans interruption et profitez de jeux en ligne avec une latence minimale. Restez connect\u00e9 o\u00f9 que vous soyez et ne ratez rien gr\u00e2ce \u00e0 la carte Wi-Fi Intel Centrino Wireless-N 1030 11230BNHMW. <\/p>\n<p>Ne laissez pas la lenteur de votre connexion Internet vous freiner\u00a0: optez d\u00e8s aujourd&rsquo;hui pour la carte Wi-Fi Intel Centrino Wireless-N 1030 11230BNHMW et propulsez votre exp\u00e9rience en ligne vers de nouveaux sommets.<\/p>\n","protected":false},"excerpt":{"rendered":"<p>Am\u00e9liorez votre connectivit\u00e9 avec la carte Wi-Fi Intel Centrino Wireless-N 1030 11230BNHMW. Con\u00e7ue pour le Fujitsu Lifebook AH531, cette carte 802.11n garantit des performances sans fil fluides et rapides. Restez connect\u00e9 o\u00f9 que vous alliez gr\u00e2ce \u00e0 cette mise \u00e0 niveau Wi-Fi fiable et de haute qualit\u00e9.<\/p>\n","protected":false},"featured_media":14939,"template":"","meta":[],"product_brand":[],"product_cat":[63],"product_tag":[103],"class_list":{"0":"post-14877","1":"product","2":"type-product","3":"status-publish","4":"has-post-thumbnail","6":"product_cat-motherboards-board-parts","7":"product_tag-intel","9":"first","10":"instock","11":"taxable","12":"shipping-taxable","13":"purchasable","14":"product-type-simple"},"_links":{"self":[{"href":"https:\/\/boreait.com\/fr\/wp-json\/wp\/v2\/product\/14877","targetHints":{"allow":["GET"]}}],"collection":[{"href":"https:\/\/boreait.com\/fr\/wp-json\/wp\/v2\/product"}],"about":[{"href":"https:\/\/boreait.com\/fr\/wp-json\/wp\/v2\/types\/product"}],"wp:featuredmedia":[{"embeddable":true,"href":"https:\/\/boreait.com\/fr\/wp-json\/wp\/v2\/media\/14939"}],"wp:attachment":[{"href":"https:\/\/boreait.com\/fr\/wp-json\/wp\/v2\/media?parent=14877"}],"wp:term":[{"taxonomy":"product_brand","embeddable":true,"href":"https:\/\/boreait.com\/fr\/wp-json\/wp\/v2\/product_brand?post=14877"},{"taxonomy":"product_cat","embeddable":true,"href":"https:\/\/boreait.com\/fr\/wp-json\/wp\/v2\/product_cat?post=14877"},{"taxonomy":"product_tag","embeddable":true,"href":"https:\/\/boreait.com\/fr\/wp-json\/wp\/v2\/product_tag?post=14877"}],"curies":[{"name":"wp","href":"https:\/\/api.w.org\/{rel}","templated":true}]}}