{"id":14876,"date":"2025-09-15T17:20:00","date_gmt":"2025-09-15T15:20:00","guid":{"rendered":"https:\/\/boreait.com\/fr\/?post_type=product&#038;p=14876"},"modified":"2026-02-04T08:51:44","modified_gmt":"2026-02-04T07:51:44","slug":"connecteur-de-remplacement-pour-prise-dalimentation-cc-pour-fujitsu-lifebook-ah530-a530-a512-ah512-ah531","status":"publish","type":"product","link":"https:\/\/boreait.com\/fr\/produit\/connecteur-de-remplacement-pour-prise-dalimentation-cc-pour-fujitsu-lifebook-ah530-a530-a512-ah512-ah531\/","title":{"rendered":"Connecteur de remplacement pour prise d&rsquo;alimentation CC pour Fujitsu Lifebook AH530 A530 A512 AH512 AH531"},"content":{"rendered":"<p>Rechargez votre Fujitsu Lifebook AH530 A530 A512 AH512 AH531 avec cette prise d&rsquo;alimentation CC de haute qualit\u00e9. Dites adieu aux probl\u00e8mes de charge et restaurez toutes les fonctionnalit\u00e9s de votre ordinateur portable gr\u00e2ce \u00e0 cette pi\u00e8ce de rechange fiable. Con\u00e7ue pour r\u00e9pondre aux sp\u00e9cifications d&rsquo;origine, cette prise d&rsquo;alimentation CC assure un ajustement parfait et une int\u00e9gration parfaite \u00e0 votre appareil.<\/p>\n<p>Con\u00e7ue pour durer, cette prise d&rsquo;alimentation CC est con\u00e7ue pour r\u00e9sister \u00e0 l&rsquo;usure quotidienne et offrir des performances durables. L&rsquo;installation est un jeu d&rsquo;enfant\u00a0: remplacez rapidement et facilement votre prise d&rsquo;alimentation usag\u00e9e ou endommag\u00e9e. Reprenez votre travail ou vos loisirs sans interruption gr\u00e2ce \u00e0 ce composant essentiel.<\/p>\n<p>Ne laissez pas une prise d&rsquo;alimentation d\u00e9fectueuse vous freiner. Investissez dans cette pi\u00e8ce de rechange haut de gamme et profitez d&rsquo;une exp\u00e9rience de charge fluide. Que vous soyez un professionnel en d\u00e9placement ou un \u00e9tudiant avec des d\u00e9lais \u00e0 respecter, cette prise d&rsquo;alimentation CC est indispensable pour assurer le bon fonctionnement de votre Fujitsu Lifebook. Mettez \u00e0 niveau votre ordinateur portable d\u00e8s aujourd&rsquo;hui et constatez la diff\u00e9rence\u00a0!<\/p>\n","protected":false},"excerpt":{"rendered":"<p>Alimentez votre Fujitsu Lifebook AH530, A530, A512, AH512 et AH531 avec cette prise d&rsquo;alimentation CC de haute qualit\u00e9. Dites adieu aux probl\u00e8mes de charge et assurez le bon fonctionnement de votre ordinateur portable. Facile \u00e0 installer et durable, cette prise d&rsquo;alimentation assure une connexion fiable pour des performances ininterrompues. Procurez-vous la v\u00f4tre d\u00e8s aujourd&rsquo;hui et profitez d&rsquo;une recharge sans soucis o\u00f9 que vous soyez\u00a0!<\/p>\n","protected":false},"featured_media":14938,"template":"","meta":[],"product_brand":[],"product_cat":[56],"product_tag":[64],"class_list":{"0":"post-14876","1":"product","2":"type-product","3":"status-publish","4":"has-post-thumbnail","6":"product_cat-cables","7":"product_tag-fujitsu","9":"first","10":"instock","11":"taxable","12":"shipping-taxable","13":"purchasable","14":"product-type-simple"},"_links":{"self":[{"href":"https:\/\/boreait.com\/fr\/wp-json\/wp\/v2\/product\/14876","targetHints":{"allow":["GET"]}}],"collection":[{"href":"https:\/\/boreait.com\/fr\/wp-json\/wp\/v2\/product"}],"about":[{"href":"https:\/\/boreait.com\/fr\/wp-json\/wp\/v2\/types\/product"}],"wp:featuredmedia":[{"embeddable":true,"href":"https:\/\/boreait.com\/fr\/wp-json\/wp\/v2\/media\/14938"}],"wp:attachment":[{"href":"https:\/\/boreait.com\/fr\/wp-json\/wp\/v2\/media?parent=14876"}],"wp:term":[{"taxonomy":"product_brand","embeddable":true,"href":"https:\/\/boreait.com\/fr\/wp-json\/wp\/v2\/product_brand?post=14876"},{"taxonomy":"product_cat","embeddable":true,"href":"https:\/\/boreait.com\/fr\/wp-json\/wp\/v2\/product_cat?post=14876"},{"taxonomy":"product_tag","embeddable":true,"href":"https:\/\/boreait.com\/fr\/wp-json\/wp\/v2\/product_tag?post=14876"}],"curies":[{"name":"wp","href":"https:\/\/api.w.org\/{rel}","templated":true}]}}