{"id":14862,"date":"2025-09-15T17:19:35","date_gmt":"2025-09-15T15:19:35","guid":{"rendered":"https:\/\/boreait.com\/fr\/?post_type=product&#038;p=14862"},"modified":"2026-02-04T08:50:20","modified_gmt":"2026-02-04T07:50:20","slug":"charnieres-decran-pour-fujitsu-lifebook-ah512-a512-a531-ah531-cp515945-02-cp515944-02","status":"publish","type":"product","link":"https:\/\/boreait.com\/fr\/produit\/charnieres-decran-pour-fujitsu-lifebook-ah512-a512-a531-ah531-cp515945-02-cp515944-02\/","title":{"rendered":"Charni\u00e8res d&rsquo;\u00e9cran pour Fujitsu Lifebook AH512 A512 A531 AH531 &#8211; CP515945-02 CP515944-02"},"content":{"rendered":"<p>Transformez votre Fujitsu Lifebook AH512 A512 A531 AH531 avec ces charni\u00e8res gauche et droite de haute qualit\u00e9 pour \u00e9cran LCD. Con\u00e7ues avec pr\u00e9cision, ces charni\u00e8res, portant les r\u00e9f\u00e9rences CP515945-02 et CP515944-02, garantissent une ouverture et une fermeture fluides de l&rsquo;\u00e9cran de votre ordinateur portable. Dites adieu aux \u00e9crans instables et profitez de la stabilit\u00e9 et de la fiabilit\u00e9.<\/p>\n<p>D\u00e9couvrez une durabilit\u00e9 in\u00e9gal\u00e9e avec ces charni\u00e8res con\u00e7ues pour durer. Fabriqu\u00e9es \u00e0 partir de mat\u00e9riaux haut de gamme, elles garantissent des performances durables et vous offrent la tranquillit\u00e9 d&rsquo;esprit de savoir que l&rsquo;\u00e9cran de votre ordinateur portable est solidement fix\u00e9. Que vous soyez professionnel ou \u00e9tudiant, ces charni\u00e8res sont indispensables pour tous ceux qui souhaitent am\u00e9liorer les fonctionnalit\u00e9s de leur ordinateur portable.<\/p>\n<p>Oubliez les ajustements d&rsquo;angle constants. Ces charni\u00e8res offrent un mouvement fluide et pr\u00e9cis, vous permettant de positionner votre \u00e9cran \u00e0 l&rsquo;angle id\u00e9al \u00e0 chaque fois. Am\u00e9liorez votre exp\u00e9rience d&rsquo;ordinateur portable avec ces charni\u00e8res Fujitsu Lifebook et profitez de la commodit\u00e9 et de la stabilit\u00e9 qu&rsquo;elles apportent \u00e0 vos t\u00e2ches quotidiennes.<\/p>\n","protected":false},"excerpt":{"rendered":"<p>Am\u00e9liorez votre Fujitsu Lifebook AH512 A512 A531 AH531 avec ces charni\u00e8res d&rsquo;\u00e9cran LCD gauche et droite de haute qualit\u00e9. Con\u00e7ues avec expertise pour un ajustement parfait, ces charni\u00e8res (r\u00e9f\u00e9rences\u00a0: CP515945-02 et CP515944-02) maintiendront votre \u00e9cran en place tout en lui apportant durabilit\u00e9 et style. Dites adieu aux charni\u00e8res fragiles et profitez de performances durables.<\/p>\n","protected":false},"featured_media":14927,"template":"","meta":[],"product_brand":[],"product_cat":[55],"product_tag":[64],"class_list":{"0":"post-14862","1":"product","2":"type-product","3":"status-publish","4":"has-post-thumbnail","6":"product_cat-screen-hinge","7":"product_tag-fujitsu","9":"first","10":"instock","11":"taxable","12":"shipping-taxable","13":"purchasable","14":"product-type-simple"},"_links":{"self":[{"href":"https:\/\/boreait.com\/fr\/wp-json\/wp\/v2\/product\/14862","targetHints":{"allow":["GET"]}}],"collection":[{"href":"https:\/\/boreait.com\/fr\/wp-json\/wp\/v2\/product"}],"about":[{"href":"https:\/\/boreait.com\/fr\/wp-json\/wp\/v2\/types\/product"}],"wp:featuredmedia":[{"embeddable":true,"href":"https:\/\/boreait.com\/fr\/wp-json\/wp\/v2\/media\/14927"}],"wp:attachment":[{"href":"https:\/\/boreait.com\/fr\/wp-json\/wp\/v2\/media?parent=14862"}],"wp:term":[{"taxonomy":"product_brand","embeddable":true,"href":"https:\/\/boreait.com\/fr\/wp-json\/wp\/v2\/product_brand?post=14862"},{"taxonomy":"product_cat","embeddable":true,"href":"https:\/\/boreait.com\/fr\/wp-json\/wp\/v2\/product_cat?post=14862"},{"taxonomy":"product_tag","embeddable":true,"href":"https:\/\/boreait.com\/fr\/wp-json\/wp\/v2\/product_tag?post=14862"}],"curies":[{"name":"wp","href":"https:\/\/api.w.org\/{rel}","templated":true}]}}