{"id":14849,"date":"2025-09-15T17:19:09","date_gmt":"2025-09-15T15:19:09","guid":{"rendered":"https:\/\/boreait.com\/fr\/?post_type=product&#038;p=14849"},"modified":"2026-02-04T08:49:21","modified_gmt":"2026-02-04T07:49:21","slug":"cache-de-remplacement-pour-memoire-ram-avec-vis-pour-lenovo-thinkpad-x220-x220t-x220i-x220s-x230i","status":"publish","type":"product","link":"https:\/\/boreait.com\/fr\/produit\/cache-de-remplacement-pour-memoire-ram-avec-vis-pour-lenovo-thinkpad-x220-x220t-x220i-x220s-x230i\/","title":{"rendered":"Cache de remplacement pour m\u00e9moire RAM avec vis pour Lenovo ThinkPad X220 X220T X220i X220S X230i"},"content":{"rendered":"<p>Am\u00e9liorez votre Lenovo Thinkpad X220 ou X230i avec ce kit de cache m\u00e9moire RAM et vis de haute qualit\u00e9. Con\u00e7u sp\u00e9cialement pour ces mod\u00e8les, ce cache assure un ajustement parfait et une installation facile. Prot\u00e9gez votre RAM gr\u00e2ce \u00e0 ce cache robuste, fourni avec les vis n\u00e9cessaires pour plus de commodit\u00e9.<\/p>\n<p>Fini les soucis de modules RAM desserr\u00e9s ou de dommages potentiels caus\u00e9s par la poussi\u00e8re et les d\u00e9bris. Le cache m\u00e9moire RAM offre une s\u00e9curit\u00e9 suppl\u00e9mentaire et vous permet d&rsquo;utiliser votre appareil en toute tranquillit\u00e9. Que vous soyez un passionn\u00e9 de technologie cherchant \u00e0 am\u00e9liorer les performances de votre ordinateur portable ou un professionnel \u00e0 la recherche d&rsquo;un mat\u00e9riel fiable, ce cache et ses vis sont un accessoire indispensable pour votre Lenovo Thinkpad.<\/p>\n<p>Investissez dans la long\u00e9vit\u00e9 et l&rsquo;efficacit\u00e9 de votre ordinateur portable en ajoutant ce cache m\u00e9moire RAM \u00e0 votre panier d\u00e8s aujourd&rsquo;hui. B\u00e9n\u00e9ficiez d&rsquo;une installation facile, d&rsquo;un ajustement parfait et d&rsquo;une protection renforc\u00e9e pour vos modules RAM. Mettez \u00e0 niveau votre ordinateur en toute confiance et exploitez tout le potentiel de votre Lenovo Thinkpad X220 ou X230i.<\/p>\n","protected":false},"excerpt":{"rendered":"<p>Am\u00e9liorez les performances de votre Lenovo Thinkpad X220\/X230 gr\u00e2ce \u00e0 ce cache m\u00e9moire RAM. Con\u00e7u pour une fixation parfaite, il est livr\u00e9 avec des vis pour maintenir votre RAM en place. Dites adieu aux modules m\u00e9moire mobiles et profitez de performances optimales ! Am\u00e9liorez votre ordinateur portable en toute simplicit\u00e9 gr\u00e2ce \u00e0 cet accessoire indispensable.<\/p>\n","protected":false},"featured_media":14916,"template":"","meta":[],"product_brand":[],"product_cat":[52],"product_tag":[62],"class_list":{"0":"post-14849","1":"product","2":"type-product","3":"status-publish","4":"has-post-thumbnail","6":"product_cat-laptop-housing","7":"product_tag-lenovo","9":"first","10":"instock","11":"taxable","12":"shipping-taxable","13":"purchasable","14":"product-type-simple"},"_links":{"self":[{"href":"https:\/\/boreait.com\/fr\/wp-json\/wp\/v2\/product\/14849","targetHints":{"allow":["GET"]}}],"collection":[{"href":"https:\/\/boreait.com\/fr\/wp-json\/wp\/v2\/product"}],"about":[{"href":"https:\/\/boreait.com\/fr\/wp-json\/wp\/v2\/types\/product"}],"wp:featuredmedia":[{"embeddable":true,"href":"https:\/\/boreait.com\/fr\/wp-json\/wp\/v2\/media\/14916"}],"wp:attachment":[{"href":"https:\/\/boreait.com\/fr\/wp-json\/wp\/v2\/media?parent=14849"}],"wp:term":[{"taxonomy":"product_brand","embeddable":true,"href":"https:\/\/boreait.com\/fr\/wp-json\/wp\/v2\/product_brand?post=14849"},{"taxonomy":"product_cat","embeddable":true,"href":"https:\/\/boreait.com\/fr\/wp-json\/wp\/v2\/product_cat?post=14849"},{"taxonomy":"product_tag","embeddable":true,"href":"https:\/\/boreait.com\/fr\/wp-json\/wp\/v2\/product_tag?post=14849"}],"curies":[{"name":"wp","href":"https:\/\/api.w.org\/{rel}","templated":true}]}}