{"id":14838,"date":"2025-09-15T17:18:40","date_gmt":"2025-09-15T15:18:40","guid":{"rendered":"https:\/\/boreait.com\/fr\/?post_type=product&#038;p=14838"},"modified":"2026-02-03T15:59:19","modified_gmt":"2026-02-03T14:59:19","slug":"carte-3g-lenovo-thinkpad-x230-w530-t430-t430s-60y3297-haut-debit-mobile-wwan","status":"publish","type":"product","link":"https:\/\/boreait.com\/fr\/produit\/carte-3g-lenovo-thinkpad-x230-w530-t430-t430s-60y3297-haut-debit-mobile-wwan\/","title":{"rendered":"Carte 3G Lenovo ThinkPad X230 W530 T430 T430s 60Y3297 &#8211; Haut d\u00e9bit mobile WWAN"},"content":{"rendered":"<p>Am\u00e9liorez votre connectivit\u00e9 lors de vos d\u00e9placements gr\u00e2ce \u00e0 la carte haut d\u00e9bit mobile WWAN 3G con\u00e7ue pour les ordinateurs portables Lenovo Thinkpad X230, W530, T430 et T430s. Restez connect\u00e9 o\u00f9 que vous soyez gr\u00e2ce \u00e0 un acc\u00e8s r\u00e9seau 3G fluide, pour ne manquer aucun e-mail important ni aucune \u00e9ch\u00e9ance. La carte WWAN 60Y3297 offre des d\u00e9bits internet fiables et rapides, parfaits pour les professionnels qui ont besoin d&rsquo;un acc\u00e8s internet permanent.<\/p>\n<p>Profitez du confort d&rsquo;une connexion internet ininterrompue en voyage ou en t\u00e9l\u00e9travail. Installez facilement la carte WWAN sur votre ordinateur portable Lenovo compatible et profitez d&rsquo;une mobilit\u00e9 et d&rsquo;une productivit\u00e9 accrues. Que vous soyez dans un caf\u00e9, \u00e0 l&rsquo;a\u00e9roport ou dans le train, cette carte WWAN offre une connexion stable pour tous vos besoins de navigation et de communication. Ne laissez pas une connexion Wi-Fi instable vous ralentir\u00a0: optez pour la carte haut d\u00e9bit mobile WWAN 3G et restez connect\u00e9 o\u00f9 que vous alliez.<\/p>\n","protected":false},"excerpt":{"rendered":"<p>Optimisez votre connectivit\u00e9 en d\u00e9placement avec la carte haut d\u00e9bit mobile 3G WWAN 60Y3297 pour Lenovo Thinkpad X230 W530 T430 T430s. Restez connect\u00e9 o\u00f9 que vous soyez gr\u00e2ce \u00e0 des d\u00e9bits 3G fiables, parfaits pour les professionnels qui ont besoin d&rsquo;un acc\u00e8s internet fluide en d\u00e9placement. Optimisez votre productivit\u00e9 et ne ratez rien gr\u00e2ce \u00e0 cette mise \u00e0 niveau essentielle pour votre appareil.<\/p>\n","protected":false},"featured_media":14909,"template":"","meta":[],"product_brand":[],"product_cat":[63],"product_tag":[62],"class_list":{"0":"post-14838","1":"product","2":"type-product","3":"status-publish","4":"has-post-thumbnail","6":"product_cat-motherboards-board-parts","7":"product_tag-lenovo","9":"first","10":"instock","11":"taxable","12":"shipping-taxable","13":"purchasable","14":"product-type-simple"},"_links":{"self":[{"href":"https:\/\/boreait.com\/fr\/wp-json\/wp\/v2\/product\/14838","targetHints":{"allow":["GET"]}}],"collection":[{"href":"https:\/\/boreait.com\/fr\/wp-json\/wp\/v2\/product"}],"about":[{"href":"https:\/\/boreait.com\/fr\/wp-json\/wp\/v2\/types\/product"}],"wp:featuredmedia":[{"embeddable":true,"href":"https:\/\/boreait.com\/fr\/wp-json\/wp\/v2\/media\/14909"}],"wp:attachment":[{"href":"https:\/\/boreait.com\/fr\/wp-json\/wp\/v2\/media?parent=14838"}],"wp:term":[{"taxonomy":"product_brand","embeddable":true,"href":"https:\/\/boreait.com\/fr\/wp-json\/wp\/v2\/product_brand?post=14838"},{"taxonomy":"product_cat","embeddable":true,"href":"https:\/\/boreait.com\/fr\/wp-json\/wp\/v2\/product_cat?post=14838"},{"taxonomy":"product_tag","embeddable":true,"href":"https:\/\/boreait.com\/fr\/wp-json\/wp\/v2\/product_tag?post=14838"}],"curies":[{"name":"wp","href":"https:\/\/api.w.org\/{rel}","templated":true}]}}