{"id":14834,"date":"2025-09-15T17:18:39","date_gmt":"2025-09-15T15:18:39","guid":{"rendered":"https:\/\/boreait.com\/fr\/?post_type=product&#038;p=14834"},"modified":"2026-02-03T15:58:46","modified_gmt":"2026-02-03T14:58:46","slug":"couvercle-de-remplacement-pour-disque-dur-25-pouces-pour-thinkpad-x230i-ref-60-4kh22-011","status":"publish","type":"product","link":"https:\/\/boreait.com\/fr\/produit\/couvercle-de-remplacement-pour-disque-dur-25-pouces-pour-thinkpad-x230i-ref-60-4kh22-011\/","title":{"rendered":"Couvercle de remplacement pour disque dur 2,5 pouces pour ThinkPad X230i (r\u00e9f. 60.4KH22.011)"},"content":{"rendered":"<p>Am\u00e9liorez et prot\u00e9gez votre ThinkPad X230i avec ce cache de disque dur de haute qualit\u00e9 avec vis. Sp\u00e9cialement con\u00e7u pour une installation facile, ce cache pour disque dur 2,5 pouces est la solution id\u00e9ale pour prot\u00e9ger votre disque dur. La r\u00e9f\u00e9rence 60.4KH22.011 garantit compatibilit\u00e9 et installation facile, vous permettant de remplacer facilement votre cache actuel.<\/p>\n<p>Fabriqu\u00e9 avec des mat\u00e9riaux durables, ce cache offre une protection suppl\u00e9mentaire contre la poussi\u00e8re, la salet\u00e9 et autres dommages potentiels. Les vis fournies facilitent l&rsquo;installation, garantissant une mise \u00e0 niveau rapide et sans tracas. Soyez assur\u00e9 que votre disque dur est bien prot\u00e9g\u00e9 et fonctionne de mani\u00e8re optimale gr\u00e2ce \u00e0 ce cache fiable.<\/p>\n<p>Ne vous inqui\u00e9tez plus de la s\u00e9curit\u00e9 et du fonctionnement de votre disque dur. Investissez dans ce cache de disque dur avec vis d\u00e8s aujourd&rsquo;hui et ayez l&rsquo;esprit tranquille, sachant que vos pr\u00e9cieuses donn\u00e9es sont entre de bonnes mains. Am\u00e9liorez votre ThinkPad X230i avec cet accessoire essentiel et b\u00e9n\u00e9ficiez d&rsquo;une durabilit\u00e9 et d&rsquo;une protection accrues pour votre disque dur.<\/p>\n","protected":false},"excerpt":{"rendered":"<p>Offrez \u00e0 votre ThinkPad X230i une mise \u00e0 niveau \u00e9l\u00e9gante avec ce cache pour disque dur 2,5 pouces. Durable et facile \u00e0 installer, ce cache est fourni avec des vis pour une fixation s\u00fbre. Dites adieu aux disques durs ennuyeux et profitez d&rsquo;une solution de stockage \u00e9l\u00e9gante. Modernisez votre ordinateur portable avec cet accessoire \u00e9l\u00e9gant et fonctionnel d\u00e8s aujourd&rsquo;hui\u00a0!<\/p>\n","protected":false},"featured_media":14897,"template":"","meta":[],"product_brand":[],"product_cat":[52],"product_tag":[62],"class_list":{"0":"post-14834","1":"product","2":"type-product","3":"status-publish","4":"has-post-thumbnail","6":"product_cat-laptop-housing","7":"product_tag-lenovo","9":"first","10":"instock","11":"taxable","12":"shipping-taxable","13":"purchasable","14":"product-type-simple"},"_links":{"self":[{"href":"https:\/\/boreait.com\/fr\/wp-json\/wp\/v2\/product\/14834","targetHints":{"allow":["GET"]}}],"collection":[{"href":"https:\/\/boreait.com\/fr\/wp-json\/wp\/v2\/product"}],"about":[{"href":"https:\/\/boreait.com\/fr\/wp-json\/wp\/v2\/types\/product"}],"wp:featuredmedia":[{"embeddable":true,"href":"https:\/\/boreait.com\/fr\/wp-json\/wp\/v2\/media\/14897"}],"wp:attachment":[{"href":"https:\/\/boreait.com\/fr\/wp-json\/wp\/v2\/media?parent=14834"}],"wp:term":[{"taxonomy":"product_brand","embeddable":true,"href":"https:\/\/boreait.com\/fr\/wp-json\/wp\/v2\/product_brand?post=14834"},{"taxonomy":"product_cat","embeddable":true,"href":"https:\/\/boreait.com\/fr\/wp-json\/wp\/v2\/product_cat?post=14834"},{"taxonomy":"product_tag","embeddable":true,"href":"https:\/\/boreait.com\/fr\/wp-json\/wp\/v2\/product_tag?post=14834"}],"curies":[{"name":"wp","href":"https:\/\/api.w.org\/{rel}","templated":true}]}}