{"id":14600,"date":"2025-09-15T17:08:34","date_gmt":"2025-09-15T15:08:34","guid":{"rendered":"https:\/\/boreait.com\/fr\/?post_type=product&#038;p=14600"},"modified":"2025-09-15T17:12:09","modified_gmt":"2025-09-15T15:12:09","slug":"lecteur-optique-cd-dvd-rw-ibm-lenovo-thinkpad-t400-t410-t500-uj880a-42t2545","status":"publish","type":"product","link":"https:\/\/boreait.com\/fr\/produit\/lecteur-optique-cd-dvd-rw-ibm-lenovo-thinkpad-t400-t410-t500-uj880a-42t2545\/","title":{"rendered":"Lecteur optique CD-DVD-RW IBM Lenovo ThinkPad T400 T410 T500 UJ880A 42T2545"},"content":{"rendered":"<p><strong>Pr\u00e9sentation du produit<\/strong><\/p>\n<p>Mettez \u00e0 niveau ou remplacez le lecteur optique de votre IBM Lenovo ThinkPad T400, T410 ou T500 par le lecteur optique SATA CD\/DVD-RW UJ880A (num\u00e9ro de FRU\u00a0: 42T2545). Ce lecteur vous permet de lire et d&rsquo;\u00e9crire des CD et des DVD, essentiels au stockage de donn\u00e9es, \u00e0 l&rsquo;installation de logiciels et \u00e0 la lecture multim\u00e9dia. <\/p>\n<p><strong>Principales caract\u00e9ristiques<\/strong><\/p>\n<ul>\n<li><strong>Compatibilit\u00e9 des mod\u00e8les<\/strong>\u00a0: Con\u00e7u sp\u00e9cifiquement pour les mod\u00e8les IBM Lenovo ThinkPad T400, T410 et T500.<\/li>\n<li><strong>Num\u00e9ro FRU<\/strong>\u00a0: 42T2545 garantit la compatibilit\u00e9 et la conformit\u00e9 aux normes OEM.<\/li>\n<li><strong>Prise en charge des supports optiques<\/strong>\u00a0: Lecture et gravure de CD et DVD en toute simplicit\u00e9.<\/li>\n<li><strong>Interface SATA<\/strong>\u00a0: Garantit des taux de transfert de donn\u00e9es rapides et des performances fiables.<\/li>\n<li><strong>Plug-and-Play<\/strong>\u00a0: Con\u00e7u pour une installation facile, minimisant les temps d&rsquo;arr\u00eat.<\/li>\n<\/ul>\n<p><strong>Pourquoi choisir notre lecteur optique\u00a0?<\/strong><\/p>\n<ul>\n<li><strong>Fonctionnalit\u00e9s am\u00e9lior\u00e9es<\/strong>\u00a0: Profitez de la possibilit\u00e9 de lire et d&rsquo;\u00e9crire des disques optiques. Sans effort.<\/li>\n<li><strong>Assurance qualit\u00e9<\/strong>\u00a0: Conforme \u00e0 des normes de qualit\u00e9 strictes en mati\u00e8re de performance et de fiabilit\u00e9.<\/li>\n<li><strong>Assistance client<\/strong>\u00a0: Nous proposons une assistance pour l&rsquo;installation et les questions relatives aux produits.<\/li>\n<\/ul>\n<p><strong>Mettez \u00e0 niveau le lecteur optique de votre ThinkPad<\/strong><\/p>\n<p>Mettez \u00e0 niveau ou remplacez le lecteur optique de votre IBM Lenovo ThinkPad T400, T410 ou T500 par le lecteur optique SATA CD\/DVD-RW UJ880A (num\u00e9ro de FRU\u00a0: 42T2545). Commandez d\u00e8s maintenant pour une livraison rapide et optimisez les fonctionnalit\u00e9s de votre ordinateur portable.<\/p>\n","protected":false},"excerpt":{"rendered":"<p>Mettez \u00e0 niveau ou remplacez le lecteur optique de votre IBM Lenovo ThinkPad T400, T410 ou T500 par ce lecteur CD\/DVD-RW SATA (FRU\u00a0: 42T2545).<\/p>\n","protected":false},"featured_media":14662,"template":"","meta":[],"product_brand":[],"product_cat":[63],"product_tag":[62],"class_list":{"0":"post-14600","1":"product","2":"type-product","3":"status-publish","4":"has-post-thumbnail","6":"product_cat-motherboards-board-parts","7":"product_tag-lenovo","9":"first","10":"instock","11":"taxable","12":"shipping-taxable","13":"purchasable","14":"product-type-simple"},"_links":{"self":[{"href":"https:\/\/boreait.com\/fr\/wp-json\/wp\/v2\/product\/14600","targetHints":{"allow":["GET"]}}],"collection":[{"href":"https:\/\/boreait.com\/fr\/wp-json\/wp\/v2\/product"}],"about":[{"href":"https:\/\/boreait.com\/fr\/wp-json\/wp\/v2\/types\/product"}],"wp:featuredmedia":[{"embeddable":true,"href":"https:\/\/boreait.com\/fr\/wp-json\/wp\/v2\/media\/14662"}],"wp:attachment":[{"href":"https:\/\/boreait.com\/fr\/wp-json\/wp\/v2\/media?parent=14600"}],"wp:term":[{"taxonomy":"product_brand","embeddable":true,"href":"https:\/\/boreait.com\/fr\/wp-json\/wp\/v2\/product_brand?post=14600"},{"taxonomy":"product_cat","embeddable":true,"href":"https:\/\/boreait.com\/fr\/wp-json\/wp\/v2\/product_cat?post=14600"},{"taxonomy":"product_tag","embeddable":true,"href":"https:\/\/boreait.com\/fr\/wp-json\/wp\/v2\/product_tag?post=14600"}],"curies":[{"name":"wp","href":"https:\/\/api.w.org\/{rel}","templated":true}]}}