{"id":14528,"date":"2025-09-15T17:05:51","date_gmt":"2025-09-15T15:05:51","guid":{"rendered":"https:\/\/boreait.com\/fr\/?post_type=product&#038;p=14528"},"modified":"2026-01-31T07:46:29","modified_gmt":"2026-01-31T06:46:29","slug":"module-wi-fi-atheros-ar5bxb63-pour-fujitsu-esprimo-v6535","status":"publish","type":"product","link":"https:\/\/boreait.com\/fr\/produit\/module-wi-fi-atheros-ar5bxb63-pour-fujitsu-esprimo-v6535\/","title":{"rendered":"Module Wi-Fi Atheros AR5BXB63 pour Fujitsu Esprimo V6535"},"content":{"rendered":"<p><strong>Pr\u00e9sentation du produit<\/strong><\/p>\n<p>Optimisez votre Fujitsu Esprimo Mobile V6535 avec le module Wi-Fi Mini PCI Express Atheros AR5BXB63. Ce module est con\u00e7u pour offrir une connectivit\u00e9 sans fil fiable, vous permettant de rester connect\u00e9 o\u00f9 que vous soyez. <\/p>\n<p><strong>Principales caract\u00e9ristiques<\/strong><\/p>\n<ul>\n<li><strong>Compatibilit\u00e9 des mod\u00e8les<\/strong>\u00a0: Compatible avec les ordinateurs portables Fujitsu Esprimo Mobile V6535.<\/li>\n<li><strong>Connectivit\u00e9 sans fil<\/strong>\u00a0: Prise en charge du Wi-Fi, garantissant un acc\u00e8s Internet fluide.<\/li>\n<li><strong>Interface Mini PCI Express<\/strong>\u00a0: Design compact pour une installation et une int\u00e9gration faciles.<\/li>\n<li><strong>Performances fiables<\/strong>\u00a0: La marque Atheros garantit des normes de qualit\u00e9 \u00e9lev\u00e9es et des performances fiables.<\/li>\n<li><strong>Installation facile<\/strong>\u00a0: Simple \u00e0 installer, elle vous permet de mettre \u00e0 niveau rapidement les capacit\u00e9s Wi-Fi de votre ordinateur portable.<\/li>\n<\/ul>\n<p><strong>Pourquoi choisir notre module Wi-Fi Atheros AR5BXB63\u00a0?<\/strong><\/p>\n<ul>\n<li><strong>Connectivit\u00e9 am\u00e9lior\u00e9e<\/strong>\u00a0: Restez connect\u00e9 avec une connexion fiable Connectivit\u00e9 Wi-Fi pour la navigation, le streaming et bien plus encore.<\/li>\n<li><strong>Assurance qualit\u00e9<\/strong>\u00a0: L&rsquo;Atheros AR5BXB63 est reconnu pour sa qualit\u00e9 et ses performances.<\/li>\n<li><strong>Service client<\/strong>\u00a0: Nous nous engageons \u00e0 fournir un service client d&rsquo;excellence. Contactez-nous pour toute question ou assistance.<\/li>\n<\/ul>\n<p><strong>Am\u00e9liorez la connectivit\u00e9 Wi-Fi de votre ordinateur portable<\/strong><\/p>\n<p>\u00c9quipez votre Fujitsu Esprimo Mobile V6535 du module Wi-Fi Mini PCI Express Atheros AR5BXB63 et profitez d&rsquo;une connectivit\u00e9 sans fil am\u00e9lior\u00e9e. Commandez d\u00e8s maintenant pour une livraison rapide et des performances am\u00e9lior\u00e9es.<\/p>\n","protected":false},"excerpt":{"rendered":"<p>Mettez \u00e0 niveau votre Fujitsu Esprimo Mobile V6535 avec le module Wi-Fi Mini PCI Express Atheros AR5BXB63.<\/p>\n","protected":false},"featured_media":14594,"template":"","meta":[],"product_brand":[],"product_cat":[63],"product_tag":[64],"class_list":{"0":"post-14528","1":"product","2":"type-product","3":"status-publish","4":"has-post-thumbnail","6":"product_cat-motherboards-board-parts","7":"product_tag-fujitsu","9":"first","10":"instock","11":"taxable","12":"shipping-taxable","13":"purchasable","14":"product-type-simple"},"_links":{"self":[{"href":"https:\/\/boreait.com\/fr\/wp-json\/wp\/v2\/product\/14528","targetHints":{"allow":["GET"]}}],"collection":[{"href":"https:\/\/boreait.com\/fr\/wp-json\/wp\/v2\/product"}],"about":[{"href":"https:\/\/boreait.com\/fr\/wp-json\/wp\/v2\/types\/product"}],"wp:featuredmedia":[{"embeddable":true,"href":"https:\/\/boreait.com\/fr\/wp-json\/wp\/v2\/media\/14594"}],"wp:attachment":[{"href":"https:\/\/boreait.com\/fr\/wp-json\/wp\/v2\/media?parent=14528"}],"wp:term":[{"taxonomy":"product_brand","embeddable":true,"href":"https:\/\/boreait.com\/fr\/wp-json\/wp\/v2\/product_brand?post=14528"},{"taxonomy":"product_cat","embeddable":true,"href":"https:\/\/boreait.com\/fr\/wp-json\/wp\/v2\/product_cat?post=14528"},{"taxonomy":"product_tag","embeddable":true,"href":"https:\/\/boreait.com\/fr\/wp-json\/wp\/v2\/product_tag?post=14528"}],"curies":[{"name":"wp","href":"https:\/\/api.w.org\/{rel}","templated":true}]}}