{"id":14479,"date":"2025-09-15T17:03:51","date_gmt":"2025-09-15T15:03:51","guid":{"rendered":"https:\/\/boreait.com\/fr\/?post_type=product&#038;p=14479"},"modified":"2025-09-15T17:06:30","modified_gmt":"2025-09-15T15:06:30","slug":"pieces-dorigine-pour-ordinateur-portable-fujitsu-lifebook-ah531-a531-cover-matrix-cp515924-01","status":"publish","type":"product","link":"https:\/\/boreait.com\/fr\/produit\/pieces-dorigine-pour-ordinateur-portable-fujitsu-lifebook-ah531-a531-cover-matrix-cp515924-01\/","title":{"rendered":"Pi\u00e8ces d&rsquo;origine pour ordinateur portable Fujitsu Lifebook AH531 A531 Cover Matrix CP515924-01"},"content":{"rendered":"<p>Am\u00e9liorez les performances et l&rsquo;apparence de votre Fujitsu Lifebook AH531 ou A531 avec la matrice de protection CP515924-01 d&rsquo;origine Fujitsu Lifebook AH531 A531. Con\u00e7ue pour r\u00e9pondre aux normes de qualit\u00e9 et de compatibilit\u00e9 les plus strictes, cette matrice de protection de remplacement s&rsquo;adapte parfaitement \u00e0 votre ordinateur portable, garantissant une int\u00e9gration parfaite et un design \u00e9l\u00e9gant.<\/p>\n<p>Que votre coque actuelle soit endommag\u00e9e ou que vous souhaitiez la remplacer, cette pi\u00e8ce d&rsquo;origine Fujitsu offre la durabilit\u00e9 et la fiabilit\u00e9 dont vous avez besoin. Fabriqu\u00e9e \u00e0 partir de mat\u00e9riaux de haute qualit\u00e9, la matrice de protection CP515924-01 est con\u00e7ue pour durer, offrant \u00e0 votre ordinateur portable une protection durable et le maintenant en parfait \u00e9tat.<\/p>\n<p>L&rsquo;installation est simple, ce qui facilite le remplacement de votre ancienne coque par cette pi\u00e8ce d&rsquo;origine. Gr\u00e2ce \u00e0 sa conception pr\u00e9cise et \u00e0 sa construction robuste, vous pouvez \u00eatre s\u00fbr que votre Fujitsu Lifebook AH531 ou A531 sera comme neuf.<\/p>\n<p>Profitez des avantages des pi\u00e8ces d&rsquo;origine Fujitsu et maintenez votre ordinateur portable en parfait \u00e9tat gr\u00e2ce \u00e0 la matrice de couverture Fujitsu Lifebook AH531 A531 CP515924-01. Commandez la v\u00f4tre d\u00e8s aujourd&rsquo;hui et offrez \u00e0 votre ordinateur portable la qualit\u00e9 sup\u00e9rieure qu&rsquo;il m\u00e9rite.<\/p>\n","protected":false},"excerpt":{"rendered":"<p>Restaurez votre Fujitsu Lifebook AH531 ou A531 avec cette matrice de protection d&rsquo;origine CP515924-01. Con\u00e7ue pour une int\u00e9gration parfaite, cette pi\u00e8ce de rechange de haute qualit\u00e9 garantit durabilit\u00e9 et fiabilit\u00e9 \u00e0 votre ordinateur portable.<\/p>\n","protected":false},"featured_media":14543,"template":"","meta":[],"product_brand":[],"product_cat":[52],"product_tag":[],"class_list":{"0":"post-14479","1":"product","2":"type-product","3":"status-publish","4":"has-post-thumbnail","6":"product_cat-laptop-housing","8":"first","9":"instock","10":"taxable","11":"shipping-taxable","12":"purchasable","13":"product-type-simple"},"_links":{"self":[{"href":"https:\/\/boreait.com\/fr\/wp-json\/wp\/v2\/product\/14479","targetHints":{"allow":["GET"]}}],"collection":[{"href":"https:\/\/boreait.com\/fr\/wp-json\/wp\/v2\/product"}],"about":[{"href":"https:\/\/boreait.com\/fr\/wp-json\/wp\/v2\/types\/product"}],"wp:featuredmedia":[{"embeddable":true,"href":"https:\/\/boreait.com\/fr\/wp-json\/wp\/v2\/media\/14543"}],"wp:attachment":[{"href":"https:\/\/boreait.com\/fr\/wp-json\/wp\/v2\/media?parent=14479"}],"wp:term":[{"taxonomy":"product_brand","embeddable":true,"href":"https:\/\/boreait.com\/fr\/wp-json\/wp\/v2\/product_brand?post=14479"},{"taxonomy":"product_cat","embeddable":true,"href":"https:\/\/boreait.com\/fr\/wp-json\/wp\/v2\/product_cat?post=14479"},{"taxonomy":"product_tag","embeddable":true,"href":"https:\/\/boreait.com\/fr\/wp-json\/wp\/v2\/product_tag?post=14479"}],"curies":[{"name":"wp","href":"https:\/\/api.w.org\/{rel}","templated":true}]}}