{"id":14476,"date":"2025-09-15T17:03:49","date_gmt":"2025-09-15T15:03:49","guid":{"rendered":"https:\/\/boreait.com\/fr\/?post_type=product&#038;p=14476"},"modified":"2025-09-15T17:06:07","modified_gmt":"2025-09-15T15:06:07","slug":"repose-poignets-avant-pour-hp-chromebook-14-g5-dorigine-pieces-detachees-pour-ordinateur-portable","status":"publish","type":"product","link":"https:\/\/boreait.com\/fr\/produit\/repose-poignets-avant-pour-hp-chromebook-14-g5-dorigine-pieces-detachees-pour-ordinateur-portable\/","title":{"rendered":"Repose-poignets avant pour HP Chromebook 14 G5 d&rsquo;origine &#8211; Pi\u00e8ces d\u00e9tach\u00e9es pour ordinateur portable"},"content":{"rendered":"<p>Restaurez l&rsquo;\u00e9tat d&rsquo;origine de votre HP Chromebook 14 G5 gr\u00e2ce \u00e0 l&rsquo;assemblage avant du repose-poignets d&rsquo;origine. Cette pi\u00e8ce de rechange de haute qualit\u00e9 est soigneusement con\u00e7ue pour correspondre parfaitement aux sp\u00e9cifications de votre HP Chromebook, garantissant un ajustement parfait et un look impeccable.<\/p>\n<p>Fabriqu\u00e9 \u00e0 partir de mat\u00e9riaux durables, cet assemblage avant du repose-poignets am\u00e9liore non seulement l&rsquo;esth\u00e9tique de votre appareil, mais offre \u00e9galement le soutien et le confort n\u00e9cessaires \u00e0 une utilisation quotidienne. Que votre repose-poignets actuel soit us\u00e9 ou endommag\u00e9, cette pi\u00e8ce de rechange HP d&rsquo;origine restaurera l&rsquo;apparence et le confort d&rsquo;origine de votre ordinateur portable.<\/p>\n<p>Facile \u00e0 installer, cet assemblage avant du repose-poignets offre une solution simple pour la r\u00e9paration de votre Chromebook. Suivez simplement le processus d&rsquo;installation simple pour redonner \u00e0 votre appareil un aspect neuf et des fonctionnalit\u00e9s am\u00e9lior\u00e9es.<\/p>\n<p>D\u00e9couvrez la qualit\u00e9 et la fiabilit\u00e9 des pi\u00e8ces HP d&rsquo;origine. Commandez l&rsquo;assemblage avant du repose-poignets d&rsquo;origine pour HP Chromebook 14 G5 d\u00e8s aujourd&rsquo;hui et profitez d&rsquo;un ordinateur portable enti\u00e8rement restaur\u00e9, performant et comme neuf.<\/p>\n","protected":false},"excerpt":{"rendered":"<p>Restaurez votre HP Chromebook 14 G5 avec cet ensemble repose-poignets avant d&rsquo;origine. Con\u00e7u pour une finition et un ajustement parfaits, ce remplacement garantit \u00e0 votre Chromebook un aspect neuf. Facile \u00e0 installer, c&rsquo;est la solution id\u00e9ale pour la r\u00e9paration de votre ordinateur portable.<\/p>\n","protected":false},"featured_media":14535,"template":"","meta":[],"product_brand":[],"product_cat":[52],"product_tag":[],"class_list":{"0":"post-14476","1":"product","2":"type-product","3":"status-publish","4":"has-post-thumbnail","6":"product_cat-laptop-housing","8":"first","9":"instock","10":"taxable","11":"shipping-taxable","12":"purchasable","13":"product-type-simple"},"_links":{"self":[{"href":"https:\/\/boreait.com\/fr\/wp-json\/wp\/v2\/product\/14476","targetHints":{"allow":["GET"]}}],"collection":[{"href":"https:\/\/boreait.com\/fr\/wp-json\/wp\/v2\/product"}],"about":[{"href":"https:\/\/boreait.com\/fr\/wp-json\/wp\/v2\/types\/product"}],"wp:featuredmedia":[{"embeddable":true,"href":"https:\/\/boreait.com\/fr\/wp-json\/wp\/v2\/media\/14535"}],"wp:attachment":[{"href":"https:\/\/boreait.com\/fr\/wp-json\/wp\/v2\/media?parent=14476"}],"wp:term":[{"taxonomy":"product_brand","embeddable":true,"href":"https:\/\/boreait.com\/fr\/wp-json\/wp\/v2\/product_brand?post=14476"},{"taxonomy":"product_cat","embeddable":true,"href":"https:\/\/boreait.com\/fr\/wp-json\/wp\/v2\/product_cat?post=14476"},{"taxonomy":"product_tag","embeddable":true,"href":"https:\/\/boreait.com\/fr\/wp-json\/wp\/v2\/product_tag?post=14476"}],"curies":[{"name":"wp","href":"https:\/\/api.w.org\/{rel}","templated":true}]}}