{"id":14464,"date":"2025-09-15T17:03:23","date_gmt":"2025-09-15T15:03:23","guid":{"rendered":"https:\/\/boreait.com\/fr\/?post_type=product&#038;p=14464"},"modified":"2025-09-15T17:05:56","modified_gmt":"2025-09-15T15:05:56","slug":"pieces-de-rechange-pour-clavier-repose-poignets-pour-ordinateur-portable-hp-chromebook-11-g8-ee","status":"publish","type":"product","link":"https:\/\/boreait.com\/fr\/produit\/pieces-de-rechange-pour-clavier-repose-poignets-pour-ordinateur-portable-hp-chromebook-11-g8-ee\/","title":{"rendered":"Pi\u00e8ces de rechange pour clavier repose-poignets pour ordinateur portable HP Chromebook 11 G8 EE"},"content":{"rendered":"<p>Am\u00e9liorez l&rsquo;ergonomie et l&rsquo;apparence de votre ordinateur portable HP Chromebook 11 G8 EE gr\u00e2ce aux pi\u00e8ces de rechange OEM pour repose-poignets et clavier. Con\u00e7u avec pr\u00e9cision et durabilit\u00e9, cet ensemble repose-poignets et clavier de rechange HP d&rsquo;origine s&rsquo;int\u00e8gre parfaitement \u00e0 votre appareil, garantissant un ajustement parfait et des performances fiables.<\/p>\n<p>Que votre repose-poignets et votre clavier actuels soient endommag\u00e9s, us\u00e9s ou aient simplement besoin d&rsquo;\u00eatre mis \u00e0 niveau, cette pi\u00e8ce de rechange OEM est la solution id\u00e9ale. Restaurez facilement les fonctionnalit\u00e9s et l&rsquo;esth\u00e9tique de votre ordinateur portable gr\u00e2ce \u00e0 une installation simple et \u00e0 l&rsquo;assurance qualit\u00e9 HP d&rsquo;origine.<\/p>\n<p>Fabriqu\u00e9 avec des mat\u00e9riaux de haute qualit\u00e9 et con\u00e7u pour durer, cet ensemble repose-poignets et clavier offre une durabilit\u00e9 et une fiabilit\u00e9 dignes de confiance. Dites adieu aux exp\u00e9riences de frappe frustrantes et aux dommages inesth\u00e9tiques du repose-poignets\u00a0; d\u00e9couvrez un ordinateur portable HP Chromebook 11 G8 EE remis \u00e0 neuf et enti\u00e8rement fonctionnel. <\/p>\n<p>D\u00e9couvrez la diff\u00e9rence que peuvent faire les pi\u00e8ces de rechange HP d&rsquo;origine et redonnez vie \u00e0 votre ordinateur portable gr\u00e2ce aux pi\u00e8ces de rechange pour clavier repose-poignets pour ordinateur portable HP Chromebook 11 G8 EE. Commandez d\u00e8s maintenant et profitez d&rsquo;une exp\u00e9rience de frappe fluide et d&rsquo;une esth\u00e9tique am\u00e9lior\u00e9e pour votre appareil.<\/p>\n","protected":false},"excerpt":{"rendered":"<p>Remplacez le repose-poignet et le clavier endommag\u00e9s ou us\u00e9s de votre ordinateur portable HP Chromebook 11 G8 EE par cette pi\u00e8ce de rechange OEM. Con\u00e7u pour une installation facile et une compatibilit\u00e9 optimale, cet ensemble repose-poignet et clavier HP d&rsquo;origine garantit des performances et des fonctionnalit\u00e9s optimales pour votre appareil.<\/p>\n","protected":false},"featured_media":14531,"template":"","meta":[],"product_brand":[],"product_cat":[52],"product_tag":[61],"class_list":{"0":"post-14464","1":"product","2":"type-product","3":"status-publish","4":"has-post-thumbnail","6":"product_cat-laptop-housing","7":"product_tag-hp","9":"first","10":"instock","11":"taxable","12":"shipping-taxable","13":"purchasable","14":"product-type-simple"},"_links":{"self":[{"href":"https:\/\/boreait.com\/fr\/wp-json\/wp\/v2\/product\/14464","targetHints":{"allow":["GET"]}}],"collection":[{"href":"https:\/\/boreait.com\/fr\/wp-json\/wp\/v2\/product"}],"about":[{"href":"https:\/\/boreait.com\/fr\/wp-json\/wp\/v2\/types\/product"}],"wp:featuredmedia":[{"embeddable":true,"href":"https:\/\/boreait.com\/fr\/wp-json\/wp\/v2\/media\/14531"}],"wp:attachment":[{"href":"https:\/\/boreait.com\/fr\/wp-json\/wp\/v2\/media?parent=14464"}],"wp:term":[{"taxonomy":"product_brand","embeddable":true,"href":"https:\/\/boreait.com\/fr\/wp-json\/wp\/v2\/product_brand?post=14464"},{"taxonomy":"product_cat","embeddable":true,"href":"https:\/\/boreait.com\/fr\/wp-json\/wp\/v2\/product_cat?post=14464"},{"taxonomy":"product_tag","embeddable":true,"href":"https:\/\/boreait.com\/fr\/wp-json\/wp\/v2\/product_tag?post=14464"}],"curies":[{"name":"wp","href":"https:\/\/api.w.org\/{rel}","templated":true}]}}