{"id":14463,"date":"2025-09-15T17:03:22","date_gmt":"2025-09-15T15:03:22","guid":{"rendered":"https:\/\/boreait.com\/fr\/?post_type=product&#038;p=14463"},"modified":"2025-09-15T17:05:46","modified_gmt":"2025-09-15T15:05:46","slug":"pieces-de-rechange-dorigine-pour-ecran-lcd-hp-chromebook-11-g8-ee","status":"publish","type":"product","link":"https:\/\/boreait.com\/fr\/produit\/pieces-de-rechange-dorigine-pour-ecran-lcd-hp-chromebook-11-g8-ee\/","title":{"rendered":"Pi\u00e8ces de rechange d&rsquo;origine pour \u00e9cran LCD HP Chromebook 11 G8 EE"},"content":{"rendered":"<p>Donnez un nouveau look \u00e0 votre HP Chromebook 11 G8 EE avec le cache \u00e9cran LCD de remplacement d&rsquo;origine pour HP Chromebook 11 G8 EE. Fabriqu\u00e9 avec pr\u00e9cision et con\u00e7u pour une compatibilit\u00e9 optimale, ce cache s&rsquo;int\u00e8gre parfaitement \u00e0 votre appareil, garantissant un ajustement parfait et des performances fiables.<\/p>\n<p>Fabriqu\u00e9e avec des mat\u00e9riaux durables, cette pi\u00e8ce de rechange d&rsquo;origine est con\u00e7ue pour r\u00e9sister \u00e0 l&rsquo;usure quotidienne et offrir une protection durable \u00e0 l&rsquo;\u00e9cran LCD de votre ordinateur portable. Que vous souhaitiez remplacer un cache \u00e9cran endommag\u00e9 ou simplement rafra\u00eechir l&rsquo;apparence de votre appareil, cette pi\u00e8ce HP d&rsquo;origine est la solution id\u00e9ale.<\/p>\n<p>Facile \u00e0 installer et con\u00e7u pour un remplacement sans tracas, ce cache \u00e9cran LCD vous permet de restaurer rapidement et facilement l&rsquo;\u00e9tat d&rsquo;origine de votre HP Chromebook 11 G8 EE. Gr\u00e2ce \u00e0 son design \u00e9l\u00e9gant et \u00e0 ses performances fiables, vous pouvez \u00eatre s\u00fbr que votre ordinateur portable sera comme neuf.<\/p>\n<p>D\u00e9couvrez la qualit\u00e9 et la fiabilit\u00e9 des pi\u00e8ces d&rsquo;origine HP et assurez-vous que votre HP Chromebook 11 G8 EE reste en parfait \u00e9tat. Am\u00e9liorez votre appareil d\u00e8s aujourd&rsquo;hui avec le cache LCD de remplacement pour HP Chromebook 11 G8 EE et profitez d&rsquo;une exp\u00e9rience d&rsquo;ordinateur portable repens\u00e9e et rajeunie.<\/p>\n","protected":false},"excerpt":{"rendered":"<p>Redonnez \u00e0 votre HP Chromebook 11 G8 EE son aspect \u00e9l\u00e9gant gr\u00e2ce \u00e0 ce cache LCD de remplacement d&rsquo;origine. Fabriqu\u00e9 avec des mat\u00e9riaux durables et con\u00e7u pour un ajustement parfait, ce cache pr\u00e9servera l&rsquo;aspect et le fonctionnement de votre ordinateur portable comme neuf.<\/p>\n","protected":false},"featured_media":14523,"template":"","meta":[],"product_brand":[],"product_cat":[52],"product_tag":[61],"class_list":{"0":"post-14463","1":"product","2":"type-product","3":"status-publish","4":"has-post-thumbnail","6":"product_cat-laptop-housing","7":"product_tag-hp","9":"first","10":"instock","11":"taxable","12":"shipping-taxable","13":"purchasable","14":"product-type-simple"},"_links":{"self":[{"href":"https:\/\/boreait.com\/fr\/wp-json\/wp\/v2\/product\/14463","targetHints":{"allow":["GET"]}}],"collection":[{"href":"https:\/\/boreait.com\/fr\/wp-json\/wp\/v2\/product"}],"about":[{"href":"https:\/\/boreait.com\/fr\/wp-json\/wp\/v2\/types\/product"}],"wp:featuredmedia":[{"embeddable":true,"href":"https:\/\/boreait.com\/fr\/wp-json\/wp\/v2\/media\/14523"}],"wp:attachment":[{"href":"https:\/\/boreait.com\/fr\/wp-json\/wp\/v2\/media?parent=14463"}],"wp:term":[{"taxonomy":"product_brand","embeddable":true,"href":"https:\/\/boreait.com\/fr\/wp-json\/wp\/v2\/product_brand?post=14463"},{"taxonomy":"product_cat","embeddable":true,"href":"https:\/\/boreait.com\/fr\/wp-json\/wp\/v2\/product_cat?post=14463"},{"taxonomy":"product_tag","embeddable":true,"href":"https:\/\/boreait.com\/fr\/wp-json\/wp\/v2\/product_tag?post=14463"}],"curies":[{"name":"wp","href":"https:\/\/api.w.org\/{rel}","templated":true}]}}