{"id":14462,"date":"2025-09-15T17:03:20","date_gmt":"2025-09-15T15:03:20","guid":{"rendered":"https:\/\/boreait.com\/fr\/?post_type=product&#038;p=14462"},"modified":"2025-09-15T17:05:40","modified_gmt":"2025-09-15T15:05:40","slug":"charniere-de-rechange-dorigine-pour-ordinateur-portable-hp-chromebook-14-g5","status":"publish","type":"product","link":"https:\/\/boreait.com\/fr\/produit\/charniere-de-rechange-dorigine-pour-ordinateur-portable-hp-chromebook-14-g5\/","title":{"rendered":"Charni\u00e8re de rechange d&rsquo;origine pour ordinateur portable HP Chromebook 14 G5"},"content":{"rendered":"<p>Redonnez vie \u00e0 votre ordinateur portable HP Chromebook 14 G5 avec la charni\u00e8re de rechange d&rsquo;origine. Con\u00e7ue pour une compatibilit\u00e9 et une durabilit\u00e9 optimales, cette charni\u00e8re de rechange d&rsquo;origine garantit un fonctionnement optimal et des performances durables.<\/p>\n<p>Con\u00e7ue pour r\u00e9pondre aux normes de qualit\u00e9 et de fiabilit\u00e9 les plus strictes, cette charni\u00e8re de rechange d&rsquo;origine est con\u00e7ue pour restaurer les fonctionnalit\u00e9s d&rsquo;origine de votre HP Chromebook 14 G5. Que vous ayez une charni\u00e8re cass\u00e9e ou que vous souhaitiez simplement la mettre \u00e0 niveau, cette pi\u00e8ce de rechange d&rsquo;origine est la solution id\u00e9ale pour vos besoins de r\u00e9paration.<\/p>\n<p>Facile \u00e0 installer et con\u00e7ue pour durer, cette charni\u00e8re de rechange d&rsquo;origine garantit une r\u00e9paration sans tracas. Gr\u00e2ce \u00e0 sa construction robuste et \u00e0 ses performances fiables, vous pouvez \u00eatre s\u00fbr que votre HP Chromebook 14 G5 sera de nouveau op\u00e9rationnel en un rien de temps.<\/p>\n<p>D\u00e9couvrez la diff\u00e9rence des pi\u00e8ces HP d&rsquo;origine et assurez-vous que votre ordinateur portable continue de fonctionner au mieux gr\u00e2ce \u00e0 la charni\u00e8re de rechange d&rsquo;origine. Commandez le v\u00f4tre aujourd&rsquo;hui et restaurez les fonctionnalit\u00e9s de votre ordinateur portable en toute confiance.<\/p>\n","protected":false},"excerpt":{"rendered":"<p>Restaurez les fonctionnalit\u00e9s de votre HP Chromebook 14 G5 gr\u00e2ce \u00e0 cette charni\u00e8re de rechange d&rsquo;origine. Con\u00e7ue pour une installation facile, cette charni\u00e8re OEM garantit durabilit\u00e9 et fiabilit\u00e9, ce qui en fait la solution id\u00e9ale pour vos besoins de r\u00e9paration d&rsquo;ordinateurs portables.<\/p>\n","protected":false},"featured_media":14522,"template":"","meta":[],"product_brand":[],"product_cat":[55],"product_tag":[61],"class_list":{"0":"post-14462","1":"product","2":"type-product","3":"status-publish","4":"has-post-thumbnail","6":"product_cat-screen-hinge","7":"product_tag-hp","9":"first","10":"instock","11":"taxable","12":"shipping-taxable","13":"purchasable","14":"product-type-simple"},"_links":{"self":[{"href":"https:\/\/boreait.com\/fr\/wp-json\/wp\/v2\/product\/14462","targetHints":{"allow":["GET"]}}],"collection":[{"href":"https:\/\/boreait.com\/fr\/wp-json\/wp\/v2\/product"}],"about":[{"href":"https:\/\/boreait.com\/fr\/wp-json\/wp\/v2\/types\/product"}],"wp:featuredmedia":[{"embeddable":true,"href":"https:\/\/boreait.com\/fr\/wp-json\/wp\/v2\/media\/14522"}],"wp:attachment":[{"href":"https:\/\/boreait.com\/fr\/wp-json\/wp\/v2\/media?parent=14462"}],"wp:term":[{"taxonomy":"product_brand","embeddable":true,"href":"https:\/\/boreait.com\/fr\/wp-json\/wp\/v2\/product_brand?post=14462"},{"taxonomy":"product_cat","embeddable":true,"href":"https:\/\/boreait.com\/fr\/wp-json\/wp\/v2\/product_cat?post=14462"},{"taxonomy":"product_tag","embeddable":true,"href":"https:\/\/boreait.com\/fr\/wp-json\/wp\/v2\/product_tag?post=14462"}],"curies":[{"name":"wp","href":"https:\/\/api.w.org\/{rel}","templated":true}]}}