{"id":14461,"date":"2025-09-15T17:03:18","date_gmt":"2025-09-15T15:03:18","guid":{"rendered":"https:\/\/boreait.com\/fr\/?post_type=product&#038;p=14461"},"modified":"2025-09-15T17:05:35","modified_gmt":"2025-09-15T15:05:35","slug":"pieces-de-rechange-dorigine-pour-ordinateur-portable-hp-chromebook-11-g8-ee-n140bga-ea3","status":"publish","type":"product","link":"https:\/\/boreait.com\/fr\/produit\/pieces-de-rechange-dorigine-pour-ordinateur-portable-hp-chromebook-11-g8-ee-n140bga-ea3\/","title":{"rendered":"Pi\u00e8ces de rechange d&rsquo;origine pour ordinateur portable HP Chromebook 11 G8 EE N140BGA-EA3"},"content":{"rendered":"<p>Redonnez vie \u00e0 votre HP Chromebook 11 G8 EE avec le capot sup\u00e9rieur de remplacement HP Chromebook 11 G8 EE N140BGA-EA3 d&rsquo;origine. Fabriqu\u00e9 selon les sp\u00e9cifications OEM, ce capot sup\u00e9rieur de remplacement garantit un ajustement parfait et restaure l&rsquo;\u00e9l\u00e9gance de votre Chromebook.<\/p>\n<p>Fabriqu\u00e9 \u00e0 partir de mat\u00e9riaux durables, ce capot sup\u00e9rieur de remplacement HP d&rsquo;origine est con\u00e7u pour r\u00e9sister \u00e0 une utilisation quotidienne et offrir des performances durables. Que votre capot sup\u00e9rieur actuel soit endommag\u00e9, fissur\u00e9 ou pr\u00e9sente simplement des signes d&rsquo;usure, cette pi\u00e8ce de rechange d&rsquo;origine offre la solution id\u00e9ale pour moderniser votre appareil.<\/p>\n<p>L&rsquo;installation est un jeu d&rsquo;enfant\u00a0: remplacez rapidement et facilement votre ancien capot par cette pi\u00e8ce de rechange HP d&rsquo;origine. Retirez simplement l&rsquo;ancien capot et enclenchez le nouveau pour une mise \u00e0 niveau sans tracas.<\/p>\n<p>Assurez-vous que votre HP Chromebook 11 G8 EE conserve son apparence et ses performances optimales gr\u00e2ce au capot sup\u00e9rieur de remplacement HP Chromebook 11 G8 EE N140BGA-EA3 d&rsquo;origine. Commandez le v\u00f4tre d\u00e8s aujourd&rsquo;hui et profitez d&rsquo;une confiance renouvel\u00e9e dans l&rsquo;apparence et la fonctionnalit\u00e9 de votre appareil.<\/p>\n","protected":false},"excerpt":{"rendered":"<p>Remplacez le capot sup\u00e9rieur de votre HP Chromebook 11 G8 EE N140BGA-EA3 endommag\u00e9 ou us\u00e9 par cette pi\u00e8ce de rechange d&rsquo;origine. Con\u00e7u pour une installation facile, ce capot sup\u00e9rieur de haute qualit\u00e9 assure un ajustement parfait et redonne \u00e0 votre Chromebook son aspect \u00e9l\u00e9gant.<\/p>\n","protected":false},"featured_media":14520,"template":"","meta":[],"product_brand":[],"product_cat":[52],"product_tag":[61],"class_list":{"0":"post-14461","1":"product","2":"type-product","3":"status-publish","4":"has-post-thumbnail","6":"product_cat-laptop-housing","7":"product_tag-hp","9":"first","10":"instock","11":"taxable","12":"shipping-taxable","13":"purchasable","14":"product-type-simple"},"_links":{"self":[{"href":"https:\/\/boreait.com\/fr\/wp-json\/wp\/v2\/product\/14461","targetHints":{"allow":["GET"]}}],"collection":[{"href":"https:\/\/boreait.com\/fr\/wp-json\/wp\/v2\/product"}],"about":[{"href":"https:\/\/boreait.com\/fr\/wp-json\/wp\/v2\/types\/product"}],"wp:featuredmedia":[{"embeddable":true,"href":"https:\/\/boreait.com\/fr\/wp-json\/wp\/v2\/media\/14520"}],"wp:attachment":[{"href":"https:\/\/boreait.com\/fr\/wp-json\/wp\/v2\/media?parent=14461"}],"wp:term":[{"taxonomy":"product_brand","embeddable":true,"href":"https:\/\/boreait.com\/fr\/wp-json\/wp\/v2\/product_brand?post=14461"},{"taxonomy":"product_cat","embeddable":true,"href":"https:\/\/boreait.com\/fr\/wp-json\/wp\/v2\/product_cat?post=14461"},{"taxonomy":"product_tag","embeddable":true,"href":"https:\/\/boreait.com\/fr\/wp-json\/wp\/v2\/product_tag?post=14461"}],"curies":[{"name":"wp","href":"https:\/\/api.w.org\/{rel}","templated":true}]}}