{"id":14454,"date":"2025-09-15T17:02:49","date_gmt":"2025-09-15T15:02:49","guid":{"rendered":"https:\/\/boreait.com\/fr\/?post_type=product&#038;p=14454"},"modified":"2026-01-31T07:04:38","modified_gmt":"2026-01-31T06:04:38","slug":"module-sans-fil-wlan-de-remplacement-pour-hp-chromebook-11-g8-ee-pieces-dorigine-pour-ordinateur-portable","status":"publish","type":"product","link":"https:\/\/boreait.com\/fr\/produit\/module-sans-fil-wlan-de-remplacement-pour-hp-chromebook-11-g8-ee-pieces-dorigine-pour-ordinateur-portable\/","title":{"rendered":"Module sans fil WLAN de remplacement pour HP Chromebook 11 G8 EE, pi\u00e8ces d&rsquo;origine pour ordinateur portable"},"content":{"rendered":"<p>Redonnez vie \u00e0 votre HP Chromebook 11 G8 EE avec le module sans fil WLAN de remplacement pour HP Chromebook 11 G8 EE. Con\u00e7u pour la compatibilit\u00e9 et la fiabilit\u00e9, ce module sans fil WLAN s&rsquo;int\u00e8gre parfaitement \u00e0 votre appareil et r\u00e9tablit une connectivit\u00e9 sans fil optimale.<\/p>\n<p>Fabriqu\u00e9 avec la qualit\u00e9 HP authentique, ce module sans fil de remplacement offre la solution id\u00e9ale pour r\u00e9soudre les probl\u00e8mes de connectivit\u00e9 ou mettre \u00e0 niveau votre appareil. Que vous rencontriez des probl\u00e8mes de Wi-Fi ou que vous cherchiez \u00e0 am\u00e9liorer les performances de votre ordinateur portable, cette pi\u00e8ce de rechange d&rsquo;origine r\u00e9pond aux normes de qualit\u00e9 et de compatibilit\u00e9 les plus strictes.<\/p>\n<p>L&rsquo;installation est un jeu d&rsquo;enfant\u00a0: remplacez votre module sans fil existant et profitez \u00e0 nouveau d&rsquo;une connectivit\u00e9 sans fil fluide. Gr\u00e2ce \u00e0 sa construction robuste et \u00e0 ses performances fiables, vous pouvez \u00eatre s\u00fbr que votre HP Chromebook 11 G8 EE fonctionnera \u00e0 nouveau parfaitement.<\/p>\n<p>D\u00e9couvrez la diff\u00e9rence des pi\u00e8ces HP authentiques et assurez-vous que votre ordinateur portable continue de r\u00e9pondre \u00e0 vos besoins gr\u00e2ce au module sans fil WLAN de remplacement pour HP Chromebook 11 G8 EE. Commandez maintenant et restaurez la fonctionnalit\u00e9 sans fil de votre appareil en toute confiance.<\/p>\n","protected":false},"excerpt":{"rendered":"<p>Restaurez la connectivit\u00e9 sans fil de votre HP Chromebook 11 G8 EE gr\u00e2ce \u00e0 ce module WLAN de remplacement d&rsquo;origine. Con\u00e7u pour une int\u00e9gration fluide et une installation facile, ce module de haute qualit\u00e9 garantit des performances fiables, ce qui en fait la solution id\u00e9ale pour la r\u00e9paration de votre ordinateur portable.<\/p>\n","protected":false},"featured_media":14519,"template":"","meta":[],"product_brand":[],"product_cat":[63],"product_tag":[61],"class_list":{"0":"post-14454","1":"product","2":"type-product","3":"status-publish","4":"has-post-thumbnail","6":"product_cat-motherboards-board-parts","7":"product_tag-hp","9":"first","10":"instock","11":"taxable","12":"shipping-taxable","13":"purchasable","14":"product-type-simple"},"_links":{"self":[{"href":"https:\/\/boreait.com\/fr\/wp-json\/wp\/v2\/product\/14454","targetHints":{"allow":["GET"]}}],"collection":[{"href":"https:\/\/boreait.com\/fr\/wp-json\/wp\/v2\/product"}],"about":[{"href":"https:\/\/boreait.com\/fr\/wp-json\/wp\/v2\/types\/product"}],"wp:featuredmedia":[{"embeddable":true,"href":"https:\/\/boreait.com\/fr\/wp-json\/wp\/v2\/media\/14519"}],"wp:attachment":[{"href":"https:\/\/boreait.com\/fr\/wp-json\/wp\/v2\/media?parent=14454"}],"wp:term":[{"taxonomy":"product_brand","embeddable":true,"href":"https:\/\/boreait.com\/fr\/wp-json\/wp\/v2\/product_brand?post=14454"},{"taxonomy":"product_cat","embeddable":true,"href":"https:\/\/boreait.com\/fr\/wp-json\/wp\/v2\/product_cat?post=14454"},{"taxonomy":"product_tag","embeddable":true,"href":"https:\/\/boreait.com\/fr\/wp-json\/wp\/v2\/product_tag?post=14454"}],"curies":[{"name":"wp","href":"https:\/\/api.w.org\/{rel}","templated":true}]}}