{"id":14453,"date":"2025-09-15T17:02:48","date_gmt":"2025-09-15T15:02:48","guid":{"rendered":"https:\/\/boreait.com\/fr\/?post_type=product&#038;p=14453"},"modified":"2026-01-31T07:04:24","modified_gmt":"2026-01-31T06:04:24","slug":"cable-de-camera-et-webcam-dorigine-pour-ordinateur-portable-hp-chromebook-11-g8-ee-tpn-q232-11a-dd0gahcm020","status":"publish","type":"product","link":"https:\/\/boreait.com\/fr\/produit\/cable-de-camera-et-webcam-dorigine-pour-ordinateur-portable-hp-chromebook-11-g8-ee-tpn-q232-11a-dd0gahcm020\/","title":{"rendered":"C\u00e2ble de cam\u00e9ra et webcam d&rsquo;origine pour ordinateur portable HP Chromebook 11 G8 EE TPN-Q232 11a DD0GAHCM020"},"content":{"rendered":"<p>Redonnez vie \u00e0 votre HP Chromebook 11 G8 EE TPN-Q232 11a avec le c\u00e2ble cam\u00e9ra et webcam DD0GAHCM020 d&rsquo;origine pour HP Chromebook 11 G8 EE TPN-Q232 11a. Con\u00e7u avec pr\u00e9cision et compatibilit\u00e9, ce c\u00e2ble de rechange s&rsquo;int\u00e8gre parfaitement \u00e0 votre appareil et restaure ses fonctionnalit\u00e9s d&rsquo;origine.<\/p>\n<p>Fabriqu\u00e9 avec la qualit\u00e9 HP authentique, ce c\u00e2ble cam\u00e9ra offre une solution fiable pour la r\u00e9paration de votre ordinateur portable. Que vous rencontriez des probl\u00e8mes avec votre c\u00e2ble actuel ou que vous souhaitiez le remplacer, cette pi\u00e8ce de rechange d&rsquo;origine r\u00e9pond aux normes de qualit\u00e9 et de compatibilit\u00e9 les plus strictes.<\/p>\n<p>Gr\u00e2ce \u00e0 son installation facile, ce c\u00e2ble cam\u00e9ra vous garantit une r\u00e9paration sans tracas. Installez simplement le c\u00e2ble et votre HP Chromebook 11 G8 EE TPN-Q232 11a sera pr\u00eat \u00e0 capturer des souvenirs et \u00e0 communiquer \u00e0 nouveau avec vos proches par appels vid\u00e9o.<br \/>\nD\u00e9couvrez la diff\u00e9rence que peuvent faire les pi\u00e8ces HP d&rsquo;origine et assurez-vous que votre ordinateur portable continue de fonctionner de mani\u00e8re optimale avec le c\u00e2ble de cam\u00e9ra et webcam HP Chromebook 11 G8 EE TPN-Q232 11a DD0GAHCM020. Commandez le v\u00f4tre d\u00e8s aujourd&rsquo;hui et restaurez les fonctionnalit\u00e9s de votre ordinateur portable en toute confiance.<\/p>\n","protected":false},"excerpt":{"rendered":"<p>Restaurez les fonctionnalit\u00e9s de l&rsquo;appareil photo de votre HP Chromebook 11 G8 EE TPN-Q232 11a gr\u00e2ce \u00e0 ce c\u00e2ble d&rsquo;origine. Con\u00e7u pour une int\u00e9gration parfaite et une installation facile, ce c\u00e2ble de remplacement de haute qualit\u00e9 garantit des performances fiables, ce qui en fait la solution id\u00e9ale pour la r\u00e9paration de votre ordinateur portable.<\/p>\n","protected":false},"featured_media":14518,"template":"","meta":[],"product_brand":[],"product_cat":[56],"product_tag":[61],"class_list":{"0":"post-14453","1":"product","2":"type-product","3":"status-publish","4":"has-post-thumbnail","6":"product_cat-cables","7":"product_tag-hp","9":"first","10":"instock","11":"taxable","12":"shipping-taxable","13":"purchasable","14":"product-type-simple"},"_links":{"self":[{"href":"https:\/\/boreait.com\/fr\/wp-json\/wp\/v2\/product\/14453","targetHints":{"allow":["GET"]}}],"collection":[{"href":"https:\/\/boreait.com\/fr\/wp-json\/wp\/v2\/product"}],"about":[{"href":"https:\/\/boreait.com\/fr\/wp-json\/wp\/v2\/types\/product"}],"wp:featuredmedia":[{"embeddable":true,"href":"https:\/\/boreait.com\/fr\/wp-json\/wp\/v2\/media\/14518"}],"wp:attachment":[{"href":"https:\/\/boreait.com\/fr\/wp-json\/wp\/v2\/media?parent=14453"}],"wp:term":[{"taxonomy":"product_brand","embeddable":true,"href":"https:\/\/boreait.com\/fr\/wp-json\/wp\/v2\/product_brand?post=14453"},{"taxonomy":"product_cat","embeddable":true,"href":"https:\/\/boreait.com\/fr\/wp-json\/wp\/v2\/product_cat?post=14453"},{"taxonomy":"product_tag","embeddable":true,"href":"https:\/\/boreait.com\/fr\/wp-json\/wp\/v2\/product_tag?post=14453"}],"curies":[{"name":"wp","href":"https:\/\/api.w.org\/{rel}","templated":true}]}}