{"id":14451,"date":"2025-09-15T17:02:46","date_gmt":"2025-09-15T15:02:46","guid":{"rendered":"https:\/\/boreait.com\/fr\/?post_type=product&#038;p=14451"},"modified":"2026-01-31T07:03:51","modified_gmt":"2026-01-31T06:03:51","slug":"ensemble-de-haut-parleurs-gauche-et-droit-pour-chromebook-hp-11-g8-ee-dnpb184c003-vandnpb184c","status":"publish","type":"product","link":"https:\/\/boreait.com\/fr\/produit\/ensemble-de-haut-parleurs-gauche-et-droit-pour-chromebook-hp-11-g8-ee-dnpb184c003-vandnpb184c\/","title":{"rendered":"Ensemble de haut-parleurs gauche et droit pour Chromebook HP 11 G8 EE DNPB184C003 VANDNPB184C"},"content":{"rendered":"<p>Am\u00e9liorez la connectivit\u00e9 de votre HP Chromebook 11 G8 EE avec le module de carte USB de remplacement d&rsquo;origine pour HP Chromebook 11 G8 EE. Fabriqu\u00e9 selon des sp\u00e9cifications pr\u00e9cises, ce module de carte USB de remplacement garantit une int\u00e9gration parfaite avec votre appareil, garantissant des performances et une compatibilit\u00e9 fiables.<\/p>\n<p>Offrant la qualit\u00e9 HP authentique, ce module de carte USB est la solution id\u00e9ale pour restaurer ou mettre \u00e0 niveau les fonctionnalit\u00e9s USB de votre ordinateur portable. Que vous rencontriez des probl\u00e8mes de connectivit\u00e9 ou que vous cherchiez simplement \u00e0 am\u00e9liorer votre appareil, cette pi\u00e8ce de rechange d&rsquo;origine est con\u00e7ue pour r\u00e9pondre aux normes de qualit\u00e9 et de fiabilit\u00e9 les plus strictes.<\/p>\n<p>Facile \u00e0 installer et con\u00e7u pour durer, ce module de carte USB de remplacement offre une solution simple pour la r\u00e9paration de votre ordinateur portable. Gr\u00e2ce \u00e0 sa construction robuste et \u00e0 ses performances fiables, vous pouvez \u00eatre s\u00fbr que votre HP Chromebook 11 G8 EE sera de nouveau op\u00e9rationnel en un rien de temps.<\/p>\n<p>D\u00e9couvrez la diff\u00e9rence que peuvent faire les pi\u00e8ces HP authentiques et assurez-vous que votre ordinateur portable continue de fonctionner au maximum de ses performances gr\u00e2ce au module de carte USB de remplacement d&rsquo;origine pour HP Chromebook 11 G8 EE. Commandez le v\u00f4tre aujourd&rsquo;hui et mettez \u00e0 niveau votre appareil en toute confiance.<\/p>\n","protected":false},"excerpt":{"rendered":"<p>Remplacez le module de carte USB de votre HP Chromebook 11 G8 EE par cette pi\u00e8ce de rechange d&rsquo;origine. Con\u00e7u pour une compatibilit\u00e9 optimale et une installation facile, ce module de haute qualit\u00e9 assure une connectivit\u00e9 et des fonctionnalit\u00e9s optimales \u00e0 votre ordinateur portable.<\/p>\n","protected":false},"featured_media":14511,"template":"","meta":[],"product_brand":[],"product_cat":[54],"product_tag":[61],"class_list":{"0":"post-14451","1":"product","2":"type-product","3":"status-publish","4":"has-post-thumbnail","6":"product_cat-laptop-speakers","7":"product_tag-hp","9":"first","10":"instock","11":"taxable","12":"shipping-taxable","13":"purchasable","14":"product-type-simple"},"_links":{"self":[{"href":"https:\/\/boreait.com\/fr\/wp-json\/wp\/v2\/product\/14451","targetHints":{"allow":["GET"]}}],"collection":[{"href":"https:\/\/boreait.com\/fr\/wp-json\/wp\/v2\/product"}],"about":[{"href":"https:\/\/boreait.com\/fr\/wp-json\/wp\/v2\/types\/product"}],"wp:featuredmedia":[{"embeddable":true,"href":"https:\/\/boreait.com\/fr\/wp-json\/wp\/v2\/media\/14511"}],"wp:attachment":[{"href":"https:\/\/boreait.com\/fr\/wp-json\/wp\/v2\/media?parent=14451"}],"wp:term":[{"taxonomy":"product_brand","embeddable":true,"href":"https:\/\/boreait.com\/fr\/wp-json\/wp\/v2\/product_brand?post=14451"},{"taxonomy":"product_cat","embeddable":true,"href":"https:\/\/boreait.com\/fr\/wp-json\/wp\/v2\/product_cat?post=14451"},{"taxonomy":"product_tag","embeddable":true,"href":"https:\/\/boreait.com\/fr\/wp-json\/wp\/v2\/product_tag?post=14451"}],"curies":[{"name":"wp","href":"https:\/\/api.w.org\/{rel}","templated":true}]}}