{"id":14442,"date":"2025-09-15T17:02:19","date_gmt":"2025-09-15T15:02:19","guid":{"rendered":"https:\/\/boreait.com\/fr\/?post_type=product&#038;p=14442"},"modified":"2025-09-15T17:05:03","modified_gmt":"2025-09-15T15:05:03","slug":"dissipateur-thermique-pour-carte-mere-hp-chromebook-11a-g8-ee-l92813-001-l98485-001","status":"publish","type":"product","link":"https:\/\/boreait.com\/fr\/produit\/dissipateur-thermique-pour-carte-mere-hp-chromebook-11a-g8-ee-l92813-001-l98485-001\/","title":{"rendered":"Dissipateur thermique pour carte m\u00e8re HP Chromebook 11A G8 EE (L92813-001, L98485-001)"},"content":{"rendered":"<p>Am\u00e9liorez votre HP Chromebook 11A G8 EE avec le dissipateur thermique de carte m\u00e8re HP Chromebook 11A G8 EE L92813-001 L98485-001 et maintenez votre appareil au frais m\u00eame en cas de forte charge de travail. Con\u00e7u avec pr\u00e9cision et durabilit\u00e9, ce dissipateur thermique de remplacement d&rsquo;origine pour carte m\u00e8re est con\u00e7u pour dissiper efficacement la chaleur, garantissant des performances et une long\u00e9vit\u00e9 optimales \u00e0 votre ordinateur portable.<\/p>\n<p>Offrant la qualit\u00e9 HP authentique, ce dissipateur thermique pour carte m\u00e8re est la solution id\u00e9ale pour r\u00e9soudre les probl\u00e8mes de surchauffe ou am\u00e9liorer votre syst\u00e8me de refroidissement existant. Que vous soyez \u00e9tudiant, professionnel ou utilisateur occasionnel, maintenir des temp\u00e9ratures optimales est essentiel pour prolonger la dur\u00e9e de vie de votre appareil et \u00e9viter les ralentissements.<\/p>\n<p>Facile \u00e0 installer et con\u00e7u pour durer, ce dissipateur thermique de remplacement pour carte m\u00e8re offre une solution simple pour la r\u00e9paration de votre ordinateur portable. Gr\u00e2ce \u00e0 sa construction robuste et \u00e0 ses performances fiables, vous pouvez \u00eatre s\u00fbr que votre HP Chromebook 11A G8 EE restera au frais et r\u00e9actif, m\u00eame lors d&rsquo;une utilisation intensive. D\u00e9couvrez la diff\u00e9rence des pi\u00e8ces HP d&rsquo;origine et assurez-vous que votre ordinateur portable continue de fonctionner au mieux gr\u00e2ce au dissipateur thermique L92813-001 L98485-001 pour carte m\u00e8re HP Chromebook 11A G8 EE. Commandez le v\u00f4tre d\u00e8s aujourd&rsquo;hui et ayez l&rsquo;esprit tranquille\u00a0: votre appareil est prot\u00e9g\u00e9 contre la surchauffe.<\/p>\n","protected":false},"excerpt":{"rendered":"<p>Restaurez les performances optimales de votre HP Chromebook 11A G8 EE gr\u00e2ce \u00e0 ce dissipateur thermique d&rsquo;origine pour carte m\u00e8re. Con\u00e7u pour dissiper efficacement la chaleur, ce dissipateur thermique de remplacement de haute qualit\u00e9 garantit un fonctionnement fluide et une longue dur\u00e9e de vie \u00e0 votre ordinateur portable.<\/p>\n","protected":false},"featured_media":14508,"template":"","meta":[],"product_brand":[],"product_cat":[69],"product_tag":[61],"class_list":{"0":"post-14442","1":"product","2":"type-product","3":"status-publish","4":"has-post-thumbnail","6":"product_cat-cpu-fans-heatsinks","7":"product_tag-hp","9":"first","10":"instock","11":"taxable","12":"shipping-taxable","13":"purchasable","14":"product-type-simple"},"_links":{"self":[{"href":"https:\/\/boreait.com\/fr\/wp-json\/wp\/v2\/product\/14442","targetHints":{"allow":["GET"]}}],"collection":[{"href":"https:\/\/boreait.com\/fr\/wp-json\/wp\/v2\/product"}],"about":[{"href":"https:\/\/boreait.com\/fr\/wp-json\/wp\/v2\/types\/product"}],"wp:featuredmedia":[{"embeddable":true,"href":"https:\/\/boreait.com\/fr\/wp-json\/wp\/v2\/media\/14508"}],"wp:attachment":[{"href":"https:\/\/boreait.com\/fr\/wp-json\/wp\/v2\/media?parent=14442"}],"wp:term":[{"taxonomy":"product_brand","embeddable":true,"href":"https:\/\/boreait.com\/fr\/wp-json\/wp\/v2\/product_brand?post=14442"},{"taxonomy":"product_cat","embeddable":true,"href":"https:\/\/boreait.com\/fr\/wp-json\/wp\/v2\/product_cat?post=14442"},{"taxonomy":"product_tag","embeddable":true,"href":"https:\/\/boreait.com\/fr\/wp-json\/wp\/v2\/product_tag?post=14442"}],"curies":[{"name":"wp","href":"https:\/\/api.w.org\/{rel}","templated":true}]}}