{"id":14437,"date":"2025-09-15T17:01:51","date_gmt":"2025-09-15T15:01:51","guid":{"rendered":"https:\/\/boreait.com\/fr\/?post_type=product&#038;p=14437"},"modified":"2025-09-15T17:04:57","modified_gmt":"2025-09-15T15:04:57","slug":"carte-mere-l92813-001-pour-ordinateur-portable-hp-chromebook-11a-g8-ee-pieces-de-rechange-dorigine","status":"publish","type":"product","link":"https:\/\/boreait.com\/fr\/produit\/carte-mere-l92813-001-pour-ordinateur-portable-hp-chromebook-11a-g8-ee-pieces-de-rechange-dorigine\/","title":{"rendered":"Carte m\u00e8re L92813-001 pour ordinateur portable HP Chromebook 11A G8 EE (pi\u00e8ces de rechange d&rsquo;origine)"},"content":{"rendered":"<p>Revitalisez votre HP Chromebook 11A G8 EE avec la carte m\u00e8re HP Chromebook 11A G8 EE L92813-001. Con\u00e7ue avec pr\u00e9cision et compatibilit\u00e9, cette carte m\u00e8re de remplacement s&rsquo;int\u00e8gre parfaitement \u00e0 votre appareil, garantissant des performances et des fonctionnalit\u00e9s fiables.<\/p>\n<p>Cette carte m\u00e8re est \u00e9quip\u00e9e d&rsquo;un processeur AMD A4-9120C, offrant une puissance de traitement efficace pour g\u00e9rer vos t\u00e2ches quotidiennes en toute simplicit\u00e9. Elle dispose \u00e9galement de 4 Go de RAM, pour un multit\u00e2che fluide et des performances am\u00e9lior\u00e9es. De plus, la carte m\u00e8re int\u00e8gre un disque dur eMMC de 32 Go, offrant un espace de stockage suffisant pour vos applications et fichiers essentiels.<\/p>\n<p>Offrant la qualit\u00e9 HP authentique, cette carte m\u00e8re de remplacement est la solution id\u00e9ale pour restaurer l&rsquo;\u00e9tat d&rsquo;origine de votre Chromebook. Que vous rencontriez des probl\u00e8mes avec votre carte m\u00e8re actuelle ou que vous souhaitiez la mettre \u00e0 niveau, cette pi\u00e8ce de rechange d&rsquo;origine r\u00e9pond aux normes de qualit\u00e9 et de compatibilit\u00e9 les plus strictes. <\/p>\n<p>Simple \u00e0 installer et con\u00e7ue pour durer, cette carte m\u00e8re de remplacement offre une solution simple pour la r\u00e9paration de votre ordinateur portable. Gr\u00e2ce \u00e0 sa construction robuste et \u00e0 ses performances fiables, vous pouvez \u00eatre s\u00fbr que votre HP Chromebook 11A G8 EE sera de nouveau op\u00e9rationnel en un rien de temps.<\/p>\n<p>D\u00e9couvrez la diff\u00e9rence des pi\u00e8ces HP d&rsquo;origine et assurez-vous que votre ordinateur portable continue de fonctionner au mieux avec la carte m\u00e8re HP Chromebook 11A G8 EE L92813-001 d&rsquo;origine. Commandez la v\u00f4tre d\u00e8s aujourd&rsquo;hui et restaurez les fonctionnalit\u00e9s de votre ordinateur portable en toute confiance.<\/p>\n","protected":false},"excerpt":{"rendered":"<p>Restaurez les performances optimales de votre HP Chromebook 11A G8 EE gr\u00e2ce \u00e0 cette carte m\u00e8re de remplacement d&rsquo;origine. Con\u00e7ue pour la compatibilit\u00e9 et la fiabilit\u00e9, cette pi\u00e8ce de haute qualit\u00e9 garantit un fonctionnement optimal, ce qui en fait la solution id\u00e9ale pour la r\u00e9paration de votre ordinateur portable.<\/p>\n","protected":false},"featured_media":14507,"template":"","meta":[],"product_brand":[],"product_cat":[63],"product_tag":[61],"class_list":{"0":"post-14437","1":"product","2":"type-product","3":"status-publish","4":"has-post-thumbnail","6":"product_cat-motherboards-board-parts","7":"product_tag-hp","9":"first","10":"instock","11":"taxable","12":"shipping-taxable","13":"purchasable","14":"product-type-simple"},"_links":{"self":[{"href":"https:\/\/boreait.com\/fr\/wp-json\/wp\/v2\/product\/14437","targetHints":{"allow":["GET"]}}],"collection":[{"href":"https:\/\/boreait.com\/fr\/wp-json\/wp\/v2\/product"}],"about":[{"href":"https:\/\/boreait.com\/fr\/wp-json\/wp\/v2\/types\/product"}],"wp:featuredmedia":[{"embeddable":true,"href":"https:\/\/boreait.com\/fr\/wp-json\/wp\/v2\/media\/14507"}],"wp:attachment":[{"href":"https:\/\/boreait.com\/fr\/wp-json\/wp\/v2\/media?parent=14437"}],"wp:term":[{"taxonomy":"product_brand","embeddable":true,"href":"https:\/\/boreait.com\/fr\/wp-json\/wp\/v2\/product_brand?post=14437"},{"taxonomy":"product_cat","embeddable":true,"href":"https:\/\/boreait.com\/fr\/wp-json\/wp\/v2\/product_cat?post=14437"},{"taxonomy":"product_tag","embeddable":true,"href":"https:\/\/boreait.com\/fr\/wp-json\/wp\/v2\/product_tag?post=14437"}],"curies":[{"name":"wp","href":"https:\/\/api.w.org\/{rel}","templated":true}]}}