{"id":14436,"date":"2025-09-15T17:01:51","date_gmt":"2025-09-15T15:01:51","guid":{"rendered":"https:\/\/boreait.com\/fr\/?post_type=product&#038;p=14436"},"modified":"2025-09-15T17:04:48","modified_gmt":"2025-09-15T15:04:48","slug":"pieces-de-rechange-pour-ordinateur-portable-hp-chromebook-11a-g8-ee-avec-repose-poignets-pave-tactile-et-clavier","status":"publish","type":"product","link":"https:\/\/boreait.com\/fr\/produit\/pieces-de-rechange-pour-ordinateur-portable-hp-chromebook-11a-g8-ee-avec-repose-poignets-pave-tactile-et-clavier\/","title":{"rendered":"Pi\u00e8ces de rechange pour ordinateur portable HP Chromebook 11A G8 EE avec repose-poignets, pav\u00e9 tactile et clavier"},"content":{"rendered":"<p>Redonnez une seconde jeunesse \u00e0 votre HP Chromebook 11A G8 EE gr\u00e2ce au repose-poignet, pav\u00e9 tactile et clavier de remplacement OEM. Fabriqu\u00e9 avec pr\u00e9cision et con\u00e7u pour une compatibilit\u00e9 optimale, ce repose-poignet, pav\u00e9 tactile et clavier de remplacement est con\u00e7u pour s&rsquo;int\u00e9grer parfaitement \u00e0 votre appareil, restaurant ses fonctionnalit\u00e9s et ses performances comme neuves.<\/p>\n<p>De conception OEM, ce repose-poignet, pav\u00e9 tactile et clavier de remplacement est la solution id\u00e9ale pour r\u00e9soudre les probl\u00e8mes de vos composants actuels ou pour am\u00e9liorer votre exp\u00e9rience utilisateur. Gr\u00e2ce \u00e0 son installation facile, remplacez rapidement et facilement vos composants existants, minimisant ainsi les temps d&rsquo;arr\u00eat et les tracas.<\/p>\n<p>Profitez d&rsquo;une saisie fluide et r\u00e9active gr\u00e2ce au pav\u00e9 tactile et au clavier, con\u00e7us pour une exp\u00e9rience de frappe confortable et efficace. De plus, la construction robuste du repose-poignet garantit durabilit\u00e9 et stabilit\u00e9 \u00e0 long terme. Vous pouvez donc \u00eatre s\u00fbr que votre HP Chromebook 11A G8 EE continuera \u00e0 fonctionner au mieux de ses performances.<\/p>\n<p>Ne laissez pas des composants us\u00e9s ou d\u00e9fectueux vous freiner. Am\u00e9liorez votre HP Chromebook 11A G8 EE avec le clavier et repose-poignets OEM HP Chromebook 11A G8 EE et profitez de performances et de fonctionnalit\u00e9s fiables. Commandez le v\u00f4tre d\u00e8s aujourd&rsquo;hui et offrez \u00e0 votre ordinateur portable la mise \u00e0 jour qu&rsquo;il m\u00e9rite.<\/p>\n<p>Disposition nordique\u00a0: compatible avec d&rsquo;autres pays, langues et configurations.<\/p>\n","protected":false},"excerpt":{"rendered":"<p>Restaurez l&rsquo;\u00e9tat d&rsquo;origine de votre HP Chromebook 11A G8 EE gr\u00e2ce \u00e0 ce repose-poignet, pav\u00e9 tactile et clavier de remplacement OEM. Con\u00e7ue pour une installation facile, cette pi\u00e8ce d&rsquo;origine garantit un fonctionnement optimal, ce qui en fait la solution id\u00e9ale pour la r\u00e9paration de votre ordinateur portable.<\/p>\n","protected":false},"featured_media":14500,"template":"","meta":[],"product_brand":[],"product_cat":[52],"product_tag":[61],"class_list":{"0":"post-14436","1":"product","2":"type-product","3":"status-publish","4":"has-post-thumbnail","6":"product_cat-laptop-housing","7":"product_tag-hp","9":"first","10":"instock","11":"taxable","12":"shipping-taxable","13":"purchasable","14":"product-type-simple"},"_links":{"self":[{"href":"https:\/\/boreait.com\/fr\/wp-json\/wp\/v2\/product\/14436","targetHints":{"allow":["GET"]}}],"collection":[{"href":"https:\/\/boreait.com\/fr\/wp-json\/wp\/v2\/product"}],"about":[{"href":"https:\/\/boreait.com\/fr\/wp-json\/wp\/v2\/types\/product"}],"wp:featuredmedia":[{"embeddable":true,"href":"https:\/\/boreait.com\/fr\/wp-json\/wp\/v2\/media\/14500"}],"wp:attachment":[{"href":"https:\/\/boreait.com\/fr\/wp-json\/wp\/v2\/media?parent=14436"}],"wp:term":[{"taxonomy":"product_brand","embeddable":true,"href":"https:\/\/boreait.com\/fr\/wp-json\/wp\/v2\/product_brand?post=14436"},{"taxonomy":"product_cat","embeddable":true,"href":"https:\/\/boreait.com\/fr\/wp-json\/wp\/v2\/product_cat?post=14436"},{"taxonomy":"product_tag","embeddable":true,"href":"https:\/\/boreait.com\/fr\/wp-json\/wp\/v2\/product_tag?post=14436"}],"curies":[{"name":"wp","href":"https:\/\/api.w.org\/{rel}","templated":true}]}}