{"id":14435,"date":"2025-09-15T17:01:50","date_gmt":"2025-09-15T15:01:50","guid":{"rendered":"https:\/\/boreait.com\/fr\/?post_type=product&#038;p=14435"},"modified":"2025-09-15T17:04:40","modified_gmt":"2025-09-15T15:04:40","slug":"remplacement-du-cache-lcd-du-chromebook-hp-11a-g8-ee","status":"publish","type":"product","link":"https:\/\/boreait.com\/fr\/produit\/remplacement-du-cache-lcd-du-chromebook-hp-11a-g8-ee\/","title":{"rendered":"Remplacement du cache LCD du Chromebook HP 11A G8 EE"},"content":{"rendered":"<p>Am\u00e9liorez l&rsquo;apparence et la protection de votre HP Chromebook 11A G8 EE avec ce cache de protection LCD. Con\u00e7u avec pr\u00e9cision et durabilit\u00e9, ce cache de remplacement offre un ajustement parfait et des performances fiables.<\/p>\n<p>Con\u00e7u pour compl\u00e9ter parfaitement l&rsquo;\u00e9cran de votre Chromebook, ce cache am\u00e9liore non seulement l&rsquo;esth\u00e9tique de votre appareil, mais offre \u00e9galement une protection essentielle \u00e0 l&rsquo;\u00e9cran LCD. Que vous mettiez \u00e0 niveau votre cache actuel ou que vous en remplaciez un endommag\u00e9, il garantit la s\u00e9curit\u00e9 et la protection de l&rsquo;\u00e9cran de votre ordinateur portable.<\/p>\n<p>Fabriqu\u00e9 avec des mat\u00e9riaux de haute qualit\u00e9, ce cache de remplacement est con\u00e7u pour r\u00e9sister \u00e0 l&rsquo;usure quotidienne, garantissant une durabilit\u00e9 et une fiabilit\u00e9 \u00e0 long terme. Son installation facile vous permet de mettre \u00e0 niveau ou de remplacer votre cache rapidement et facilement, sans aucun probl\u00e8me.<\/p>\n<p>Remettez votre HP Chromebook 11A G8 EE \u00e0 son \u00e9tat d&rsquo;origine et assurez la s\u00e9curit\u00e9 de votre \u00e9cran gr\u00e2ce \u00e0 ce cache LCD pour HP Chromebook 11A G8 EE. Commandez-le d\u00e8s aujourd&rsquo;hui et ayez l&rsquo;esprit tranquille\u00a0: l&rsquo;\u00e9cran de votre ordinateur portable est prot\u00e9g\u00e9 par une pi\u00e8ce de rechange de qualit\u00e9.<\/p>\n","protected":false},"excerpt":{"rendered":"<p>Am\u00e9liorez ou remplacez le cache de l&rsquo;\u00e9cran LCD de votre HP Chromebook 11A G8 EE avec cette pi\u00e8ce de rechange. Fabriqu\u00e9 avec des mat\u00e9riaux durables et con\u00e7u pour un ajustement parfait, ce cache assure la protection et la s\u00e9curit\u00e9 de l&rsquo;\u00e9cran de votre ordinateur portable.<\/p>\n","protected":false},"featured_media":14498,"template":"","meta":[],"product_brand":[],"product_cat":[52],"product_tag":[61],"class_list":{"0":"post-14435","1":"product","2":"type-product","3":"status-publish","4":"has-post-thumbnail","6":"product_cat-laptop-housing","7":"product_tag-hp","9":"first","10":"instock","11":"taxable","12":"shipping-taxable","13":"purchasable","14":"product-type-simple"},"_links":{"self":[{"href":"https:\/\/boreait.com\/fr\/wp-json\/wp\/v2\/product\/14435","targetHints":{"allow":["GET"]}}],"collection":[{"href":"https:\/\/boreait.com\/fr\/wp-json\/wp\/v2\/product"}],"about":[{"href":"https:\/\/boreait.com\/fr\/wp-json\/wp\/v2\/types\/product"}],"wp:featuredmedia":[{"embeddable":true,"href":"https:\/\/boreait.com\/fr\/wp-json\/wp\/v2\/media\/14498"}],"wp:attachment":[{"href":"https:\/\/boreait.com\/fr\/wp-json\/wp\/v2\/media?parent=14435"}],"wp:term":[{"taxonomy":"product_brand","embeddable":true,"href":"https:\/\/boreait.com\/fr\/wp-json\/wp\/v2\/product_brand?post=14435"},{"taxonomy":"product_cat","embeddable":true,"href":"https:\/\/boreait.com\/fr\/wp-json\/wp\/v2\/product_cat?post=14435"},{"taxonomy":"product_tag","embeddable":true,"href":"https:\/\/boreait.com\/fr\/wp-json\/wp\/v2\/product_tag?post=14435"}],"curies":[{"name":"wp","href":"https:\/\/api.w.org\/{rel}","templated":true}]}}