{"id":14432,"date":"2025-09-15T17:01:45","date_gmt":"2025-09-15T15:01:45","guid":{"rendered":"https:\/\/boreait.com\/fr\/?post_type=product&#038;p=14432"},"modified":"2026-01-30T08:31:30","modified_gmt":"2026-01-30T07:31:30","slug":"cache-charniere-compatible-avec-les-ordinateurs-portables-hp-chromebook-11-g8-ee-11a-g8-ee-11mk-g9-ee-11-g9-11mk-g9","status":"publish","type":"product","link":"https:\/\/boreait.com\/fr\/produit\/cache-charniere-compatible-avec-les-ordinateurs-portables-hp-chromebook-11-g8-ee-11a-g8-ee-11mk-g9-ee-11-g9-11mk-g9\/","title":{"rendered":"Cache charni\u00e8re compatible avec les ordinateurs portables HP Chromebook 11 G8 EE 11A G8 EE 11MK G9 EE 11 G9 11MK G9"},"content":{"rendered":"<p>Am\u00e9liorez l&rsquo;apparence et la long\u00e9vit\u00e9 de vos ordinateurs portables HP Chromebook s\u00e9rie 11 gr\u00e2ce \u00e0 ce lot pratique de 5 caches charni\u00e8res. Con\u00e7us pour des mod\u00e8les tels que les mod\u00e8les G8 EE, 11A G8 EE, 11MK G9 EE et bien d&rsquo;autres, ces caches charni\u00e8res offrent \u00e0 la fois style et protection \u00e0 votre appareil.<\/p>\n<p>Fabriqu\u00e9s \u00e0 partir de mat\u00e9riaux durables, ces caches charni\u00e8res sont con\u00e7us pour r\u00e9sister \u00e0 l&rsquo;usure quotidienne, garantissant des performances durables. Leur design \u00e9l\u00e9gant ajoute une touche d&rsquo;\u00e9l\u00e9gance \u00e0 votre ordinateur portable tout en offrant une protection suppl\u00e9mentaire aux charni\u00e8res.<\/p>\n<p>Faciles \u00e0 installer et \u00e0 retirer, ces caches charni\u00e8res offrent une solution simple pour am\u00e9liorer l&rsquo;esth\u00e9tique et les fonctionnalit\u00e9s de vos ordinateurs portables HP Chromebook s\u00e9rie 11. Que vous souhaitiez remplacer des caches charni\u00e8res endommag\u00e9s ou simplement donner un nouveau look \u00e0 votre appareil, ce lot de 5 caches est fait pour vous.<\/p>\n<p>Soyez serein\u00a0: vos ordinateurs portables HP Chromebook s\u00e9rie 11 sont bien prot\u00e9g\u00e9s gr\u00e2ce \u00e0 ces caches charni\u00e8res de haute qualit\u00e9. Am\u00e9liorez votre appareil d\u00e8s aujourd&rsquo;hui et profitez d&rsquo;une durabilit\u00e9 et d&rsquo;un style am\u00e9lior\u00e9s avec ce pack de 5 caches de charni\u00e8re.<\/p>\n","protected":false},"excerpt":{"rendered":"<p>Am\u00e9liorez la durabilit\u00e9 et l&rsquo;esth\u00e9tique de vos ordinateurs portables HP Chromebook s\u00e9rie 11 avec ce lot de 5 caches charni\u00e8res. Con\u00e7us pour les mod\u00e8les G8 EE, 11A G8 EE, 11MK G9 EE et plus encore, ces caches charni\u00e8res offrent une protection et une finition \u00e9l\u00e9gante \u00e0 votre appareil.<\/p>\n","protected":false},"featured_media":14495,"template":"","meta":[],"product_brand":[],"product_cat":[52],"product_tag":[61],"class_list":{"0":"post-14432","1":"product","2":"type-product","3":"status-publish","4":"has-post-thumbnail","6":"product_cat-laptop-housing","7":"product_tag-hp","9":"first","10":"instock","11":"taxable","12":"shipping-taxable","13":"purchasable","14":"product-type-simple"},"_links":{"self":[{"href":"https:\/\/boreait.com\/fr\/wp-json\/wp\/v2\/product\/14432","targetHints":{"allow":["GET"]}}],"collection":[{"href":"https:\/\/boreait.com\/fr\/wp-json\/wp\/v2\/product"}],"about":[{"href":"https:\/\/boreait.com\/fr\/wp-json\/wp\/v2\/types\/product"}],"wp:featuredmedia":[{"embeddable":true,"href":"https:\/\/boreait.com\/fr\/wp-json\/wp\/v2\/media\/14495"}],"wp:attachment":[{"href":"https:\/\/boreait.com\/fr\/wp-json\/wp\/v2\/media?parent=14432"}],"wp:term":[{"taxonomy":"product_brand","embeddable":true,"href":"https:\/\/boreait.com\/fr\/wp-json\/wp\/v2\/product_brand?post=14432"},{"taxonomy":"product_cat","embeddable":true,"href":"https:\/\/boreait.com\/fr\/wp-json\/wp\/v2\/product_cat?post=14432"},{"taxonomy":"product_tag","embeddable":true,"href":"https:\/\/boreait.com\/fr\/wp-json\/wp\/v2\/product_tag?post=14432"}],"curies":[{"name":"wp","href":"https:\/\/api.w.org\/{rel}","templated":true}]}}