{"id":14423,"date":"2025-09-15T17:01:19","date_gmt":"2025-09-15T15:01:19","guid":{"rendered":"https:\/\/boreait.com\/fr\/?post_type=product&#038;p=14423"},"modified":"2025-09-15T17:04:06","modified_gmt":"2025-09-15T15:04:06","slug":"pieces-de-rechange-dorigine-pour-le-capot-inferieur-du-chromebook-hp-11-g8-ee","status":"publish","type":"product","link":"https:\/\/boreait.com\/fr\/produit\/pieces-de-rechange-dorigine-pour-le-capot-inferieur-du-chromebook-hp-11-g8-ee\/","title":{"rendered":"Pi\u00e8ces de rechange d&rsquo;origine pour le capot inf\u00e9rieur du Chromebook HP 11 G8 EE"},"content":{"rendered":"<p>Prot\u00e9gez et am\u00e9liorez les performances de votre Chromebook HP 11 G8 EE avec le cache inf\u00e9rieur de remplacement d&rsquo;origine. Con\u00e7u avec pr\u00e9cision et durabilit\u00e9, ce cache inf\u00e9rieur s&rsquo;int\u00e8gre parfaitement \u00e0 votre Chromebook, garantissant un ajustement parfait et une protection optimale des composants internes.<\/p>\n<p>Fabriqu\u00e9 \u00e0 partir de mat\u00e9riaux de haute qualit\u00e9, ce cache inf\u00e9rieur offre le m\u00eame niveau de fiabilit\u00e9 et de durabilit\u00e9 que la pi\u00e8ce d&rsquo;origine. Que votre cache inf\u00e9rieur actuel soit endommag\u00e9 ou us\u00e9, ce cache de remplacement d&rsquo;origine est la solution id\u00e9ale pour restaurer votre Chromebook \u00e0 son \u00e9tat d&rsquo;origine.<\/p>\n<p>L&rsquo;installation est rapide et simple, vous permettant de remettre votre Chromebook HP 11 G8 EE en \u00e9tat de marche en un rien de temps. Retirez simplement l&rsquo;ancien cache inf\u00e9rieur et remplacez-le par ce cache d&rsquo;origine pour un ajustement parfait et des performances fiables.<\/p>\n<p>Ne faites aucun compromis sur la qualit\u00e9 pour prot\u00e9ger votre Chromebook HP 11 G8 EE. Faites confiance au cache inf\u00e9rieur de remplacement d&rsquo;origine pour Chromebook HP 11 G8 EE pour pr\u00e9server la s\u00e9curit\u00e9 et le bon fonctionnement de votre appareil pendant de nombreuses ann\u00e9es. Commandez d\u00e8s maintenant et ayez l&rsquo;esprit tranquille\u00a0: votre Chromebook est bien prot\u00e9g\u00e9.<\/p>\n","protected":false},"excerpt":{"rendered":"<p>Restaurez l&rsquo;int\u00e9grit\u00e9 de votre Chromebook HP 11 G8 EE gr\u00e2ce \u00e0 ce cache inf\u00e9rieur de remplacement d&rsquo;origine. Con\u00e7u pour un ajustement parfait et une installation facile, ce cache d&rsquo;origine assure la protection et le bon fonctionnement de votre ordinateur portable.<\/p>\n","protected":false},"featured_media":14487,"template":"","meta":[],"product_brand":[],"product_cat":[52],"product_tag":[61],"class_list":{"0":"post-14423","1":"product","2":"type-product","3":"status-publish","4":"has-post-thumbnail","6":"product_cat-laptop-housing","7":"product_tag-hp","9":"first","10":"instock","11":"taxable","12":"shipping-taxable","13":"purchasable","14":"product-type-simple"},"_links":{"self":[{"href":"https:\/\/boreait.com\/fr\/wp-json\/wp\/v2\/product\/14423","targetHints":{"allow":["GET"]}}],"collection":[{"href":"https:\/\/boreait.com\/fr\/wp-json\/wp\/v2\/product"}],"about":[{"href":"https:\/\/boreait.com\/fr\/wp-json\/wp\/v2\/types\/product"}],"wp:featuredmedia":[{"embeddable":true,"href":"https:\/\/boreait.com\/fr\/wp-json\/wp\/v2\/media\/14487"}],"wp:attachment":[{"href":"https:\/\/boreait.com\/fr\/wp-json\/wp\/v2\/media?parent=14423"}],"wp:term":[{"taxonomy":"product_brand","embeddable":true,"href":"https:\/\/boreait.com\/fr\/wp-json\/wp\/v2\/product_brand?post=14423"},{"taxonomy":"product_cat","embeddable":true,"href":"https:\/\/boreait.com\/fr\/wp-json\/wp\/v2\/product_cat?post=14423"},{"taxonomy":"product_tag","embeddable":true,"href":"https:\/\/boreait.com\/fr\/wp-json\/wp\/v2\/product_tag?post=14423"}],"curies":[{"name":"wp","href":"https:\/\/api.w.org\/{rel}","templated":true}]}}