{"id":14421,"date":"2025-09-15T17:01:18","date_gmt":"2025-09-15T15:01:18","guid":{"rendered":"https:\/\/boreait.com\/fr\/?post_type=product&#038;p=14421"},"modified":"2026-01-30T08:31:14","modified_gmt":"2026-01-30T07:31:14","slug":"memoire-ram-4-go-1rx8-pc3l-12800s-11-12-b4-pour-ordinateur-portable-ibm-lenovo-thinkpad-t430s-t420s","status":"publish","type":"product","link":"https:\/\/boreait.com\/fr\/produit\/memoire-ram-4-go-1rx8-pc3l-12800s-11-12-b4-pour-ordinateur-portable-ibm-lenovo-thinkpad-t430s-t420s\/","title":{"rendered":"M\u00e9moire RAM 4 Go 1Rx8 PC3L-12800S-11-12-B4 pour ordinateur portable IBM Lenovo Thinkpad T430S T420S"},"content":{"rendered":"<p>Optimisez la vitesse et l&rsquo;efficacit\u00e9 de votre ordinateur portable IBM Lenovo Thinkpad T430S ou T420S gr\u00e2ce au module m\u00e9moire RAM 4 Go 1Rx8 PC3L-12800S-11-12-B4 pour ordinateur portable IBM Lenovo Thinkpad T430S T420S. Con\u00e7u pour offrir des performances et une fiabilit\u00e9 accrues, ce module m\u00e9moire est la solution id\u00e9ale pour votre ordinateur portable.<\/p>\n<p>Avec une capacit\u00e9 de 4 Go et une vitesse PC3L-12800S-11-12-B4, ce module RAM est optimis\u00e9 pour le multit\u00e2che et vous permet d&rsquo;ex\u00e9cuter plusieurs applications simultan\u00e9ment sans ralentir votre syst\u00e8me. Que vous soyez professionnel, \u00e9tudiant ou utilisateur occasionnel, cette mise \u00e0 niveau de m\u00e9moire am\u00e9liorera consid\u00e9rablement votre exp\u00e9rience informatique.<\/p>\n<p>L&rsquo;installation est simple et rapide, ce qui facilite la mise \u00e0 niveau de la m\u00e9moire de votre ordinateur portable sans l&rsquo;aide d&rsquo;un professionnel. Ins\u00e9rez simplement le module dans l&#8217;emplacement appropri\u00e9 et profitez d&rsquo;une am\u00e9lioration instantan\u00e9e des performances.<br \/>\nB\u00e9n\u00e9ficiant de la r\u00e9putation de qualit\u00e9 et de fiabilit\u00e9 d&rsquo;IBM Lenovo, vous pouvez \u00eatre s\u00fbr que ce module m\u00e9moire vous offrira des ann\u00e9es de service fiable. Mettez \u00e0 niveau votre ordinateur portable IBM Lenovo Thinkpad T430S ou T420S d\u00e8s aujourd&rsquo;hui et b\u00e9n\u00e9ficiez de performances plus rapides et plus fluides pour tous vos besoins informatiques.<\/p>\n","protected":false},"excerpt":{"rendered":"<p>Am\u00e9liorez les performances de votre ordinateur portable IBM Lenovo Thinkpad T430S ou T420S avec ce module RAM de 4 Go. Con\u00e7u pour une compatibilit\u00e9 optimale et des performances fiables, ce module m\u00e9moire optimisera les capacit\u00e9s multit\u00e2ches et la r\u00e9activit\u00e9 globale du syst\u00e8me.<\/p>\n","protected":false},"featured_media":14484,"template":"","meta":[],"product_brand":[],"product_cat":[73,72],"product_tag":[],"class_list":{"0":"post-14421","1":"product","2":"type-product","3":"status-publish","4":"has-post-thumbnail","6":"product_cat-ddr3-ddr3l","7":"product_cat-ram-memory","9":"first","10":"instock","11":"taxable","12":"shipping-taxable","13":"purchasable","14":"product-type-simple"},"_links":{"self":[{"href":"https:\/\/boreait.com\/fr\/wp-json\/wp\/v2\/product\/14421","targetHints":{"allow":["GET"]}}],"collection":[{"href":"https:\/\/boreait.com\/fr\/wp-json\/wp\/v2\/product"}],"about":[{"href":"https:\/\/boreait.com\/fr\/wp-json\/wp\/v2\/types\/product"}],"wp:featuredmedia":[{"embeddable":true,"href":"https:\/\/boreait.com\/fr\/wp-json\/wp\/v2\/media\/14484"}],"wp:attachment":[{"href":"https:\/\/boreait.com\/fr\/wp-json\/wp\/v2\/media?parent=14421"}],"wp:term":[{"taxonomy":"product_brand","embeddable":true,"href":"https:\/\/boreait.com\/fr\/wp-json\/wp\/v2\/product_brand?post=14421"},{"taxonomy":"product_cat","embeddable":true,"href":"https:\/\/boreait.com\/fr\/wp-json\/wp\/v2\/product_cat?post=14421"},{"taxonomy":"product_tag","embeddable":true,"href":"https:\/\/boreait.com\/fr\/wp-json\/wp\/v2\/product_tag?post=14421"}],"curies":[{"name":"wp","href":"https:\/\/api.w.org\/{rel}","templated":true}]}}