{"id":14420,"date":"2025-09-15T17:01:16","date_gmt":"2025-09-15T15:01:16","guid":{"rendered":"https:\/\/boreait.com\/fr\/?post_type=product&#038;p=14420"},"modified":"2026-01-30T08:30:58","modified_gmt":"2026-01-30T07:30:58","slug":"pieces-dorigine-pour-ordinateur-portable-lenovo-thinkpad-t430s-60-4qz20-001","status":"publish","type":"product","link":"https:\/\/boreait.com\/fr\/produit\/pieces-dorigine-pour-ordinateur-portable-lenovo-thinkpad-t430s-60-4qz20-001\/","title":{"rendered":"Pi\u00e8ces d&rsquo;origine pour ordinateur portable Lenovo ThinkPad T430s (60.4QZ20.001)"},"content":{"rendered":"<p>Donnez un nouveau look \u00e0 votre Lenovo ThinkPad T430s avec le cache de ch\u00e2ssis d&rsquo;origine Lenovo ThinkPad T430s 60.4QZ20.001. Con\u00e7u avec pr\u00e9cision pour s&rsquo;adapter parfaitement au design d&rsquo;origine, ce cache de ch\u00e2ssis de remplacement offre un ajustement parfait et une installation simple.<\/p>\n<p>Fabriqu\u00e9 \u00e0 partir de mat\u00e9riaux durables et b\u00e9n\u00e9ficiant de la r\u00e9putation de qualit\u00e9 de Lenovo, ce cache de ch\u00e2ssis est con\u00e7u pour r\u00e9sister \u00e0 l&rsquo;usure quotidienne, garantissant des performances et une fiabilit\u00e9 durables. Que vous remplaciez un cache endommag\u00e9 ou que vous souhaitiez simplement am\u00e9liorer l&rsquo;apparence de votre ordinateur portable, cette pi\u00e8ce d&rsquo;origine Lenovo offre un rapport qualit\u00e9-prix exceptionnel et une tranquillit\u00e9 d&rsquo;esprit optimale.<\/p>\n<p>Redonnez \u00e0 votre ordinateur portable son aspect \u00e9l\u00e9gant et professionnel en toute simplicit\u00e9 gr\u00e2ce \u00e0 l&rsquo;installation simple de ce cache de ch\u00e2ssis d&rsquo;origine. Gr\u00e2ce \u00e0 son ajustement pr\u00e9cis et \u00e0 sa construction durable, vous pouvez \u00eatre s\u00fbr que votre Lenovo ThinkPad T430s conservera son apparence et ses performances optimales pendant de nombreuses ann\u00e9es. <\/p>\n<p>D\u00e9couvrez l&rsquo;impact des pi\u00e8ces d&rsquo;origine Lenovo et am\u00e9liorez l&rsquo;esth\u00e9tique g\u00e9n\u00e9rale de votre ordinateur portable gr\u00e2ce au cache de ch\u00e2ssis 60.4QZ20.001 d&rsquo;origine pour Lenovo ThinkPad T430s. Commandez le v\u00f4tre d\u00e8s aujourd&rsquo;hui et profitez d&rsquo;une r\u00e9paration sans souci.<\/p>\n","protected":false},"excerpt":{"rendered":"<p>Redonnez \u00e0 votre Lenovo ThinkPad T430s son aspect \u00e9l\u00e9gant gr\u00e2ce \u00e0 ce cache de ch\u00e2ssis d&rsquo;origine. Fabriqu\u00e9e selon des sp\u00e9cifications pr\u00e9cises, cette pi\u00e8ce de rechange de haute qualit\u00e9 garantit un ajustement parfait et une int\u00e9gration parfaite, ce qui en fait la solution id\u00e9ale pour la r\u00e9paration de votre ordinateur portable.<\/p>\n","protected":false},"featured_media":14474,"template":"","meta":[],"product_brand":[],"product_cat":[52],"product_tag":[62],"class_list":{"0":"post-14420","1":"product","2":"type-product","3":"status-publish","4":"has-post-thumbnail","6":"product_cat-laptop-housing","7":"product_tag-lenovo","9":"first","10":"instock","11":"taxable","12":"shipping-taxable","13":"purchasable","14":"product-type-simple"},"_links":{"self":[{"href":"https:\/\/boreait.com\/fr\/wp-json\/wp\/v2\/product\/14420","targetHints":{"allow":["GET"]}}],"collection":[{"href":"https:\/\/boreait.com\/fr\/wp-json\/wp\/v2\/product"}],"about":[{"href":"https:\/\/boreait.com\/fr\/wp-json\/wp\/v2\/types\/product"}],"wp:featuredmedia":[{"embeddable":true,"href":"https:\/\/boreait.com\/fr\/wp-json\/wp\/v2\/media\/14474"}],"wp:attachment":[{"href":"https:\/\/boreait.com\/fr\/wp-json\/wp\/v2\/media?parent=14420"}],"wp:term":[{"taxonomy":"product_brand","embeddable":true,"href":"https:\/\/boreait.com\/fr\/wp-json\/wp\/v2\/product_brand?post=14420"},{"taxonomy":"product_cat","embeddable":true,"href":"https:\/\/boreait.com\/fr\/wp-json\/wp\/v2\/product_cat?post=14420"},{"taxonomy":"product_tag","embeddable":true,"href":"https:\/\/boreait.com\/fr\/wp-json\/wp\/v2\/product_tag?post=14420"}],"curies":[{"name":"wp","href":"https:\/\/api.w.org\/{rel}","templated":true}]}}