{"id":14414,"date":"2025-09-15T17:00:52","date_gmt":"2025-09-15T15:00:52","guid":{"rendered":"https:\/\/boreait.com\/fr\/?post_type=product&#038;p=14414"},"modified":"2026-01-30T08:30:43","modified_gmt":"2026-01-30T07:30:43","slug":"carte-de-connecteur-de-disque-dur-pour-ordinateur-portable-ibm-lenovo-thinkpad-t430s-t420s-piece-de-rechange-dorigine","status":"publish","type":"product","link":"https:\/\/boreait.com\/fr\/produit\/carte-de-connecteur-de-disque-dur-pour-ordinateur-portable-ibm-lenovo-thinkpad-t430s-t420s-piece-de-rechange-dorigine\/","title":{"rendered":"Carte de connecteur de disque dur pour ordinateur portable IBM Lenovo ThinkPad T430S T420S, pi\u00e8ce de rechange d&rsquo;origine"},"content":{"rendered":"<p>Am\u00e9liorez votre ordinateur portable IBM Lenovo ThinkPad T430S ou T420S avec la carte de connexion de disque dur d&rsquo;origine pour ordinateur portable IBM Lenovo ThinkPad T430S T420S. Fabriqu\u00e9e avec pr\u00e9cision et con\u00e7ue pour une compatibilit\u00e9 optimale, cette pi\u00e8ce de rechange d&rsquo;origine s&rsquo;int\u00e8gre parfaitement \u00e0 votre appareil, garantissant des performances et une connectivit\u00e9 fiables.<\/p>\n<p>Si vous rencontrez des probl\u00e8mes avec votre carte de connexion de disque dur actuelle ou souhaitez la mettre \u00e0 niveau, cette pi\u00e8ce de rechange d&rsquo;origine est la solution id\u00e9ale. Con\u00e7ue pour r\u00e9pondre aux normes de qualit\u00e9 et de compatibilit\u00e9 les plus strictes, cette carte assure une connectivit\u00e9 et des fonctionnalit\u00e9s optimales pour votre ordinateur portable.<\/p>\n<p>Gr\u00e2ce \u00e0 son installation facile, remplacez rapidement votre carte de connexion de disque dur existante et restaurez les performances de votre ordinateur portable. De plus, gr\u00e2ce \u00e0 la qualit\u00e9 IBM Lenovo authentique, vous pouvez \u00eatre s\u00fbr que cette pi\u00e8ce de rechange offrira durabilit\u00e9 et fiabilit\u00e9 \u00e0 long terme.<\/p>\n<p>Ne laissez pas une carte de connexion de disque dur d\u00e9fectueuse compromettre les performances de votre ordinateur portable. Optez pour la carte de connexion de disque dur d&rsquo;origine pour ordinateur portable IBM Lenovo ThinkPad T430S T420S et profitez d&rsquo;une connectivit\u00e9 et de fonctionnalit\u00e9s optimales. Commandez le v\u00f4tre d\u00e8s aujourd&rsquo;hui et profitez de la tranquillit\u00e9 d&rsquo;esprit en sachant que votre ordinateur portable est \u00e9quip\u00e9 de pi\u00e8ces de rechange d&rsquo;origine.<\/p>\n","protected":false},"excerpt":{"rendered":"<p>Remplacez la carte connecteur du disque dur de votre ordinateur portable IBM Lenovo ThinkPad T430S ou T420S par cette pi\u00e8ce de rechange d&rsquo;origine. Con\u00e7ue pour une installation facile et une compatibilit\u00e9 optimale, cette carte assure une connectivit\u00e9 et des fonctionnalit\u00e9s optimales pour votre appareil.<\/p>\n","protected":false},"featured_media":14473,"template":"","meta":[],"product_brand":[],"product_cat":[63],"product_tag":[62],"class_list":{"0":"post-14414","1":"product","2":"type-product","3":"status-publish","4":"has-post-thumbnail","6":"product_cat-motherboards-board-parts","7":"product_tag-lenovo","9":"first","10":"instock","11":"taxable","12":"shipping-taxable","13":"purchasable","14":"product-type-simple"},"_links":{"self":[{"href":"https:\/\/boreait.com\/fr\/wp-json\/wp\/v2\/product\/14414","targetHints":{"allow":["GET"]}}],"collection":[{"href":"https:\/\/boreait.com\/fr\/wp-json\/wp\/v2\/product"}],"about":[{"href":"https:\/\/boreait.com\/fr\/wp-json\/wp\/v2\/types\/product"}],"wp:featuredmedia":[{"embeddable":true,"href":"https:\/\/boreait.com\/fr\/wp-json\/wp\/v2\/media\/14473"}],"wp:attachment":[{"href":"https:\/\/boreait.com\/fr\/wp-json\/wp\/v2\/media?parent=14414"}],"wp:term":[{"taxonomy":"product_brand","embeddable":true,"href":"https:\/\/boreait.com\/fr\/wp-json\/wp\/v2\/product_brand?post=14414"},{"taxonomy":"product_cat","embeddable":true,"href":"https:\/\/boreait.com\/fr\/wp-json\/wp\/v2\/product_cat?post=14414"},{"taxonomy":"product_tag","embeddable":true,"href":"https:\/\/boreait.com\/fr\/wp-json\/wp\/v2\/product_tag?post=14414"}],"curies":[{"name":"wp","href":"https:\/\/api.w.org\/{rel}","templated":true}]}}