{"id":14412,"date":"2025-09-15T17:00:49","date_gmt":"2025-09-15T15:00:49","guid":{"rendered":"https:\/\/boreait.com\/fr\/?post_type=product&#038;p=14412"},"modified":"2026-01-30T08:30:12","modified_gmt":"2026-01-30T07:30:12","slug":"carte-led-dorigine-pour-ordinateur-portable-lenovo-thinkpad-t430s-t430si-04w3934-piece-de-rechange","status":"publish","type":"product","link":"https:\/\/boreait.com\/fr\/produit\/carte-led-dorigine-pour-ordinateur-portable-lenovo-thinkpad-t430s-t430si-04w3934-piece-de-rechange\/","title":{"rendered":"Carte LED d&rsquo;origine pour ordinateur portable Lenovo ThinkPad T430S T430Si 04W3934 &#8211; Pi\u00e8ce de rechange"},"content":{"rendered":"<p>Ravivez les performances de votre ordinateur portable Lenovo ThinkPad T430S ou T430Si gr\u00e2ce \u00e0 la carte LED 04W3934 d&rsquo;origine pour ordinateur portable Lenovo ThinkPad T430S T430Si. Fabriqu\u00e9e selon les normes de qualit\u00e9 et de compatibilit\u00e9 les plus strictes, cette pi\u00e8ce de rechange d&rsquo;origine s&rsquo;int\u00e8gre parfaitement \u00e0 votre appareil, garantissant des fonctionnalit\u00e9s et des performances fiables.<\/p>\n<p>B\u00e9n\u00e9ficiant de la qualit\u00e9 Lenovo authentique, cette carte LED de remplacement est la solution id\u00e9ale pour restaurer les fonctionnalit\u00e9s LED d&rsquo;origine de votre ordinateur portable. Que vous rencontriez des probl\u00e8mes avec votre carte LED actuelle ou que vous souhaitiez simplement la mettre \u00e0 niveau, cette pi\u00e8ce de rechange d&rsquo;origine vous offre une solution simple pour la r\u00e9paration de votre ordinateur portable.<\/p>\n<p>Con\u00e7ue pour une installation facile, cette carte LED de remplacement ne n\u00e9cessite aucun outil ni expertise sp\u00e9cifique, vous permettant de restaurer rapidement et facilement toutes les fonctionnalit\u00e9s de votre ordinateur portable. Gr\u00e2ce \u00e0 sa construction robuste et \u00e0 ses performances fiables, vous pouvez \u00eatre s\u00fbr que votre Lenovo ThinkPad T430S ou T430Si sera de nouveau op\u00e9rationnel en un rien de temps.<br \/>\nD\u00e9couvrez la diff\u00e9rence que peuvent faire les pi\u00e8ces d\u00e9tach\u00e9es Lenovo d&rsquo;origine et assurez-vous que votre ordinateur portable continue de fonctionner au mieux gr\u00e2ce \u00e0 la carte LED d&rsquo;origine pour ordinateur portable Lenovo ThinkPad T430S T430Si (04W3934). Commandez la v\u00f4tre d\u00e8s aujourd&rsquo;hui et restaurez les fonctionnalit\u00e9s de votre ordinateur portable en toute confiance.<\/p>\n","protected":false},"excerpt":{"rendered":"<p>Restaurez la fonctionnalit\u00e9 de la carte LED de votre ordinateur portable Lenovo ThinkPad T430S ou T430Si gr\u00e2ce \u00e0 cette pi\u00e8ce de rechange d&rsquo;origine. Con\u00e7ue pour une installation facile, cette carte LED de haute qualit\u00e9 garantit des performances et une compatibilit\u00e9 optimales, ce qui en fait la solution id\u00e9ale pour la r\u00e9paration de votre ordinateur portable.<\/p>\n","protected":false},"featured_media":14470,"template":"","meta":[],"product_brand":[],"product_cat":[63],"product_tag":[62],"class_list":{"0":"post-14412","1":"product","2":"type-product","3":"status-publish","4":"has-post-thumbnail","6":"product_cat-motherboards-board-parts","7":"product_tag-lenovo","9":"first","10":"instock","11":"taxable","12":"shipping-taxable","13":"purchasable","14":"product-type-simple"},"_links":{"self":[{"href":"https:\/\/boreait.com\/fr\/wp-json\/wp\/v2\/product\/14412","targetHints":{"allow":["GET"]}}],"collection":[{"href":"https:\/\/boreait.com\/fr\/wp-json\/wp\/v2\/product"}],"about":[{"href":"https:\/\/boreait.com\/fr\/wp-json\/wp\/v2\/types\/product"}],"wp:featuredmedia":[{"embeddable":true,"href":"https:\/\/boreait.com\/fr\/wp-json\/wp\/v2\/media\/14470"}],"wp:attachment":[{"href":"https:\/\/boreait.com\/fr\/wp-json\/wp\/v2\/media?parent=14412"}],"wp:term":[{"taxonomy":"product_brand","embeddable":true,"href":"https:\/\/boreait.com\/fr\/wp-json\/wp\/v2\/product_brand?post=14412"},{"taxonomy":"product_cat","embeddable":true,"href":"https:\/\/boreait.com\/fr\/wp-json\/wp\/v2\/product_cat?post=14412"},{"taxonomy":"product_tag","embeddable":true,"href":"https:\/\/boreait.com\/fr\/wp-json\/wp\/v2\/product_tag?post=14412"}],"curies":[{"name":"wp","href":"https:\/\/api.w.org\/{rel}","templated":true}]}}