{"id":14405,"date":"2025-09-15T17:00:24","date_gmt":"2025-09-15T15:00:24","guid":{"rendered":"https:\/\/boreait.com\/fr\/?post_type=product&#038;p=14405"},"modified":"2025-09-15T17:03:29","modified_gmt":"2025-09-15T15:03:29","slug":"charnieres-decran-lcd-pour-ordinateur-portable-lenovo-thinkpad-ibm-t420s-t420si-t430si-et-t430s","status":"publish","type":"product","link":"https:\/\/boreait.com\/fr\/produit\/charnieres-decran-lcd-pour-ordinateur-portable-lenovo-thinkpad-ibm-t420s-t420si-t430si-et-t430s\/","title":{"rendered":"Charni\u00e8res d&rsquo;\u00e9cran LCD pour ordinateur portable Lenovo ThinkPad IBM T420S, T420SI, T430SI et T430S"},"content":{"rendered":"<p>Assurez la long\u00e9vit\u00e9 et le bon fonctionnement de votre Lenovo ThinkPad IBM T420S, T420SI, T430SI ou T430S gr\u00e2ce \u00e0 nos charni\u00e8res et axes d&rsquo;\u00e9cran LCD de haute qualit\u00e9. Sp\u00e9cialement con\u00e7ues pour ces mod\u00e8les, ces pi\u00e8ces de rechange offrent un ajustement parfait et des performances fiables.<\/p>\n<p>Que les charni\u00e8res de l&rsquo;\u00e9cran de votre ordinateur portable soient us\u00e9es ou endommag\u00e9es, nos pi\u00e8ces de rechange d&rsquo;origine restaureront les fonctionnalit\u00e9s de votre ordinateur portable et pr\u00e9serveront son int\u00e9grit\u00e9 structurelle. Fabriqu\u00e9s \u00e0 partir de mat\u00e9riaux durables, ces charni\u00e8res et axes sont con\u00e7us pour r\u00e9sister \u00e0 une utilisation quotidienne, garantissant une ouverture et une fermeture fluides de votre \u00e9cran.<\/p>\n<p>Principales caract\u00e9ristiques\u00a0:<\/p>\n<p>&#8211; Compatible avec les Lenovo ThinkPad IBM T420S, T420SI, T430SI et T430S<\/p>\n<p>&#8211; Construction robuste pour des performances durables<\/p>\n<p>&#8211; Installation facile, solution de r\u00e9paration simple<\/p>\n<p>&#8211; Fonctionnement fluide et stable de l&rsquo;\u00e9cran<\/p>\n<p>Chez Siggmo, la qualit\u00e9 et la satisfaction client sont notre priorit\u00e9. Chaque ensemble charni\u00e8re et axe est soigneusement inspect\u00e9 pour r\u00e9pondre \u00e0 nos normes rigoureuses, vous garantissant ainsi un produit fiable. Pour toute assistance suppl\u00e9mentaire, n&rsquo;h\u00e9sitez pas \u00e0 nous contacter\u00a0: notre \u00e9quipe d&rsquo;assistance d\u00e9di\u00e9e est l\u00e0 pour vous aider.<\/p>\n<p>Am\u00e9liorez votre ordinateur portable en toute confiance en choisissant nos charni\u00e8res et axes d&rsquo;\u00e9cran LCD pour Lenovo ThinkPad IBM T420S, T420SI, T430SI et T430S. Commandez d\u00e8s maintenant et d\u00e9couvrez la diff\u00e9rence de qualit\u00e9 et de performances offerte par les pi\u00e8ces d&rsquo;origine pour ordinateur portable.<\/p>\n","protected":false},"excerpt":{"rendered":"<p>Restaurez les fonctionnalit\u00e9s de votre Lenovo ThinkPad T420S, T420SI, T430SI ou T430S gr\u00e2ce \u00e0 ces charni\u00e8res et axes d&rsquo;\u00e9cran LCD durables. Con\u00e7ues pour un ajustement parfait, ces pi\u00e8ces de rechange garantissent un fonctionnement fluide et des performances durables.<\/p>\n","protected":false},"featured_media":14467,"template":"","meta":[],"product_brand":[],"product_cat":[55],"product_tag":[62],"class_list":{"0":"post-14405","1":"product","2":"type-product","3":"status-publish","4":"has-post-thumbnail","6":"product_cat-screen-hinge","7":"product_tag-lenovo","9":"first","10":"instock","11":"taxable","12":"shipping-taxable","13":"purchasable","14":"product-type-simple"},"_links":{"self":[{"href":"https:\/\/boreait.com\/fr\/wp-json\/wp\/v2\/product\/14405","targetHints":{"allow":["GET"]}}],"collection":[{"href":"https:\/\/boreait.com\/fr\/wp-json\/wp\/v2\/product"}],"about":[{"href":"https:\/\/boreait.com\/fr\/wp-json\/wp\/v2\/types\/product"}],"wp:featuredmedia":[{"embeddable":true,"href":"https:\/\/boreait.com\/fr\/wp-json\/wp\/v2\/media\/14467"}],"wp:attachment":[{"href":"https:\/\/boreait.com\/fr\/wp-json\/wp\/v2\/media?parent=14405"}],"wp:term":[{"taxonomy":"product_brand","embeddable":true,"href":"https:\/\/boreait.com\/fr\/wp-json\/wp\/v2\/product_brand?post=14405"},{"taxonomy":"product_cat","embeddable":true,"href":"https:\/\/boreait.com\/fr\/wp-json\/wp\/v2\/product_cat?post=14405"},{"taxonomy":"product_tag","embeddable":true,"href":"https:\/\/boreait.com\/fr\/wp-json\/wp\/v2\/product_tag?post=14405"}],"curies":[{"name":"wp","href":"https:\/\/api.w.org\/{rel}","templated":true}]}}