{"id":14404,"date":"2025-09-15T17:00:23","date_gmt":"2025-09-15T15:00:23","guid":{"rendered":"https:\/\/boreait.com\/fr\/?post_type=product&#038;p=14404"},"modified":"2026-01-30T08:29:38","modified_gmt":"2026-01-30T07:29:38","slug":"touches-de-clic-du-pave-tactile-60y9991-pour-ordinateur-portable-lenovo-thinkpad-t420-t420i-t430-t430i-t420s-t420si-t430s-t430si","status":"publish","type":"product","link":"https:\/\/boreait.com\/fr\/produit\/touches-de-clic-du-pave-tactile-60y9991-pour-ordinateur-portable-lenovo-thinkpad-t420-t420i-t430-t430i-t420s-t420si-t430s-t430si\/","title":{"rendered":"Touches de clic du pav\u00e9 tactile 60Y9991 pour ordinateur portable Lenovo ThinkPad T420, T420i, T430, T430i, T420S, T420Si, T430S, T430Si"},"content":{"rendered":"<p>Am\u00e9liorez votre Lenovo ThinkPad T420, T420i, T430, T430i, T420S, T420Si, T430S ou T430Si avec le bouton de touche tactile 60Y9991 d&rsquo;origine. Con\u00e7u pour une compatibilit\u00e9 et des performances optimales, ce bouton de touche tactile restaure la r\u00e9activit\u00e9 et la pr\u00e9cision de votre pav\u00e9 tactile, garantissant une exp\u00e9rience utilisateur fluide et efficace.<\/p>\n<p>Ce bouton de touche tactile de haute qualit\u00e9 est con\u00e7u pour r\u00e9pondre aux normes strictes de Lenovo, offrant une durabilit\u00e9 et une fiabilit\u00e9 dignes de confiance. Que votre bouton actuel soit us\u00e9, insensible ou endommag\u00e9, ce bouton de rechange d&rsquo;origine garantit le maintien des performances optimales de votre ordinateur portable.<\/p>\n<p>Con\u00e7u pour une installation facile, le bouton de touche tactile 60Y9991 vous permet de restaurer rapidement et facilement les fonctionnalit\u00e9s du pav\u00e9 tactile de votre ordinateur portable. Chaque bouton est rigoureusement test\u00e9 pour garantir des performances irr\u00e9prochables, ce qui en fait le choix id\u00e9al pour les r\u00e9parateurs professionnels comme pour les bricoleurs.<\/p>\n<p>Principales caract\u00e9ristiques\u00a0:<\/p>\n<p>&#8211; R\u00e9f\u00e9rence Lenovo d&rsquo;origine 60Y9991<\/p>\n<p>&#8211; Compatible avec les mod\u00e8les Lenovo ThinkPad\u00a0: T420, T420i, T430, T430i, T420S, T420Si, T430S et T430Si<\/p>\n<p>&#8211; Clic pr\u00e9cis et r\u00e9actif<\/p>\n<p>&#8211; Construction durable et fiable<\/p>\n<p>&#8211; Installation facile<\/p>\n<p>Commandez d\u00e8s aujourd&rsquo;hui le bouton 60Y9991 pour pav\u00e9 tactile et optimisez les performances de votre Lenovo ThinkPad tout en pr\u00e9servant son haut niveau de qualit\u00e9. Pour toute assistance suppl\u00e9mentaire, n&rsquo;h\u00e9sitez pas \u00e0 nous contacter pour obtenir l&rsquo;assistance et les conseils d&rsquo;experts.<\/p>\n","protected":false},"excerpt":{"rendered":"<p>Remplacez les touches de votre pav\u00e9 tactile us\u00e9 par la pi\u00e8ce d&rsquo;origine 60Y9991 pour Lenovo ThinkPad T420, T420i, T430, T430i, T420S, T420Si, T430S et T430Si. B\u00e9n\u00e9ficiez d&rsquo;un clic pr\u00e9cis et r\u00e9actif gr\u00e2ce \u00e0 cette pi\u00e8ce de rechange de haute qualit\u00e9.<\/p>\n","protected":false},"featured_media":14466,"template":"","meta":[],"product_brand":[],"product_cat":[63],"product_tag":[62],"class_list":{"0":"post-14404","1":"product","2":"type-product","3":"status-publish","4":"has-post-thumbnail","6":"product_cat-motherboards-board-parts","7":"product_tag-lenovo","9":"first","10":"instock","11":"taxable","12":"shipping-taxable","13":"purchasable","14":"product-type-simple"},"_links":{"self":[{"href":"https:\/\/boreait.com\/fr\/wp-json\/wp\/v2\/product\/14404","targetHints":{"allow":["GET"]}}],"collection":[{"href":"https:\/\/boreait.com\/fr\/wp-json\/wp\/v2\/product"}],"about":[{"href":"https:\/\/boreait.com\/fr\/wp-json\/wp\/v2\/types\/product"}],"wp:featuredmedia":[{"embeddable":true,"href":"https:\/\/boreait.com\/fr\/wp-json\/wp\/v2\/media\/14466"}],"wp:attachment":[{"href":"https:\/\/boreait.com\/fr\/wp-json\/wp\/v2\/media?parent=14404"}],"wp:term":[{"taxonomy":"product_brand","embeddable":true,"href":"https:\/\/boreait.com\/fr\/wp-json\/wp\/v2\/product_brand?post=14404"},{"taxonomy":"product_cat","embeddable":true,"href":"https:\/\/boreait.com\/fr\/wp-json\/wp\/v2\/product_cat?post=14404"},{"taxonomy":"product_tag","embeddable":true,"href":"https:\/\/boreait.com\/fr\/wp-json\/wp\/v2\/product_tag?post=14404"}],"curies":[{"name":"wp","href":"https:\/\/api.w.org\/{rel}","templated":true}]}}