{"id":14403,"date":"2025-09-15T17:00:23","date_gmt":"2025-09-15T15:00:23","guid":{"rendered":"https:\/\/boreait.com\/fr\/?post_type=product&#038;p=14403"},"modified":"2025-09-15T17:03:13","modified_gmt":"2025-09-15T15:03:13","slug":"ventilateur-de-processeur-et-dissipateur-thermique-dorigine-pour-ordinateur-portable-lenovo-thinkpad-t410s-e233037","status":"publish","type":"product","link":"https:\/\/boreait.com\/fr\/produit\/ventilateur-de-processeur-et-dissipateur-thermique-dorigine-pour-ordinateur-portable-lenovo-thinkpad-t410s-e233037\/","title":{"rendered":"Ventilateur de processeur et dissipateur thermique d&rsquo;origine pour ordinateur portable Lenovo ThinkPad T410s E233037"},"content":{"rendered":"<p>Assurez le refroidissement et l&rsquo;efficacit\u00e9 de votre Lenovo ThinkPad T410s gr\u00e2ce au ventilateur de processeur avec dissipateur thermique E233037 d&rsquo;origine pour ThinkPad T410s. Cette pi\u00e8ce de rechange de haute qualit\u00e9 est sp\u00e9cialement con\u00e7ue pour une dissipation thermique optimale et pr\u00e9server les performances et la long\u00e9vit\u00e9 de votre ordinateur portable.<\/p>\n<p>\u00c9quip\u00e9 d&rsquo;un ventilateur et d&rsquo;un dissipateur thermique d&rsquo;origine Lenovo, cette pi\u00e8ce de rechange est con\u00e7ue pour r\u00e9pondre aux sp\u00e9cifications exactes de votre ThinkPad T410s, garantissant un ajustement parfait et un fonctionnement fiable. Que vous rencontriez des probl\u00e8mes de surchauffe ou que vous ayez simplement besoin de remplacer votre ventilateur us\u00e9, ce ventilateur de processeur avec dissipateur thermique est la solution id\u00e9ale.<\/p>\n<p>L&rsquo;installation est simple et vous permet de remplacer rapidement et facilement votre ventilateur et votre dissipateur thermique. Sa construction robuste garantit des performances durables et maintient votre ordinateur portable au frais, m\u00eame en cas d&rsquo;utilisation intensive. Avec cette pi\u00e8ce d&rsquo;origine Lenovo, vous pouvez \u00eatre s\u00fbr que votre ThinkPad T410s continuera de fonctionner correctement et efficacement.<br \/>\nNe faites aucun compromis sur la qualit\u00e9 du syst\u00e8me de refroidissement de votre ordinateur portable. Investissez dans le ventilateur de processeur avec dissipateur thermique E233037 d&rsquo;origine pour Lenovo ThinkPad T410s et profitez de la tranquillit\u00e9 d&rsquo;esprit\u00a0: votre appareil est prot\u00e9g\u00e9 contre la surchauffe. Commandez le v\u00f4tre d\u00e8s aujourd&rsquo;hui et optimisez les performances de votre Lenovo ThinkPad T410s.<\/p>\n","protected":false},"excerpt":{"rendered":"<p>Maintenez votre Lenovo ThinkPad T410s au frais gr\u00e2ce \u00e0 ce ventilateur de processeur d&rsquo;origine avec dissipateur thermique. Con\u00e7u pour une dissipation thermique optimale et un refroidissement efficace, ce ventilateur de remplacement de haute qualit\u00e9 garantit un fonctionnement fluide et fiable de votre ordinateur portable.<\/p>\n","protected":false},"featured_media":14459,"template":"","meta":[],"product_brand":[],"product_cat":[69],"product_tag":[62],"class_list":{"0":"post-14403","1":"product","2":"type-product","3":"status-publish","4":"has-post-thumbnail","6":"product_cat-cpu-fans-heatsinks","7":"product_tag-lenovo","9":"first","10":"instock","11":"taxable","12":"shipping-taxable","13":"purchasable","14":"product-type-simple"},"_links":{"self":[{"href":"https:\/\/boreait.com\/fr\/wp-json\/wp\/v2\/product\/14403","targetHints":{"allow":["GET"]}}],"collection":[{"href":"https:\/\/boreait.com\/fr\/wp-json\/wp\/v2\/product"}],"about":[{"href":"https:\/\/boreait.com\/fr\/wp-json\/wp\/v2\/types\/product"}],"wp:featuredmedia":[{"embeddable":true,"href":"https:\/\/boreait.com\/fr\/wp-json\/wp\/v2\/media\/14459"}],"wp:attachment":[{"href":"https:\/\/boreait.com\/fr\/wp-json\/wp\/v2\/media?parent=14403"}],"wp:term":[{"taxonomy":"product_brand","embeddable":true,"href":"https:\/\/boreait.com\/fr\/wp-json\/wp\/v2\/product_brand?post=14403"},{"taxonomy":"product_cat","embeddable":true,"href":"https:\/\/boreait.com\/fr\/wp-json\/wp\/v2\/product_cat?post=14403"},{"taxonomy":"product_tag","embeddable":true,"href":"https:\/\/boreait.com\/fr\/wp-json\/wp\/v2\/product_tag?post=14403"}],"curies":[{"name":"wp","href":"https:\/\/api.w.org\/{rel}","templated":true}]}}