{"id":14402,"date":"2025-09-15T17:00:23","date_gmt":"2025-09-15T15:00:23","guid":{"rendered":"https:\/\/boreait.com\/fr\/?post_type=product&#038;p=14402"},"modified":"2026-01-30T08:29:23","modified_gmt":"2026-01-30T07:29:23","slug":"cable-video-lcd-dorigine-pour-ordinateur-portable-lenovo-thinkpad-t430s-t430si-t420si-et-t420s-04w1686","status":"publish","type":"product","link":"https:\/\/boreait.com\/fr\/produit\/cable-video-lcd-dorigine-pour-ordinateur-portable-lenovo-thinkpad-t430s-t430si-t420si-et-t420s-04w1686\/","title":{"rendered":"C\u00e2ble vid\u00e9o LCD d&rsquo;origine pour ordinateur portable Lenovo ThinkPad T430S, T430Si, T420Si et T420S (04W1686)"},"content":{"rendered":"<p>Restaurez les performances d&rsquo;affichage de votre Lenovo ThinkPad avec le c\u00e2ble vid\u00e9o LCD 04W1686 d&rsquo;origine pour Lenovo ThinkPad T430S, T430Si, T420Si et T420S. Con\u00e7u pour une compatibilit\u00e9 optimale et une fonctionnalit\u00e9 optimale, ce c\u00e2ble vid\u00e9o de remplacement de haute qualit\u00e9 garantit le parfait fonctionnement de l&rsquo;\u00e9cran de votre ordinateur portable.<\/p>\n<p>Que vous rencontriez des probl\u00e8mes d&rsquo;affichage ou que vous souhaitiez simplement mettre \u00e0 niveau votre ordinateur portable, cette pi\u00e8ce d&rsquo;origine Lenovo offre la fiabilit\u00e9 et les performances dont vous avez besoin. Con\u00e7u pour r\u00e9pondre aux normes les plus strictes, ce c\u00e2ble garantit une sortie vid\u00e9o claire et ininterrompue, pr\u00e9servant ainsi l&rsquo;int\u00e9grit\u00e9 de l&rsquo;\u00e9cran de votre ThinkPad.<\/p>\n<p>L&rsquo;installation de ce c\u00e2ble vid\u00e9o LCD est simple, ce qui en fait la solution id\u00e9ale pour les bricoleurs comme pour les techniciens professionnels. Sa construction robuste garantit des performances durables, vous permettant ainsi de garantir un \u00e9cran d&rsquo;ordinateur portable en parfait \u00e9tat.<\/p>\n<p>D\u00e9couvrez la qualit\u00e9 et la fiabilit\u00e9 des pi\u00e8ces d&rsquo;origine Lenovo avec le c\u00e2ble vid\u00e9o LCD 04W1686 pour Lenovo ThinkPad T430S, T430Si, T420Si et T420S. Assurez le parfait fonctionnement de l&rsquo;\u00e9cran de votre ordinateur portable en choisissant cette pi\u00e8ce de rechange d&rsquo;origine. Commandez d\u00e8s maintenant et profitez d&rsquo;une exp\u00e9rience visuelle optimale sur votre Lenovo ThinkPad.<\/p>\n","protected":false},"excerpt":{"rendered":"<p>Remplacez votre c\u00e2ble vid\u00e9o LCD endommag\u00e9 ou d\u00e9fectueux par ce c\u00e2ble d&rsquo;origine pour Lenovo ThinkPad T430S, T430Si, T420Si et T420S. B\u00e9n\u00e9ficiez d&rsquo;un affichage clair et ininterrompu gr\u00e2ce \u00e0 cette pi\u00e8ce de rechange de haute qualit\u00e9 et facile \u00e0 installer.<\/p>\n","protected":false},"featured_media":14458,"template":"","meta":[],"product_brand":[],"product_cat":[56],"product_tag":[62],"class_list":{"0":"post-14402","1":"product","2":"type-product","3":"status-publish","4":"has-post-thumbnail","6":"product_cat-cables","7":"product_tag-lenovo","9":"first","10":"instock","11":"taxable","12":"shipping-taxable","13":"purchasable","14":"product-type-simple"},"_links":{"self":[{"href":"https:\/\/boreait.com\/fr\/wp-json\/wp\/v2\/product\/14402","targetHints":{"allow":["GET"]}}],"collection":[{"href":"https:\/\/boreait.com\/fr\/wp-json\/wp\/v2\/product"}],"about":[{"href":"https:\/\/boreait.com\/fr\/wp-json\/wp\/v2\/types\/product"}],"wp:featuredmedia":[{"embeddable":true,"href":"https:\/\/boreait.com\/fr\/wp-json\/wp\/v2\/media\/14458"}],"wp:attachment":[{"href":"https:\/\/boreait.com\/fr\/wp-json\/wp\/v2\/media?parent=14402"}],"wp:term":[{"taxonomy":"product_brand","embeddable":true,"href":"https:\/\/boreait.com\/fr\/wp-json\/wp\/v2\/product_brand?post=14402"},{"taxonomy":"product_cat","embeddable":true,"href":"https:\/\/boreait.com\/fr\/wp-json\/wp\/v2\/product_cat?post=14402"},{"taxonomy":"product_tag","embeddable":true,"href":"https:\/\/boreait.com\/fr\/wp-json\/wp\/v2\/product_tag?post=14402"}],"curies":[{"name":"wp","href":"https:\/\/api.w.org\/{rel}","templated":true}]}}