{"id":14400,"date":"2025-09-15T17:00:21","date_gmt":"2025-09-15T15:00:21","guid":{"rendered":"https:\/\/boreait.com\/fr\/?post_type=product&#038;p=14400"},"modified":"2026-01-30T08:18:40","modified_gmt":"2026-01-30T07:18:40","slug":"carte-mere-mobile-haut-debit-wwan-lenovo-thinkpad-t530-t530i-dorigine-04w3786-2","status":"publish","type":"product","link":"https:\/\/boreait.com\/fr\/produit\/carte-mere-mobile-haut-debit-wwan-lenovo-thinkpad-t530-t530i-dorigine-04w3786-2\/","title":{"rendered":"Carte m\u00e8re mobile haut d\u00e9bit WWAN Lenovo ThinkPad T530 T530i d&rsquo;origine 04W3786"},"content":{"rendered":"<p>Am\u00e9liorez la connectivit\u00e9 de votre ordinateur portable Lenovo Thinkpad T530 T530i avec la carte m\u00e8re WWAN d&rsquo;origine, r\u00e9f\u00e9rence 04W3786. Con\u00e7ue pour une compatibilit\u00e9 optimale et des performances fiables, cette pi\u00e8ce de rechange authentique garantit une installation facile et des performances haut d\u00e9bit mobiles am\u00e9lior\u00e9es.<\/p>\n<p>Principales caract\u00e9ristiques\u00a0:<\/p>\n<p>&#8211; Pi\u00e8ce de rechange Lenovo d&rsquo;origine\u00a0: Compatibilit\u00e9 et fiabilit\u00e9 garanties avec une pi\u00e8ce de rechange authentique.<\/p>\n<p>&#8211; Installation facile\u00a0: Am\u00e9liorez la connectivit\u00e9 de votre appareil sans effort gr\u00e2ce \u00e0 une installation simple.<\/p>\n<p>&#8211; Capacit\u00e9s haut d\u00e9bit mobile am\u00e9lior\u00e9es\u00a0: Am\u00e9liorez les performances haut d\u00e9bit mobile de votre ordinateur portable pour une productivit\u00e9 accrue en d\u00e9placement.<\/p>\n<p>&#8211; Construction durable\u00a0: Con\u00e7ue pour durer, elle garantit long\u00e9vit\u00e9 et fiabilit\u00e9.<\/p>\n<p>Am\u00e9liorez votre ordinateur portable Lenovo Thinkpad T530 T530i d\u00e8s aujourd&rsquo;hui avec la carte m\u00e8re WWAN d&rsquo;origine. Achetez en toute confiance, sachant que vous investissez dans une pi\u00e8ce de rechange de qualit\u00e9 pour votre appareil. Pour toute question ou besoin d&rsquo;aide, n&rsquo;h\u00e9sitez pas \u00e0 nous contacter. Nous sommes l\u00e0 pour vous aider \u00e0 am\u00e9liorer la connectivit\u00e9 de votre appareil.<\/p>\n","protected":false},"excerpt":{"rendered":"<p>Am\u00e9liorez la connectivit\u00e9 de votre Lenovo Thinkpad T530 T530i avec cette carte haut d\u00e9bit mobile WWAN d&rsquo;origine. Facile \u00e0 installer et compatible avec la r\u00e9f\u00e9rence 04W3786. Am\u00e9liorez les capacit\u00e9s haut d\u00e9bit mobile de votre appareil d\u00e8s aujourd&rsquo;hui\u00a0!<\/p>\n","protected":false},"featured_media":14456,"template":"","meta":[],"product_brand":[],"product_cat":[63],"product_tag":[62],"class_list":{"0":"post-14400","1":"product","2":"type-product","3":"status-publish","4":"has-post-thumbnail","6":"product_cat-motherboards-board-parts","7":"product_tag-lenovo","9":"first","10":"instock","11":"taxable","12":"shipping-taxable","13":"purchasable","14":"product-type-simple"},"_links":{"self":[{"href":"https:\/\/boreait.com\/fr\/wp-json\/wp\/v2\/product\/14400","targetHints":{"allow":["GET"]}}],"collection":[{"href":"https:\/\/boreait.com\/fr\/wp-json\/wp\/v2\/product"}],"about":[{"href":"https:\/\/boreait.com\/fr\/wp-json\/wp\/v2\/types\/product"}],"wp:featuredmedia":[{"embeddable":true,"href":"https:\/\/boreait.com\/fr\/wp-json\/wp\/v2\/media\/14456"}],"wp:attachment":[{"href":"https:\/\/boreait.com\/fr\/wp-json\/wp\/v2\/media?parent=14400"}],"wp:term":[{"taxonomy":"product_brand","embeddable":true,"href":"https:\/\/boreait.com\/fr\/wp-json\/wp\/v2\/product_brand?post=14400"},{"taxonomy":"product_cat","embeddable":true,"href":"https:\/\/boreait.com\/fr\/wp-json\/wp\/v2\/product_cat?post=14400"},{"taxonomy":"product_tag","embeddable":true,"href":"https:\/\/boreait.com\/fr\/wp-json\/wp\/v2\/product_tag?post=14400"}],"curies":[{"name":"wp","href":"https:\/\/api.w.org\/{rel}","templated":true}]}}