{"id":14399,"date":"2025-09-15T17:00:19","date_gmt":"2025-09-15T15:00:19","guid":{"rendered":"https:\/\/boreait.com\/fr\/?post_type=product&#038;p=14399"},"modified":"2025-09-15T17:02:54","modified_gmt":"2025-09-15T15:02:54","slug":"connecteur-dalimentation-cc-pour-ordinateur-portable-lenovo-thinkpad-t430si-t430s-t420si-et-t420s","status":"publish","type":"product","link":"https:\/\/boreait.com\/fr\/produit\/connecteur-dalimentation-cc-pour-ordinateur-portable-lenovo-thinkpad-t430si-t430s-t420si-et-t420s\/","title":{"rendered":"Connecteur d&rsquo;alimentation CC pour ordinateur portable Lenovo ThinkPad T430SI, T430S, T420si et T420S"},"content":{"rendered":"<p>Assurez-vous que votre ordinateur portable Lenovo ThinkPad T430SI, T430S, T420si ou T420S reste aliment\u00e9 et pr\u00eat \u00e0 fonctionner gr\u00e2ce au connecteur de carte d&rsquo;alimentation CC d&rsquo;origine pour Lenovo ThinkPad T430SI T430S T420si T420S. Cette pi\u00e8ce de rechange de haute qualit\u00e9 est con\u00e7ue pour fournir une connexion \u00e9lectrique stable et fiable, garantissant un fonctionnement fluide et efficace de votre ordinateur portable.<\/p>\n<p>Con\u00e7u pour r\u00e9pondre aux normes strictes de Lenovo en mati\u00e8re de qualit\u00e9 et de compatibilit\u00e9, ce connecteur de carte d&rsquo;alimentation CC est la solution id\u00e9ale pour r\u00e9parer ou mettre \u00e0 niveau votre ThinkPad. Que votre connecteur actuel soit endommag\u00e9 ou que vous rencontriez des probl\u00e8mes d&rsquo;alimentation, cette pi\u00e8ce de rechange d&rsquo;origine restaurera les fonctionnalit\u00e9s de votre ordinateur portable.<\/p>\n<p>L&rsquo;installation est simple, vous permettant de remplacer rapidement et facilement le connecteur d\u00e9fectueux et de retrouver des performances optimales. Gr\u00e2ce \u00e0 sa construction robuste et \u00e0 sa conception pr\u00e9cise, ce connecteur de carte d&rsquo;alimentation offre une fiabilit\u00e9 et une tranquillit\u00e9 d&rsquo;esprit durables. Commandez d\u00e8s aujourd&rsquo;hui le connecteur d&rsquo;alimentation CC d&rsquo;origine pour Lenovo ThinkPad T430SI, T430S, T420si et T420S et maintenez votre ordinateur portable aliment\u00e9 et pr\u00eat \u00e0 l&#8217;emploi. Profitez de la confiance que vous procurent les pi\u00e8ces Lenovo authentiques et assurez-vous que votre ThinkPad continue de vous offrir les performances que vous attendez.<\/p>\n","protected":false},"excerpt":{"rendered":"<p>Remplacez le connecteur de votre carte jack d&rsquo;alimentation CC endommag\u00e9 par cette pi\u00e8ce d&rsquo;origine Lenovo. Con\u00e7u pour les mod\u00e8les ThinkPad T430SI, T430S, T420si et T420S, ce connecteur assure une connexion \u00e9lectrique fiable et est facile \u00e0 installer.<\/p>\n","protected":false},"featured_media":14455,"template":"","meta":[],"product_brand":[],"product_cat":[63],"product_tag":[62],"class_list":{"0":"post-14399","1":"product","2":"type-product","3":"status-publish","4":"has-post-thumbnail","6":"product_cat-motherboards-board-parts","7":"product_tag-lenovo","9":"first","10":"instock","11":"taxable","12":"shipping-taxable","13":"purchasable","14":"product-type-simple"},"_links":{"self":[{"href":"https:\/\/boreait.com\/fr\/wp-json\/wp\/v2\/product\/14399","targetHints":{"allow":["GET"]}}],"collection":[{"href":"https:\/\/boreait.com\/fr\/wp-json\/wp\/v2\/product"}],"about":[{"href":"https:\/\/boreait.com\/fr\/wp-json\/wp\/v2\/types\/product"}],"wp:featuredmedia":[{"embeddable":true,"href":"https:\/\/boreait.com\/fr\/wp-json\/wp\/v2\/media\/14455"}],"wp:attachment":[{"href":"https:\/\/boreait.com\/fr\/wp-json\/wp\/v2\/media?parent=14399"}],"wp:term":[{"taxonomy":"product_brand","embeddable":true,"href":"https:\/\/boreait.com\/fr\/wp-json\/wp\/v2\/product_brand?post=14399"},{"taxonomy":"product_cat","embeddable":true,"href":"https:\/\/boreait.com\/fr\/wp-json\/wp\/v2\/product_cat?post=14399"},{"taxonomy":"product_tag","embeddable":true,"href":"https:\/\/boreait.com\/fr\/wp-json\/wp\/v2\/product_tag?post=14399"}],"curies":[{"name":"wp","href":"https:\/\/api.w.org\/{rel}","templated":true}]}}