{"id":14385,"date":"2025-09-15T16:59:38","date_gmt":"2025-09-15T14:59:38","guid":{"rendered":"https:\/\/boreait.com\/fr\/?post_type=product&#038;p=14385"},"modified":"2026-01-30T08:18:24","modified_gmt":"2026-01-30T07:18:24","slug":"cable-de-camera-lcd-dorigine-pour-ordinateur-portable-lenovo-thinkpad-t430si-t430s-t420si-et-t420s-50-4kf05-001-04w1685","status":"publish","type":"product","link":"https:\/\/boreait.com\/fr\/produit\/cable-de-camera-lcd-dorigine-pour-ordinateur-portable-lenovo-thinkpad-t430si-t430s-t420si-et-t420s-50-4kf05-001-04w1685\/","title":{"rendered":"C\u00e2ble de cam\u00e9ra LCD d&rsquo;origine pour ordinateur portable Lenovo ThinkPad T430SI, T430S, T420si et T420S (50.4KF05.001 04W1685)"},"content":{"rendered":"<p>Am\u00e9liorez les fonctionnalit\u00e9s de votre Lenovo ThinkPad T430SI, T430S, T420si ou T420S avec le c\u00e2ble de cam\u00e9ra LCD d&rsquo;origine Lenovo ThinkPad T430SI T430S T420si T420S 50.4KF05.001 04W1685. Ce c\u00e2ble de remplacement de qualit\u00e9 sup\u00e9rieure est con\u00e7u pour une int\u00e9gration parfaite, garantissant le retour parfait de la cam\u00e9ra de votre ordinateur portable.<\/p>\n<p>Ce c\u00e2ble de cam\u00e9ra LCD d&rsquo;origine Lenovo est la solution id\u00e9ale pour ceux qui rencontrent des probl\u00e8mes avec leur c\u00e2ble actuel ou qui recherchent un c\u00e2ble de remplacement fiable. Fabriqu\u00e9 selon les normes de qualit\u00e9 et de compatibilit\u00e9 les plus strictes, il garantit des performances et une fiabilit\u00e9 optimales pour la cam\u00e9ra de votre ordinateur portable.<\/p>\n<p>L&rsquo;installation est simple et sans tracas, ce qui vous permet de remettre votre ordinateur portable en parfait \u00e9tat. Gr\u00e2ce \u00e0 sa construction robuste, ce c\u00e2ble de cam\u00e9ra LCD garantit durabilit\u00e9 et utilisation durable, vous offrant une tranquillit\u00e9 d&rsquo;esprit lors de votre r\u00e9paration. Choisissez le c\u00e2ble de cam\u00e9ra LCD 50.4KF05.001 04W1685 d&rsquo;origine pour Lenovo ThinkPad T430SI, T430S, T420si et T420S afin de restaurer toutes les fonctionnalit\u00e9s de votre ordinateur portable. Que vous ayez besoin de remplacer un c\u00e2ble d\u00e9fectueux ou de mettre \u00e0 niveau votre c\u00e2ble actuel, cette pi\u00e8ce d&rsquo;origine est la solution id\u00e9ale. Commandez d\u00e8s maintenant et assurez-vous que votre Lenovo ThinkPad continue de fonctionner \u00e0 son meilleur niveau.<\/p>\n","protected":false},"excerpt":{"rendered":"<p>Restaurez votre Lenovo ThinkPad T430SI, T430S, T420si ou T420S avec ce c\u00e2ble de cam\u00e9ra LCD d&rsquo;origine. Cette pi\u00e8ce de rechange de haute qualit\u00e9 garantit des performances fiables et une installation facile, id\u00e9ale pour la r\u00e9paration de votre ordinateur portable.<\/p>\n","protected":false},"featured_media":14450,"template":"","meta":[],"product_brand":[],"product_cat":[56],"product_tag":[62],"class_list":{"0":"post-14385","1":"product","2":"type-product","3":"status-publish","4":"has-post-thumbnail","6":"product_cat-cables","7":"product_tag-lenovo","9":"first","10":"instock","11":"taxable","12":"shipping-taxable","13":"purchasable","14":"product-type-simple"},"_links":{"self":[{"href":"https:\/\/boreait.com\/fr\/wp-json\/wp\/v2\/product\/14385","targetHints":{"allow":["GET"]}}],"collection":[{"href":"https:\/\/boreait.com\/fr\/wp-json\/wp\/v2\/product"}],"about":[{"href":"https:\/\/boreait.com\/fr\/wp-json\/wp\/v2\/types\/product"}],"wp:featuredmedia":[{"embeddable":true,"href":"https:\/\/boreait.com\/fr\/wp-json\/wp\/v2\/media\/14450"}],"wp:attachment":[{"href":"https:\/\/boreait.com\/fr\/wp-json\/wp\/v2\/media?parent=14385"}],"wp:term":[{"taxonomy":"product_brand","embeddable":true,"href":"https:\/\/boreait.com\/fr\/wp-json\/wp\/v2\/product_brand?post=14385"},{"taxonomy":"product_cat","embeddable":true,"href":"https:\/\/boreait.com\/fr\/wp-json\/wp\/v2\/product_cat?post=14385"},{"taxonomy":"product_tag","embeddable":true,"href":"https:\/\/boreait.com\/fr\/wp-json\/wp\/v2\/product_tag?post=14385"}],"curies":[{"name":"wp","href":"https:\/\/api.w.org\/{rel}","templated":true}]}}