{"id":14384,"date":"2025-09-15T16:59:38","date_gmt":"2025-09-15T14:59:38","guid":{"rendered":"https:\/\/boreait.com\/fr\/?post_type=product&#038;p=14384"},"modified":"2025-09-15T17:02:38","modified_gmt":"2025-09-15T15:02:38","slug":"lecteur-dempreintes-digitales-dorigine-pour-ordinateur-portable-lenovo-thinkpad-x1-bd-55-4qe03-011-48-4qe18-011","status":"publish","type":"product","link":"https:\/\/boreait.com\/fr\/produit\/lecteur-dempreintes-digitales-dorigine-pour-ordinateur-portable-lenovo-thinkpad-x1-bd-55-4qe03-011-48-4qe18-011\/","title":{"rendered":"Lecteur d&#8217;empreintes digitales d&rsquo;origine pour ordinateur portable Lenovo ThinkPad X1 BD 55.4QE03.011 48.4QE18.011"},"content":{"rendered":"<p>Am\u00e9liorez la s\u00e9curit\u00e9 et les fonctionnalit\u00e9s de votre Lenovo ThinkPad X1 avec le lecteur d&#8217;empreintes digitales d&rsquo;origine Lenovo ThinkPad X1 BD 55.4QE03.011 48.4QE18.011. Con\u00e7ue pour la pr\u00e9cision et la compatibilit\u00e9, cette carte de remplacement pour lecteur d&#8217;empreintes digitales s&rsquo;int\u00e8gre parfaitement \u00e0 votre appareil, offrant une reconnaissance d&#8217;empreintes digitales fiable et pr\u00e9cise pour une s\u00e9curit\u00e9 renforc\u00e9e.<\/p>\n<p>Offrant la qualit\u00e9 Lenovo authentique, cette carte de remplacement est la solution id\u00e9ale pour restaurer la fonctionnalit\u00e9 de lecture d&#8217;empreintes digitales de votre ordinateur portable \u00e0 son \u00e9tat d&rsquo;origine. Que vous remplaciez un lecteur d\u00e9fectueux ou que vous le mettiez \u00e0 niveau pour b\u00e9n\u00e9ficier de fonctionnalit\u00e9s de s\u00e9curit\u00e9 avanc\u00e9es, cette pi\u00e8ce de rechange d&rsquo;origine est con\u00e7ue pour r\u00e9pondre aux normes de qualit\u00e9 et de performance les plus \u00e9lev\u00e9es.<\/p>\n<p>L&rsquo;installation est simple et rapide, vous permettant de b\u00e9n\u00e9ficier d&rsquo;une s\u00e9curit\u00e9 et d&rsquo;un confort accrus en un rien de temps. Gr\u00e2ce \u00e0 sa construction robuste et \u00e0 ses performances fiables, vous pouvez \u00eatre s\u00fbr que votre Lenovo ThinkPad X1 sera prot\u00e9g\u00e9 contre les acc\u00e8s non autoris\u00e9s et pr\u00eat \u00e0 l&#8217;emploi d\u00e8s que vous en aurez besoin.<\/p>\n<p>D\u00e9couvrez la diff\u00e9rence des pi\u00e8ces d\u00e9tach\u00e9es Lenovo d&rsquo;origine et assurez-vous que votre ordinateur portable continue d&rsquo;offrir une s\u00e9curit\u00e9 et des performances fiables gr\u00e2ce au lecteur d&#8217;empreintes digitales Lenovo ThinkPad X1 BD 55.4QE03.011 48.4QE18.011 d&rsquo;origine. Commandez le v\u00f4tre d\u00e8s aujourd&rsquo;hui et ayez l&rsquo;esprit tranquille\u00a0: votre appareil est prot\u00e9g\u00e9.<\/p>\n","protected":false},"excerpt":{"rendered":"<p>Restaurez la s\u00e9curit\u00e9 et le confort de votre Lenovo ThinkPad X1 gr\u00e2ce \u00e0 cette carte de lecteur d&#8217;empreintes digitales d&rsquo;origine. Con\u00e7ue pour une int\u00e9gration parfaite, cette carte de remplacement de haute qualit\u00e9 assure une reconnaissance pr\u00e9cise des empreintes digitales et un acc\u00e8s facile \u00e0 votre appareil. Am\u00e9liorez votre ordinateur portable d\u00e8s aujourd&rsquo;hui\u00a0!<\/p>\n","protected":false},"featured_media":14449,"template":"","meta":[],"product_brand":[],"product_cat":[63],"product_tag":[62],"class_list":{"0":"post-14384","1":"product","2":"type-product","3":"status-publish","4":"has-post-thumbnail","6":"product_cat-motherboards-board-parts","7":"product_tag-lenovo","9":"first","10":"instock","11":"taxable","12":"shipping-taxable","13":"purchasable","14":"product-type-simple"},"_links":{"self":[{"href":"https:\/\/boreait.com\/fr\/wp-json\/wp\/v2\/product\/14384","targetHints":{"allow":["GET"]}}],"collection":[{"href":"https:\/\/boreait.com\/fr\/wp-json\/wp\/v2\/product"}],"about":[{"href":"https:\/\/boreait.com\/fr\/wp-json\/wp\/v2\/types\/product"}],"wp:featuredmedia":[{"embeddable":true,"href":"https:\/\/boreait.com\/fr\/wp-json\/wp\/v2\/media\/14449"}],"wp:attachment":[{"href":"https:\/\/boreait.com\/fr\/wp-json\/wp\/v2\/media?parent=14384"}],"wp:term":[{"taxonomy":"product_brand","embeddable":true,"href":"https:\/\/boreait.com\/fr\/wp-json\/wp\/v2\/product_brand?post=14384"},{"taxonomy":"product_cat","embeddable":true,"href":"https:\/\/boreait.com\/fr\/wp-json\/wp\/v2\/product_cat?post=14384"},{"taxonomy":"product_tag","embeddable":true,"href":"https:\/\/boreait.com\/fr\/wp-json\/wp\/v2\/product_tag?post=14384"}],"curies":[{"name":"wp","href":"https:\/\/api.w.org\/{rel}","templated":true}]}}