{"id":14383,"date":"2025-09-15T16:59:38","date_gmt":"2025-09-15T14:59:38","guid":{"rendered":"https:\/\/boreait.com\/fr\/?post_type=product&#038;p=14383"},"modified":"2025-09-15T17:02:36","modified_gmt":"2025-09-15T15:02:36","slug":"pieces-de-rechange-dorigine-pour-repose-poignets-dordinateur-portable-lenovo-thinkpad-t430s-14-pouces-fru-04w3495","status":"publish","type":"product","link":"https:\/\/boreait.com\/fr\/produit\/pieces-de-rechange-dorigine-pour-repose-poignets-dordinateur-portable-lenovo-thinkpad-t430s-14-pouces-fru-04w3495\/","title":{"rendered":"Pi\u00e8ces de rechange d&rsquo;origine pour repose-poignets d&rsquo;ordinateur portable Lenovo ThinkPad T430s 14 pouces (FRU 04W3495)"},"content":{"rendered":"<p>Redonnez vie \u00e0 votre Lenovo ThinkPad T430s gr\u00e2ce au repose-poignets d&rsquo;origine pour ordinateur portable 14&Prime; Lenovo ThinkPad T430s (FRU 04W3495). Con\u00e7u pour r\u00e9pondre aux normes Lenovo les plus strictes, ce repose-poignets de rechange est fabriqu\u00e9 avec pr\u00e9cision pour garantir un ajustement parfait et une int\u00e9gration parfaite \u00e0 votre ordinateur portable.<\/p>\n<p>Avec sa construction durable et la qualit\u00e9 Lenovo authentique, ce repose-poignets de rechange est la solution id\u00e9ale pour restaurer votre ordinateur portable \u00e0 son \u00e9tat d&rsquo;origine. Que vous ayez un repose-poignets endommag\u00e9 ou que vous souhaitiez simplement rafra\u00eechir l&rsquo;apparence de votre appareil, cette pi\u00e8ce de rechange d&rsquo;origine offre les performances et la fiabilit\u00e9 dont vous avez besoin.<\/p>\n<p>L&rsquo;installation est un jeu d&rsquo;enfant gr\u00e2ce \u00e0 la conception intuitive de ce repose-poignets de rechange. Gr\u00e2ce \u00e0 des instructions faciles \u00e0 suivre et une installation simple, votre Lenovo ThinkPad T430s retrouvera son \u00e9tat d&rsquo;origine en un rien de temps.<\/p>\n<p>Investissez dans la qualit\u00e9 et la fiabilit\u00e9 des pi\u00e8ces Lenovo d&rsquo;origine et assurez-vous que votre ordinateur portable continue de fonctionner au mieux de ses performances. Ne laissez pas un repose-poignets endommag\u00e9 vous g\u00e2cher la vie. Ne nuit pas \u00e0 votre exp\u00e9rience informatique \u2013 passez d\u00e8s aujourd&rsquo;hui au repose-poignets pour ordinateur portable Lenovo ThinkPad T430s 14&Prime; FRU 04W3495 d&rsquo;origine.<\/p>\n","protected":false},"excerpt":{"rendered":"<p>Restaurez l&rsquo;\u00e9l\u00e9gance et la fonctionnalit\u00e9 de votre Lenovo ThinkPad T430s gr\u00e2ce \u00e0 ce repose-poignet de remplacement d&rsquo;origine. Fabriqu\u00e9 selon des sp\u00e9cifications pr\u00e9cises, ce repose-poignet FRU 04W3495 de haute qualit\u00e9 est facile \u00e0 installer, garantissant une r\u00e9paration sans accroc pour votre ordinateur portable.<\/p>\n","protected":false},"featured_media":14447,"template":"","meta":[],"product_brand":[],"product_cat":[52],"product_tag":[62],"class_list":{"0":"post-14383","1":"product","2":"type-product","3":"status-publish","4":"has-post-thumbnail","6":"product_cat-laptop-housing","7":"product_tag-lenovo","9":"first","10":"instock","11":"taxable","12":"shipping-taxable","13":"purchasable","14":"product-type-simple"},"_links":{"self":[{"href":"https:\/\/boreait.com\/fr\/wp-json\/wp\/v2\/product\/14383","targetHints":{"allow":["GET"]}}],"collection":[{"href":"https:\/\/boreait.com\/fr\/wp-json\/wp\/v2\/product"}],"about":[{"href":"https:\/\/boreait.com\/fr\/wp-json\/wp\/v2\/types\/product"}],"wp:featuredmedia":[{"embeddable":true,"href":"https:\/\/boreait.com\/fr\/wp-json\/wp\/v2\/media\/14447"}],"wp:attachment":[{"href":"https:\/\/boreait.com\/fr\/wp-json\/wp\/v2\/media?parent=14383"}],"wp:term":[{"taxonomy":"product_brand","embeddable":true,"href":"https:\/\/boreait.com\/fr\/wp-json\/wp\/v2\/product_brand?post=14383"},{"taxonomy":"product_cat","embeddable":true,"href":"https:\/\/boreait.com\/fr\/wp-json\/wp\/v2\/product_cat?post=14383"},{"taxonomy":"product_tag","embeddable":true,"href":"https:\/\/boreait.com\/fr\/wp-json\/wp\/v2\/product_tag?post=14383"}],"curies":[{"name":"wp","href":"https:\/\/api.w.org\/{rel}","templated":true}]}}