{"id":14382,"date":"2025-09-15T16:59:38","date_gmt":"2025-09-15T14:59:38","guid":{"rendered":"https:\/\/boreait.com\/fr\/?post_type=product&#038;p=14382"},"modified":"2025-09-15T17:02:28","modified_gmt":"2025-09-15T15:02:28","slug":"cache-ecran-lcd-dorigine-pour-ordinateur-portable-lenovo-thinkpad-t430s-14-60-4kf12-003-0a86539-pieces-detachees","status":"publish","type":"product","link":"https:\/\/boreait.com\/fr\/produit\/cache-ecran-lcd-dorigine-pour-ordinateur-portable-lenovo-thinkpad-t430s-14-60-4kf12-003-0a86539-pieces-detachees\/","title":{"rendered":"Cache \u00e9cran LCD d&rsquo;origine pour ordinateur portable Lenovo ThinkPad T430s 14&Prime; (60.4KF12.003 0A86539) &#8211; Pi\u00e8ces d\u00e9tach\u00e9es"},"content":{"rendered":"<p>Redonnez vie \u00e0 votre ordinateur portable Lenovo ThinkPad T430s 14&Prime; gr\u00e2ce au cache \u00e9cran LCD de remplacement d&rsquo;origine pour ordinateur portable Lenovo ThinkPad T430s 14&Prime;, r\u00e9f\u00e9rence 60.4KF12.003 0A86539. Fabriqu\u00e9 avec pr\u00e9cision et con\u00e7u pour durer, ce cache s&rsquo;int\u00e8gre parfaitement \u00e0 votre appareil, offrant un ajustement parfait et restaurant l&rsquo;\u00e9l\u00e9gance et le professionnalisme de votre ordinateur portable.<\/p>\n<p>Que votre cache actuel soit endommag\u00e9, fissur\u00e9 ou pr\u00e9sente simplement des signes d&rsquo;usure, cette pi\u00e8ce de rechange d&rsquo;origine offre une solution fiable. Fabriqu\u00e9e \u00e0 partir de mat\u00e9riaux de haute qualit\u00e9, elle garantit une durabilit\u00e9 et un maintien parfaits, vous offrant ainsi la tranquillit\u00e9 d&rsquo;esprit de savoir que votre ordinateur portable est prot\u00e9g\u00e9.<\/p>\n<p>L&rsquo;installation est simple et rapide, vous permettant de remplacer facilement votre ancien cache par cette pi\u00e8ce Lenovo d&rsquo;origine. Retirez simplement l&rsquo;ancien cache et installez-le pour une mise \u00e0 niveau simple et rapide. Am\u00e9liorez l&rsquo;apparence et les fonctionnalit\u00e9s de votre ordinateur portable Lenovo ThinkPad T430s 14&Prime; gr\u00e2ce au cache LCD de remplacement d&rsquo;origine pour ordinateur portable Lenovo ThinkPad T430s 14&Prime;, r\u00e9f\u00e9rence 60.4KF12.003 0A86539. Commandez le v\u00f4tre d\u00e8s aujourd&rsquo;hui et profitez d&rsquo;un ordinateur portable modernis\u00e9 et professionnel.<\/p>\n","protected":false},"excerpt":{"rendered":"<p>Remplacez le cache LCD endommag\u00e9 ou us\u00e9 de votre ordinateur portable Lenovo ThinkPad T430s 14&Prime; par cette pi\u00e8ce de rechange d&rsquo;origine. Con\u00e7u pour un ajustement parfait et une installation facile, ce cache de haute qualit\u00e9 redonnera \u00e0 votre ordinateur portable son aspect \u00e9l\u00e9gant et professionnel.<\/p>\n","protected":false},"featured_media":14445,"template":"","meta":[],"product_brand":[],"product_cat":[52],"product_tag":[62],"class_list":{"0":"post-14382","1":"product","2":"type-product","3":"status-publish","4":"has-post-thumbnail","6":"product_cat-laptop-housing","7":"product_tag-lenovo","9":"first","10":"instock","11":"taxable","12":"shipping-taxable","13":"purchasable","14":"product-type-simple"},"_links":{"self":[{"href":"https:\/\/boreait.com\/fr\/wp-json\/wp\/v2\/product\/14382","targetHints":{"allow":["GET"]}}],"collection":[{"href":"https:\/\/boreait.com\/fr\/wp-json\/wp\/v2\/product"}],"about":[{"href":"https:\/\/boreait.com\/fr\/wp-json\/wp\/v2\/types\/product"}],"wp:featuredmedia":[{"embeddable":true,"href":"https:\/\/boreait.com\/fr\/wp-json\/wp\/v2\/media\/14445"}],"wp:attachment":[{"href":"https:\/\/boreait.com\/fr\/wp-json\/wp\/v2\/media?parent=14382"}],"wp:term":[{"taxonomy":"product_brand","embeddable":true,"href":"https:\/\/boreait.com\/fr\/wp-json\/wp\/v2\/product_brand?post=14382"},{"taxonomy":"product_cat","embeddable":true,"href":"https:\/\/boreait.com\/fr\/wp-json\/wp\/v2\/product_cat?post=14382"},{"taxonomy":"product_tag","embeddable":true,"href":"https:\/\/boreait.com\/fr\/wp-json\/wp\/v2\/product_tag?post=14382"}],"curies":[{"name":"wp","href":"https:\/\/api.w.org\/{rel}","templated":true}]}}