{"id":14366,"date":"2025-09-15T16:59:12","date_gmt":"2025-09-15T14:59:12","guid":{"rendered":"https:\/\/boreait.com\/fr\/?post_type=product&#038;p=14366"},"modified":"2026-01-30T08:18:09","modified_gmt":"2026-01-30T07:18:09","slug":"memoire-ram-4-go-2rx8-pc3-12800s-11-11-f3-pour-ordinateur-portable-fujitsu-lifebook-ah552","status":"publish","type":"product","link":"https:\/\/boreait.com\/fr\/produit\/memoire-ram-4-go-2rx8-pc3-12800s-11-11-f3-pour-ordinateur-portable-fujitsu-lifebook-ah552\/","title":{"rendered":"M\u00e9moire RAM 4 Go 2Rx8 PC3-12800S-11-11-F3 pour ordinateur portable Fujitsu LifeBook AH552"},"content":{"rendered":"<p>Optimisez les performances et les capacit\u00e9s multit\u00e2ches de votre ordinateur portable Fujitsu LifeBook AH552 gr\u00e2ce au module m\u00e9moire RAM 4 Go 2Rx8 PC3-12800S-11-11-F3. Ce module RAM de haute qualit\u00e9 est con\u00e7u pour offrir une vitesse et une r\u00e9activit\u00e9 accrues, vous permettant d&rsquo;ex\u00e9cuter plusieurs applications de mani\u00e8re fluide et efficace.<\/p>\n<p>Avec une capacit\u00e9 de 4 Go et une vitesse de m\u00e9moire PC3-12800S-11-11-F3, ce module RAM offre un espace de stockage suffisant pour vos donn\u00e9es et applications, tout en garantissant des performances rapides et fiables. Que vous naviguiez sur le Web, regardiez des vid\u00e9os HD en streaming ou effectuiez des t\u00e2ches exigeantes, ce module m\u00e9moire vous fournira la puissance n\u00e9cessaire pour rester productif.<\/p>\n<p>Facile \u00e0 installer et con\u00e7u pour durer, ce module RAM Fujitsu LifeBook AH552 est la mise \u00e0 niveau id\u00e9ale pour votre ordinateur portable. Ins\u00e9rez simplement le module dans l&#8217;emplacement m\u00e9moire de votre ordinateur portable et b\u00e9n\u00e9ficiez d&rsquo;un gain de performances instantan\u00e9. De plus, gr\u00e2ce \u00e0 sa conception fiable et \u00e0 sa compatibilit\u00e9 avec votre Fujitsu LifeBook AH552, vous pouvez \u00eatre s\u00fbr que ce module m\u00e9moire vous offrira des performances constantes et fiables pendant de nombreuses ann\u00e9es.<\/p>\n<p>Mettez \u00e0 niveau votre ordinateur portable Fujitsu LifeBook AH552 d\u00e8s aujourd&rsquo;hui avec le module m\u00e9moire RAM 4 Go 2Rx8 PC3-12800S-11-11-F3 pour ordinateur portable Fujitsu LifeBook AH552 et exploitez tout son potentiel. Commandez d\u00e8s maintenant et propulsez votre ordinateur portable vers un niveau sup\u00e9rieur de performances et de productivit\u00e9.<\/p>\n","protected":false},"excerpt":{"rendered":"<p>Am\u00e9liorez les performances de votre ordinateur portable Fujitsu LifeBook AH552 avec ce module RAM de 4 Go. Con\u00e7u pour une compatibilit\u00e9 optimale et des performances fiables, ce module m\u00e9moire est un moyen simple et \u00e9conomique d&rsquo;am\u00e9liorer la vitesse et les capacit\u00e9s multit\u00e2ches de votre ordinateur portable.<\/p>\n","protected":false},"featured_media":14431,"template":"","meta":[],"product_brand":[],"product_cat":[73,72],"product_tag":[84],"class_list":{"0":"post-14366","1":"product","2":"type-product","3":"status-publish","4":"has-post-thumbnail","6":"product_cat-ddr3-ddr3l","7":"product_cat-ram-memory","8":"product_tag-samsung","10":"first","11":"instock","12":"taxable","13":"shipping-taxable","14":"purchasable","15":"product-type-simple"},"_links":{"self":[{"href":"https:\/\/boreait.com\/fr\/wp-json\/wp\/v2\/product\/14366","targetHints":{"allow":["GET"]}}],"collection":[{"href":"https:\/\/boreait.com\/fr\/wp-json\/wp\/v2\/product"}],"about":[{"href":"https:\/\/boreait.com\/fr\/wp-json\/wp\/v2\/types\/product"}],"wp:featuredmedia":[{"embeddable":true,"href":"https:\/\/boreait.com\/fr\/wp-json\/wp\/v2\/media\/14431"}],"wp:attachment":[{"href":"https:\/\/boreait.com\/fr\/wp-json\/wp\/v2\/media?parent=14366"}],"wp:term":[{"taxonomy":"product_brand","embeddable":true,"href":"https:\/\/boreait.com\/fr\/wp-json\/wp\/v2\/product_brand?post=14366"},{"taxonomy":"product_cat","embeddable":true,"href":"https:\/\/boreait.com\/fr\/wp-json\/wp\/v2\/product_cat?post=14366"},{"taxonomy":"product_tag","embeddable":true,"href":"https:\/\/boreait.com\/fr\/wp-json\/wp\/v2\/product_tag?post=14366"}],"curies":[{"name":"wp","href":"https:\/\/api.w.org\/{rel}","templated":true}]}}