{"id":14364,"date":"2025-09-15T16:59:12","date_gmt":"2025-09-15T14:59:12","guid":{"rendered":"https:\/\/boreait.com\/fr\/?post_type=product&#038;p=14364"},"modified":"2025-09-15T17:01:35","modified_gmt":"2025-09-15T15:01:35","slug":"couvercle-de-disque-dur-pour-ordinateur-portable-fujitsu-lifebook-ah552","status":"publish","type":"product","link":"https:\/\/boreait.com\/fr\/produit\/couvercle-de-disque-dur-pour-ordinateur-portable-fujitsu-lifebook-ah552\/","title":{"rendered":"Couvercle de disque dur pour ordinateur portable Fujitsu LifeBook AH552"},"content":{"rendered":"<p>Am\u00e9liorez et prot\u00e9gez votre Fujitsu LifeBook AH552 avec le cache de remplacement pour disque dur. Fabriqu\u00e9 avec pr\u00e9cision, ce cache assure un ajustement parfait et une int\u00e9gration parfaite au bo\u00eetier de disque dur de votre ordinateur portable, offrant une protection et une stabilit\u00e9 fiables.<\/p>\n<p>Ce cache de remplacement est sp\u00e9cialement con\u00e7u pour le Fujitsu LifeBook AH552. Il offre un bo\u00eetier s\u00e9curis\u00e9 pour votre disque dur tout en pr\u00e9servant l&rsquo;int\u00e9grit\u00e9 de ses composants internes. Que vous remplaciez un cache endommag\u00e9 ou optiez pour une solution plus durable, cette pi\u00e8ce de rechange d&rsquo;origine est la solution id\u00e9ale pour la r\u00e9paration de votre ordinateur portable.<\/p>\n<p>L&rsquo;installation est simple et rapide, vous permettant de remettre votre ordinateur portable en marche en un rien de temps. Retirez simplement l&rsquo;ancien cache et remplacez-le par celui-ci pour restaurer les fonctionnalit\u00e9s et la protection de votre Fujitsu LifeBook AH552.<\/p>\n<p>Assurez la long\u00e9vit\u00e9 et les performances de votre Fujitsu LifeBook AH552 avec le cache de remplacement pour disque dur. Commandez le v\u00f4tre d\u00e8s aujourd&rsquo;hui et ayez l&rsquo;esprit tranquille en sachant que le disque dur de votre ordinateur portable est prot\u00e9g\u00e9 en toute s\u00e9curit\u00e9.<\/p>\n","protected":false},"excerpt":{"rendered":"<p>Remplacez le cache du support de disque dur de votre Fujitsu LifeBook AH552 par cette pi\u00e8ce de rechange de haute qualit\u00e9. Con\u00e7u pour une installation facile et un ajustement parfait, ce cache assure la protection et la stabilit\u00e9 du disque dur de votre ordinateur portable.<\/p>\n","protected":false},"featured_media":14428,"template":"","meta":[],"product_brand":[],"product_cat":[52],"product_tag":[64],"class_list":{"0":"post-14364","1":"product","2":"type-product","3":"status-publish","4":"has-post-thumbnail","6":"product_cat-laptop-housing","7":"product_tag-fujitsu","9":"first","10":"instock","11":"taxable","12":"shipping-taxable","13":"purchasable","14":"product-type-simple"},"_links":{"self":[{"href":"https:\/\/boreait.com\/fr\/wp-json\/wp\/v2\/product\/14364","targetHints":{"allow":["GET"]}}],"collection":[{"href":"https:\/\/boreait.com\/fr\/wp-json\/wp\/v2\/product"}],"about":[{"href":"https:\/\/boreait.com\/fr\/wp-json\/wp\/v2\/types\/product"}],"wp:featuredmedia":[{"embeddable":true,"href":"https:\/\/boreait.com\/fr\/wp-json\/wp\/v2\/media\/14428"}],"wp:attachment":[{"href":"https:\/\/boreait.com\/fr\/wp-json\/wp\/v2\/media?parent=14364"}],"wp:term":[{"taxonomy":"product_brand","embeddable":true,"href":"https:\/\/boreait.com\/fr\/wp-json\/wp\/v2\/product_brand?post=14364"},{"taxonomy":"product_cat","embeddable":true,"href":"https:\/\/boreait.com\/fr\/wp-json\/wp\/v2\/product_cat?post=14364"},{"taxonomy":"product_tag","embeddable":true,"href":"https:\/\/boreait.com\/fr\/wp-json\/wp\/v2\/product_tag?post=14364"}],"curies":[{"name":"wp","href":"https:\/\/api.w.org\/{rel}","templated":true}]}}