{"id":14363,"date":"2025-09-15T16:59:12","date_gmt":"2025-09-15T14:59:12","guid":{"rendered":"https:\/\/boreait.com\/fr\/?post_type=product&#038;p=14363"},"modified":"2026-01-30T08:17:50","modified_gmt":"2026-01-30T07:17:50","slug":"pieces-de-rechange-pour-carte-webcam-fujitsu-lifebook-ah552","status":"publish","type":"product","link":"https:\/\/boreait.com\/fr\/produit\/pieces-de-rechange-pour-carte-webcam-fujitsu-lifebook-ah552\/","title":{"rendered":"Pi\u00e8ces de rechange pour carte webcam Fujitsu LifeBook AH552"},"content":{"rendered":"<p>Am\u00e9liorez les fonctionnalit\u00e9s de votre ordinateur portable Fujitsu LifeBook AH552 avec la carte webcam de remplacement d&rsquo;origine Fujitsu LifeBook AH552. Con\u00e7ue avec pr\u00e9cision et compatibilit\u00e9, cette carte webcam de remplacement s&rsquo;int\u00e8gre parfaitement \u00e0 votre appareil, garantissant des performances et une fiabilit\u00e9 optimales.<\/p>\n<p>Offrant la qualit\u00e9 Fujitsu authentique, cette carte webcam de remplacement est la solution id\u00e9ale pour restaurer les fonctionnalit\u00e9s d&rsquo;origine de la webcam de votre ordinateur portable. Que vous rencontriez des probl\u00e8mes avec votre carte actuelle ou que vous souhaitiez la mettre \u00e0 niveau, cette pi\u00e8ce de rechange d&rsquo;origine est con\u00e7ue pour r\u00e9pondre aux normes de qualit\u00e9 et de compatibilit\u00e9 les plus strictes.<\/p>\n<p>Facile \u00e0 installer et con\u00e7ue pour durer, cette carte webcam de remplacement offre une solution simple pour la r\u00e9paration de votre ordinateur portable. Gr\u00e2ce \u00e0 sa construction robuste et \u00e0 ses performances fiables, vous pouvez \u00eatre s\u00fbr que votre Fujitsu LifeBook AH552 sera de nouveau op\u00e9rationnel en un rien de temps.<\/p>\n<p>D\u00e9couvrez la diff\u00e9rence des pi\u00e8ces d\u00e9tach\u00e9es Fujitsu d&rsquo;origine et assurez-vous que votre ordinateur portable continue de fonctionner au mieux gr\u00e2ce \u00e0 la carte webcam de remplacement Fujitsu LifeBook AH552 d&rsquo;origine. Commandez la v\u00f4tre d\u00e8s aujourd&rsquo;hui et restaurez les fonctionnalit\u00e9s de votre ordinateur portable en toute confiance.<\/p>\n","protected":false},"excerpt":{"rendered":"<p>Restaurez les fonctionnalit\u00e9s de la webcam de votre Fujitsu LifeBook AH552 gr\u00e2ce \u00e0 cette carte webcam de remplacement d&rsquo;origine. Con\u00e7ue pour une installation facile, cette carte de haute qualit\u00e9 garantit des performances optimales, ce qui en fait la solution id\u00e9ale pour la r\u00e9paration de votre ordinateur portable.<\/p>\n","protected":false},"featured_media":14427,"template":"","meta":[],"product_brand":[],"product_cat":[59],"product_tag":[64],"class_list":{"0":"post-14363","1":"product","2":"type-product","3":"status-publish","4":"has-post-thumbnail","6":"product_cat-laptop-camera","7":"product_tag-fujitsu","9":"first","10":"instock","11":"taxable","12":"shipping-taxable","13":"purchasable","14":"product-type-simple"},"_links":{"self":[{"href":"https:\/\/boreait.com\/fr\/wp-json\/wp\/v2\/product\/14363","targetHints":{"allow":["GET"]}}],"collection":[{"href":"https:\/\/boreait.com\/fr\/wp-json\/wp\/v2\/product"}],"about":[{"href":"https:\/\/boreait.com\/fr\/wp-json\/wp\/v2\/types\/product"}],"wp:featuredmedia":[{"embeddable":true,"href":"https:\/\/boreait.com\/fr\/wp-json\/wp\/v2\/media\/14427"}],"wp:attachment":[{"href":"https:\/\/boreait.com\/fr\/wp-json\/wp\/v2\/media?parent=14363"}],"wp:term":[{"taxonomy":"product_brand","embeddable":true,"href":"https:\/\/boreait.com\/fr\/wp-json\/wp\/v2\/product_brand?post=14363"},{"taxonomy":"product_cat","embeddable":true,"href":"https:\/\/boreait.com\/fr\/wp-json\/wp\/v2\/product_cat?post=14363"},{"taxonomy":"product_tag","embeddable":true,"href":"https:\/\/boreait.com\/fr\/wp-json\/wp\/v2\/product_tag?post=14363"}],"curies":[{"name":"wp","href":"https:\/\/api.w.org\/{rel}","templated":true}]}}