{"id":14362,"date":"2025-09-15T16:59:11","date_gmt":"2025-09-15T14:59:11","guid":{"rendered":"https:\/\/boreait.com\/fr\/?post_type=product&#038;p=14362"},"modified":"2026-01-30T08:17:35","modified_gmt":"2026-01-30T07:17:35","slug":"pieces-de-rechange-pour-carte-reseau-sans-fil-n-fujitsu-lifebook-ah552-2230bnhmw","status":"publish","type":"product","link":"https:\/\/boreait.com\/fr\/produit\/pieces-de-rechange-pour-carte-reseau-sans-fil-n-fujitsu-lifebook-ah552-2230bnhmw\/","title":{"rendered":"Pi\u00e8ces de rechange pour carte r\u00e9seau sans fil N Fujitsu LifeBook AH552 2230bnhmw"},"content":{"rendered":"<p>Am\u00e9liorez les capacit\u00e9s sans fil de votre Fujitsu LifeBook AH552 avec la carte de remplacement Wireless-N 2230bnhmw pour Fujitsu LifeBook AH552. Con\u00e7ue pour une connectivit\u00e9 sans fil plus rapide et plus fiable, cette carte de remplacement est la solution id\u00e9ale pour am\u00e9liorer les capacit\u00e9s r\u00e9seau de votre ordinateur portable.<\/p>\n<p>Dot\u00e9e de la technologie Wireless-N avanc\u00e9e, cette carte de remplacement offre une vitesse et des performances am\u00e9lior\u00e9es, vous permettant de diffuser des vid\u00e9os HD, de jouer \u00e0 des jeux en ligne et de naviguer sur le Web en toute simplicit\u00e9. Dites adieu aux latences et aux mises en m\u00e9moire tampon et profitez d&rsquo;une connectivit\u00e9 fluide \u00e0 la maison ou au bureau.<\/p>\n<p>Facile \u00e0 installer et compatible avec votre Fujitsu LifeBook AH552, cette carte de remplacement Wireless-N ne n\u00e9cessite aucun outil ni expertise particuli\u00e8re. Retirez simplement l&rsquo;ancienne carte et ins\u00e9rez la nouvelle pour b\u00e9n\u00e9ficier de performances sans fil am\u00e9lior\u00e9es en quelques minutes.<\/p>\n<p>D\u00e9couvrez la diff\u00e9rence qu&rsquo;une carte Wireless-N de haute qualit\u00e9 peut faire et mettez \u00e0 niveau votre Fujitsu LifeBook AH552 d\u00e8s aujourd&rsquo;hui. Que vous souhaitiez remplacer une carte d\u00e9fectueuse ou am\u00e9liorer les capacit\u00e9s sans fil de votre ordinateur portable, cette pi\u00e8ce de rechange r\u00e9pondra \u00e0 vos besoins. Commandez d\u00e8s maintenant et profitez d&rsquo;une connectivit\u00e9 sans fil plus rapide et plus fiable avec votre Fujitsu LifeBook AH552.<\/p>\n","protected":false},"excerpt":{"rendered":"<p>Am\u00e9liorez votre Fujitsu LifeBook AH552 avec cette carte de remplacement sans fil N. B\u00e9n\u00e9ficiez d&rsquo;une connectivit\u00e9 sans fil plus rapide et plus fiable gr\u00e2ce \u00e0 cette pi\u00e8ce de haute qualit\u00e9, con\u00e7ue pour une installation facile et une int\u00e9gration parfaite \u00e0 votre ordinateur portable.<\/p>\n","protected":false},"featured_media":14426,"template":"","meta":[],"product_brand":[],"product_cat":[63],"product_tag":[64],"class_list":{"0":"post-14362","1":"product","2":"type-product","3":"status-publish","4":"has-post-thumbnail","6":"product_cat-motherboards-board-parts","7":"product_tag-fujitsu","9":"first","10":"instock","11":"taxable","12":"shipping-taxable","13":"purchasable","14":"product-type-simple"},"_links":{"self":[{"href":"https:\/\/boreait.com\/fr\/wp-json\/wp\/v2\/product\/14362","targetHints":{"allow":["GET"]}}],"collection":[{"href":"https:\/\/boreait.com\/fr\/wp-json\/wp\/v2\/product"}],"about":[{"href":"https:\/\/boreait.com\/fr\/wp-json\/wp\/v2\/types\/product"}],"wp:featuredmedia":[{"embeddable":true,"href":"https:\/\/boreait.com\/fr\/wp-json\/wp\/v2\/media\/14426"}],"wp:attachment":[{"href":"https:\/\/boreait.com\/fr\/wp-json\/wp\/v2\/media?parent=14362"}],"wp:term":[{"taxonomy":"product_brand","embeddable":true,"href":"https:\/\/boreait.com\/fr\/wp-json\/wp\/v2\/product_brand?post=14362"},{"taxonomy":"product_cat","embeddable":true,"href":"https:\/\/boreait.com\/fr\/wp-json\/wp\/v2\/product_cat?post=14362"},{"taxonomy":"product_tag","embeddable":true,"href":"https:\/\/boreait.com\/fr\/wp-json\/wp\/v2\/product_tag?post=14362"}],"curies":[{"name":"wp","href":"https:\/\/api.w.org\/{rel}","templated":true}]}}