{"id":14350,"date":"2025-09-15T16:58:48","date_gmt":"2025-09-15T14:58:48","guid":{"rendered":"https:\/\/boreait.com\/fr\/?post_type=product&#038;p=14350"},"modified":"2025-09-15T17:01:06","modified_gmt":"2025-09-15T15:01:06","slug":"module-de-carte-usb-dorigine-pour-ordinateur-portable-fujitsu-lifebook-ah552","status":"publish","type":"product","link":"https:\/\/boreait.com\/fr\/produit\/module-de-carte-usb-dorigine-pour-ordinateur-portable-fujitsu-lifebook-ah552\/","title":{"rendered":"Module de carte USB d&rsquo;origine pour ordinateur portable Fujitsu LifeBook AH552"},"content":{"rendered":"<p>Am\u00e9liorez la connectivit\u00e9 et les performances de votre Fujitsu LifeBook AH552 avec le module de carte USB Fujitsu LifeBook AH552 d&rsquo;origine. Sp\u00e9cialement con\u00e7u pour r\u00e9pondre aux sp\u00e9cifications exactes de votre ordinateur portable, ce module de carte USB garantit un ajustement parfait et un fonctionnement fiable.<\/p>\n<p>Fabriqu\u00e9 avec pr\u00e9cision et des mat\u00e9riaux de haute qualit\u00e9, ce module de carte USB est la solution id\u00e9ale pour remplacer un composant d\u00e9fectueux ou endommag\u00e9. Son int\u00e9gration parfaite \u00e0 votre Fujitsu LifeBook AH552 garantit des performances optimales.<\/p>\n<p>Ce module de carte USB d&rsquo;origine est facile \u00e0 installer et con\u00e7u pour durer, offrant une solution fiable pour la r\u00e9paration de votre ordinateur portable. Gr\u00e2ce \u00e0 sa construction robuste et \u00e0 ses performances fiables, vous pouvez \u00eatre s\u00fbr que la connectivit\u00e9 USB de votre ordinateur portable sera r\u00e9tablie efficacement.<\/p>\n<p>Les photos pr\u00e9sent\u00e9es dans l&rsquo;annonce sont des photos r\u00e9elles des pi\u00e8ces que vous recevrez, vous garantissant ainsi un produit exactement conforme \u00e0 vos besoins. Bien que nous ne fournissions pas d&rsquo;instructions pour le remplacement des pi\u00e8ces, notre \u00e9quipe d&rsquo;assistance est disponible pour r\u00e9pondre \u00e0 toutes vos questions. N&rsquo;h\u00e9sitez pas \u00e0 nous contacter pour obtenir de l&rsquo;aide. Commandez d\u00e8s aujourd&rsquo;hui le module USB d&rsquo;origine Fujitsu LifeBook AH552 et profitez de pi\u00e8ces d\u00e9tach\u00e9es fiables et de haute qualit\u00e9. Assurez le bon fonctionnement de votre ordinateur portable et profitez d&rsquo;une connectivit\u00e9 ininterrompue gr\u00e2ce \u00e0 cette pi\u00e8ce de rechange essentielle.<\/p>\n","protected":false},"excerpt":{"rendered":"<p>Remplacez votre module USB d\u00e9fectueux de votre Fujitsu LifeBook AH552 par cette pi\u00e8ce de rechange d&rsquo;origine. Con\u00e7u pour la compatibilit\u00e9 et les performances, ce module USB assure une connectivit\u00e9 et des fonctionnalit\u00e9s optimales \u00e0 votre ordinateur portable.<\/p>\n","protected":false},"featured_media":14417,"template":"","meta":[],"product_brand":[],"product_cat":[63],"product_tag":[64],"class_list":{"0":"post-14350","1":"product","2":"type-product","3":"status-publish","4":"has-post-thumbnail","6":"product_cat-motherboards-board-parts","7":"product_tag-fujitsu","9":"first","10":"instock","11":"taxable","12":"shipping-taxable","13":"purchasable","14":"product-type-simple"},"_links":{"self":[{"href":"https:\/\/boreait.com\/fr\/wp-json\/wp\/v2\/product\/14350","targetHints":{"allow":["GET"]}}],"collection":[{"href":"https:\/\/boreait.com\/fr\/wp-json\/wp\/v2\/product"}],"about":[{"href":"https:\/\/boreait.com\/fr\/wp-json\/wp\/v2\/types\/product"}],"wp:featuredmedia":[{"embeddable":true,"href":"https:\/\/boreait.com\/fr\/wp-json\/wp\/v2\/media\/14417"}],"wp:attachment":[{"href":"https:\/\/boreait.com\/fr\/wp-json\/wp\/v2\/media?parent=14350"}],"wp:term":[{"taxonomy":"product_brand","embeddable":true,"href":"https:\/\/boreait.com\/fr\/wp-json\/wp\/v2\/product_brand?post=14350"},{"taxonomy":"product_cat","embeddable":true,"href":"https:\/\/boreait.com\/fr\/wp-json\/wp\/v2\/product_cat?post=14350"},{"taxonomy":"product_tag","embeddable":true,"href":"https:\/\/boreait.com\/fr\/wp-json\/wp\/v2\/product_tag?post=14350"}],"curies":[{"name":"wp","href":"https:\/\/api.w.org\/{rel}","templated":true}]}}