{"id":14349,"date":"2025-09-15T16:58:48","date_gmt":"2025-09-15T14:58:48","guid":{"rendered":"https:\/\/boreait.com\/fr\/?post_type=product&#038;p=14349"},"modified":"2025-09-15T17:00:59","modified_gmt":"2025-09-15T15:00:59","slug":"cable-de-camera-webcam-fujitsu-lifebook-ah552-dorigine-pour-ordinateur-portable","status":"publish","type":"product","link":"https:\/\/boreait.com\/fr\/produit\/cable-de-camera-webcam-fujitsu-lifebook-ah552-dorigine-pour-ordinateur-portable\/","title":{"rendered":"C\u00e2ble de cam\u00e9ra webcam Fujitsu LifeBook AH552 d&rsquo;origine pour ordinateur portable"},"content":{"rendered":"<p>Retrouvez toutes les fonctionnalit\u00e9s de votre ordinateur portable Fujitsu LifeBook AH552 gr\u00e2ce au c\u00e2ble de rechange pour webcam Fujitsu LifeBook AH552. Ce c\u00e2ble de haute qualit\u00e9 est sp\u00e9cialement con\u00e7u pour s&rsquo;adapter parfaitement \u00e0 votre mod\u00e8le AH552, garantissant des performances et une fiabilit\u00e9 optimales.<\/p>\n<p>Con\u00e7u pour r\u00e9pondre aux normes de qualit\u00e9 et de compatibilit\u00e9 les plus strictes, ce c\u00e2ble de rechange d&rsquo;origine est la solution id\u00e9ale si vous rencontrez des probl\u00e8mes avec la webcam de votre ordinateur portable. Que votre c\u00e2ble actuel soit endommag\u00e9 ou d\u00e9fectueux, cette pi\u00e8ce de rechange vous aidera \u00e0 le remettre en \u00e9tat de marche.<\/p>\n<p>L&rsquo;installation est simple\u00a0: remplacez facilement votre ancien c\u00e2ble et retrouvez la webcam de votre ordinateur portable comme neuve. Gr\u00e2ce \u00e0 sa construction robuste et \u00e0 ses performances fiables, vous pouvez faire confiance \u00e0 ce c\u00e2ble de webcam Fujitsu d&rsquo;origine pour des r\u00e9sultats durables.<\/p>\n<p>Profitez du confort et de la tranquillit\u00e9 d&rsquo;esprit que procurent les pi\u00e8ces d&rsquo;origine Fujitsu. Commandez d\u00e8s aujourd&rsquo;hui votre c\u00e2ble de rechange pour webcam Fujitsu LifeBook AH552 et ayez l&rsquo;assurance que votre ordinateur portable est \u00e9quip\u00e9 de composants de qualit\u00e9 sup\u00e9rieure.<\/p>\n","protected":false},"excerpt":{"rendered":"<p>Assurez le parfait fonctionnement de votre webcam Fujitsu LifeBook AH552 gr\u00e2ce \u00e0 ce c\u00e2ble de remplacement d&rsquo;origine. Con\u00e7u pour une int\u00e9gration parfaite et des performances fiables, ce c\u00e2ble de webcam de haute qualit\u00e9 s&rsquo;installe facilement et restaure toutes les fonctionnalit\u00e9s de votre ordinateur portable.<\/p>\n","protected":false},"featured_media":14416,"template":"","meta":[],"product_brand":[],"product_cat":[56],"product_tag":[64],"class_list":{"0":"post-14349","1":"product","2":"type-product","3":"status-publish","4":"has-post-thumbnail","6":"product_cat-cables","7":"product_tag-fujitsu","9":"first","10":"instock","11":"taxable","12":"shipping-taxable","13":"purchasable","14":"product-type-simple"},"_links":{"self":[{"href":"https:\/\/boreait.com\/fr\/wp-json\/wp\/v2\/product\/14349","targetHints":{"allow":["GET"]}}],"collection":[{"href":"https:\/\/boreait.com\/fr\/wp-json\/wp\/v2\/product"}],"about":[{"href":"https:\/\/boreait.com\/fr\/wp-json\/wp\/v2\/types\/product"}],"wp:featuredmedia":[{"embeddable":true,"href":"https:\/\/boreait.com\/fr\/wp-json\/wp\/v2\/media\/14416"}],"wp:attachment":[{"href":"https:\/\/boreait.com\/fr\/wp-json\/wp\/v2\/media?parent=14349"}],"wp:term":[{"taxonomy":"product_brand","embeddable":true,"href":"https:\/\/boreait.com\/fr\/wp-json\/wp\/v2\/product_brand?post=14349"},{"taxonomy":"product_cat","embeddable":true,"href":"https:\/\/boreait.com\/fr\/wp-json\/wp\/v2\/product_cat?post=14349"},{"taxonomy":"product_tag","embeddable":true,"href":"https:\/\/boreait.com\/fr\/wp-json\/wp\/v2\/product_tag?post=14349"}],"curies":[{"name":"wp","href":"https:\/\/api.w.org\/{rel}","templated":true}]}}