{"id":14348,"date":"2025-09-15T16:58:48","date_gmt":"2025-09-15T14:58:48","guid":{"rendered":"https:\/\/boreait.com\/fr\/?post_type=product&#038;p=14348"},"modified":"2025-09-15T17:00:55","modified_gmt":"2025-09-15T15:00:55","slug":"cable-decran-lcd-dorigine-pour-ordinateur-portable-fujitsu-lifebook-ah552-huadd0fs6lc000","status":"publish","type":"product","link":"https:\/\/boreait.com\/fr\/produit\/cable-decran-lcd-dorigine-pour-ordinateur-portable-fujitsu-lifebook-ah552-huadd0fs6lc000\/","title":{"rendered":"C\u00e2ble d&rsquo;\u00e9cran LCD d&rsquo;origine pour ordinateur portable Fujitsu LifeBook AH552 HUADD0FS6LC000"},"content":{"rendered":"<p>Restaurez les fonctionnalit\u00e9s de l&rsquo;\u00e9cran de votre ordinateur portable Fujitsu LifeBook AH552 gr\u00e2ce au c\u00e2ble d&rsquo;\u00e9cran LCD HUADD0FS6LC000 d&rsquo;origine Fujitsu LifeBook AH552. Cette pi\u00e8ce de rechange de haute qualit\u00e9 est sp\u00e9cialement con\u00e7ue pour votre LifeBook AH552, garantissant une compatibilit\u00e9 parfaite et des performances optimales.<\/p>\n<p>Con\u00e7u pour r\u00e9pondre aux normes de qualit\u00e9 rigoureuses de Fujitsu, ce c\u00e2ble LCD garantit une connectivit\u00e9 fiable et des performances d&rsquo;\u00e9cran optimales. Que votre c\u00e2ble actuel soit endommag\u00e9 ou d\u00e9fectueux, ce c\u00e2ble de rechange d&rsquo;origine vous permettra de retrouver toutes les fonctionnalit\u00e9s de l&rsquo;\u00e9cran de votre ordinateur portable.<\/p>\n<p>L&rsquo;installation est simple, ce qui facilite le remplacement de votre ancien c\u00e2ble et permet de remettre rapidement votre ordinateur portable en \u00e9tat de marche. Gr\u00e2ce \u00e0 sa construction robuste et \u00e0 ses performances fiables, ce c\u00e2ble LCD est con\u00e7u pour durer, offrant une solution durable \u00e0 vos besoins de r\u00e9paration.<\/p>\n<p>Les photos pr\u00e9sent\u00e9es dans l&rsquo;annonce sont des photos r\u00e9elles des pi\u00e8ces que vous recevrez, vous garantissant ainsi un produit exactement conforme \u00e0 vos besoins. Bien que nous ne fournissions pas d&rsquo;instructions pour le remplacement des pi\u00e8ces, notre \u00e9quipe est disponible pour vous aider si vous avez besoin d&rsquo;aide. Envoyez-nous simplement un message.<\/p>\n<p>Am\u00e9liorez votre Fujitsu LifeBook AH552 avec le c\u00e2ble d&rsquo;\u00e9cran LCD HUADD0FS6LC000 d&rsquo;origine Fujitsu LifeBook AH552 et constatez la diff\u00e9rence en termes de qualit\u00e9 et de performances. Commandez d\u00e8s maintenant et profitez \u00e0 nouveau d&rsquo;un \u00e9cran d&rsquo;ordinateur portable parfaitement fonctionnel.<\/p>\n","protected":false},"excerpt":{"rendered":"<p>Remplacez le c\u00e2ble de votre \u00e9cran LCD endommag\u00e9 ou d\u00e9fectueux par cette pi\u00e8ce de rechange d&rsquo;origine Fujitsu LifeBook AH552. Assurez le parfait fonctionnement de l&rsquo;\u00e9cran de votre ordinateur portable gr\u00e2ce \u00e0 ce c\u00e2ble de haute qualit\u00e9, con\u00e7u pour une compatibilit\u00e9 optimale et une installation facile.<\/p>\n","protected":false},"featured_media":14415,"template":"","meta":[],"product_brand":[],"product_cat":[56],"product_tag":[64],"class_list":{"0":"post-14348","1":"product","2":"type-product","3":"status-publish","4":"has-post-thumbnail","6":"product_cat-cables","7":"product_tag-fujitsu","9":"first","10":"instock","11":"taxable","12":"shipping-taxable","13":"purchasable","14":"product-type-simple"},"_links":{"self":[{"href":"https:\/\/boreait.com\/fr\/wp-json\/wp\/v2\/product\/14348","targetHints":{"allow":["GET"]}}],"collection":[{"href":"https:\/\/boreait.com\/fr\/wp-json\/wp\/v2\/product"}],"about":[{"href":"https:\/\/boreait.com\/fr\/wp-json\/wp\/v2\/types\/product"}],"wp:featuredmedia":[{"embeddable":true,"href":"https:\/\/boreait.com\/fr\/wp-json\/wp\/v2\/media\/14415"}],"wp:attachment":[{"href":"https:\/\/boreait.com\/fr\/wp-json\/wp\/v2\/media?parent=14348"}],"wp:term":[{"taxonomy":"product_brand","embeddable":true,"href":"https:\/\/boreait.com\/fr\/wp-json\/wp\/v2\/product_brand?post=14348"},{"taxonomy":"product_cat","embeddable":true,"href":"https:\/\/boreait.com\/fr\/wp-json\/wp\/v2\/product_cat?post=14348"},{"taxonomy":"product_tag","embeddable":true,"href":"https:\/\/boreait.com\/fr\/wp-json\/wp\/v2\/product_tag?post=14348"}],"curies":[{"name":"wp","href":"https:\/\/api.w.org\/{rel}","templated":true}]}}