{"id":14345,"date":"2025-09-15T16:58:47","date_gmt":"2025-09-15T14:58:47","guid":{"rendered":"https:\/\/boreait.com\/fr\/?post_type=product&#038;p=14345"},"modified":"2025-09-15T17:00:30","modified_gmt":"2025-09-15T15:00:30","slug":"pieces-de-rechange-pour-haut-parleurs-dorigine-fujitsu-lifebook-ah552","status":"publish","type":"product","link":"https:\/\/boreait.com\/fr\/produit\/pieces-de-rechange-pour-haut-parleurs-dorigine-fujitsu-lifebook-ah552\/","title":{"rendered":"Pi\u00e8ces de rechange pour haut-parleurs d&rsquo;origine Fujitsu LifeBook AH552"},"content":{"rendered":"<p>Am\u00e9liorez l&rsquo;exp\u00e9rience audio de votre ordinateur portable Fujitsu LifeBook AH552 avec le haut-parleur de remplacement Fujitsu LifeBook AH552 d&rsquo;origine. Ce haut-parleur de haute qualit\u00e9 est con\u00e7u pour offrir un son clair et net, vous garantissant des performances audio optimales, que vous \u00e9coutiez de la musique, regardiez des vid\u00e9os ou participiez \u00e0 des appels vid\u00e9o.<\/p>\n<p>Sp\u00e9cialement con\u00e7u pour le Fujitsu LifeBook AH552, ce haut-parleur de remplacement assure une compatibilit\u00e9 parfaite et une int\u00e9gration parfaite avec votre ordinateur portable. C&rsquo;est la solution id\u00e9ale si votre haut-parleur actuel est endommag\u00e9, fonctionne mal ou n&rsquo;offre tout simplement pas la qualit\u00e9 sonore attendue.<\/p>\n<p>L&rsquo;installation est simple, vous permettant de restaurer rapidement et efficacement les fonctionnalit\u00e9s audio de votre ordinateur portable. Con\u00e7ue pour durer, cette pi\u00e8ce de rechange d&rsquo;origine garantit durabilit\u00e9 et performances fiables, ce qui en fait un excellent investissement pour pr\u00e9server la qualit\u00e9 et la long\u00e9vit\u00e9 de votre appareil.<\/p>\n<p>D\u00e9couvrez la diff\u00e9rence qu&rsquo;un haut-parleur de haute qualit\u00e9 peut faire. Avec le haut-parleur de remplacement Fujitsu LifeBook AH552 d&rsquo;origine, vous pouvez garantir que votre ordinateur portable continue d&rsquo;offrir des performances audio exceptionnelles. Commandez le v\u00f4tre d\u00e8s aujourd&rsquo;hui et profitez d&rsquo;un son cristallin depuis votre Fujitsu LifeBook AH552.<\/p>\n","protected":false},"excerpt":{"rendered":"<p>Restaurez la qualit\u00e9 sonore de votre Fujitsu LifeBook AH552 gr\u00e2ce \u00e0 ce haut-parleur de remplacement d&rsquo;origine. Con\u00e7u pour une installation facile et des performances optimales, ce haut-parleur de haute qualit\u00e9 garantit un son clair pour votre ordinateur portable.<\/p>\n","protected":false},"featured_media":14408,"template":"","meta":[],"product_brand":[],"product_cat":[54],"product_tag":[64],"class_list":{"0":"post-14345","1":"product","2":"type-product","3":"status-publish","4":"has-post-thumbnail","6":"product_cat-laptop-speakers","7":"product_tag-fujitsu","9":"first","10":"instock","11":"taxable","12":"shipping-taxable","13":"purchasable","14":"product-type-simple"},"_links":{"self":[{"href":"https:\/\/boreait.com\/fr\/wp-json\/wp\/v2\/product\/14345","targetHints":{"allow":["GET"]}}],"collection":[{"href":"https:\/\/boreait.com\/fr\/wp-json\/wp\/v2\/product"}],"about":[{"href":"https:\/\/boreait.com\/fr\/wp-json\/wp\/v2\/types\/product"}],"wp:featuredmedia":[{"embeddable":true,"href":"https:\/\/boreait.com\/fr\/wp-json\/wp\/v2\/media\/14408"}],"wp:attachment":[{"href":"https:\/\/boreait.com\/fr\/wp-json\/wp\/v2\/media?parent=14345"}],"wp:term":[{"taxonomy":"product_brand","embeddable":true,"href":"https:\/\/boreait.com\/fr\/wp-json\/wp\/v2\/product_brand?post=14345"},{"taxonomy":"product_cat","embeddable":true,"href":"https:\/\/boreait.com\/fr\/wp-json\/wp\/v2\/product_cat?post=14345"},{"taxonomy":"product_tag","embeddable":true,"href":"https:\/\/boreait.com\/fr\/wp-json\/wp\/v2\/product_tag?post=14345"}],"curies":[{"name":"wp","href":"https:\/\/api.w.org\/{rel}","templated":true}]}}