{"id":14343,"date":"2025-09-15T16:58:47","date_gmt":"2025-09-15T14:58:47","guid":{"rendered":"https:\/\/boreait.com\/fr\/?post_type=product&#038;p=14343"},"modified":"2025-09-15T16:59:57","modified_gmt":"2025-09-15T14:59:57","slug":"carte-mere-dorigine-fujitsu-lifebook-ah552sl-cp589397-01-pour-ordinateur-portable","status":"publish","type":"product","link":"https:\/\/boreait.com\/fr\/produit\/carte-mere-dorigine-fujitsu-lifebook-ah552sl-cp589397-01-pour-ordinateur-portable\/","title":{"rendered":"Carte m\u00e8re d&rsquo;origine Fujitsu Lifebook AH552SL CP589397-01 pour ordinateur portable"},"content":{"rendered":"<p>Am\u00e9liorez les performances de votre ordinateur portable Fujitsu Lifebook AH552\/SL avec la carte m\u00e8re d&rsquo;origine Fujitsu Lifebook AH552\/SL CP589397-01. Con\u00e7ue avec pr\u00e9cision et fiabilit\u00e9, cette carte m\u00e8re de remplacement s&rsquo;int\u00e8gre parfaitement \u00e0 votre appareil, garantissant une fonctionnalit\u00e9 et une durabilit\u00e9 optimales.<\/p>\n<p>Offrant la qualit\u00e9 Fujitsu authentique, cette carte m\u00e8re est la solution id\u00e9ale pour restaurer les performances d&rsquo;origine de votre ordinateur portable. Que vous rencontriez des probl\u00e8mes avec votre carte m\u00e8re actuelle ou que vous cherchiez simplement une mise \u00e0 niveau, cette pi\u00e8ce de rechange d&rsquo;origine est con\u00e7ue pour r\u00e9pondre aux normes de qualit\u00e9 et de compatibilit\u00e9 les plus strictes.<\/p>\n<p>L&rsquo;installation de cette carte m\u00e8re est simple et offre une solution simple pour la r\u00e9paration de votre ordinateur portable. Gr\u00e2ce \u00e0 sa construction robuste et \u00e0 ses performances fiables, vous pouvez \u00eatre s\u00fbr que votre ordinateur portable Fujitsu Lifebook AH552\/SL fonctionnera au maximum de ses capacit\u00e9s.<\/p>\n<p>D\u00e9couvrez la diff\u00e9rence que peuvent faire les pi\u00e8ces d\u00e9tach\u00e9es Fujitsu d&rsquo;origine et assurez-vous que votre ordinateur portable continue d&rsquo;exceller gr\u00e2ce \u00e0 la carte m\u00e8re Fujitsu Lifebook AH552\/SL CP589397-01. Commandez d\u00e8s maintenant et am\u00e9liorez les performances de votre ordinateur portable en toute confiance.<\/p>\n","protected":false},"excerpt":{"rendered":"<p>Redonnez vie \u00e0 votre ordinateur portable Fujitsu Lifebook AH552\/SL avec cette carte m\u00e8re d&rsquo;origine. Con\u00e7ue pour une compatibilit\u00e9 optimale et des performances optimales, cette pi\u00e8ce de rechange de haute qualit\u00e9 garantit le bon fonctionnement de votre ordinateur portable pendant de nombreuses ann\u00e9es.<\/p>\n","protected":false},"featured_media":14396,"template":"","meta":[],"product_brand":[],"product_cat":[63],"product_tag":[64],"class_list":{"0":"post-14343","1":"product","2":"type-product","3":"status-publish","4":"has-post-thumbnail","6":"product_cat-motherboards-board-parts","7":"product_tag-fujitsu","9":"first","10":"instock","11":"taxable","12":"shipping-taxable","13":"purchasable","14":"product-type-simple"},"_links":{"self":[{"href":"https:\/\/boreait.com\/fr\/wp-json\/wp\/v2\/product\/14343","targetHints":{"allow":["GET"]}}],"collection":[{"href":"https:\/\/boreait.com\/fr\/wp-json\/wp\/v2\/product"}],"about":[{"href":"https:\/\/boreait.com\/fr\/wp-json\/wp\/v2\/types\/product"}],"wp:featuredmedia":[{"embeddable":true,"href":"https:\/\/boreait.com\/fr\/wp-json\/wp\/v2\/media\/14396"}],"wp:attachment":[{"href":"https:\/\/boreait.com\/fr\/wp-json\/wp\/v2\/media?parent=14343"}],"wp:term":[{"taxonomy":"product_brand","embeddable":true,"href":"https:\/\/boreait.com\/fr\/wp-json\/wp\/v2\/product_brand?post=14343"},{"taxonomy":"product_cat","embeddable":true,"href":"https:\/\/boreait.com\/fr\/wp-json\/wp\/v2\/product_cat?post=14343"},{"taxonomy":"product_tag","embeddable":true,"href":"https:\/\/boreait.com\/fr\/wp-json\/wp\/v2\/product_tag?post=14343"}],"curies":[{"name":"wp","href":"https:\/\/api.w.org\/{rel}","templated":true}]}}