{"id":14342,"date":"2025-09-15T16:58:46","date_gmt":"2025-09-15T14:58:46","guid":{"rendered":"https:\/\/boreait.com\/fr\/?post_type=product&#038;p=14342"},"modified":"2025-09-15T16:59:55","modified_gmt":"2025-09-15T14:59:55","slug":"pieces-detachees-pour-ordinateur-portable-fujitsu-lifebook-ah552-clavier-dorigine-disposition-nordique-cp581752-01","status":"publish","type":"product","link":"https:\/\/boreait.com\/fr\/produit\/pieces-detachees-pour-ordinateur-portable-fujitsu-lifebook-ah552-clavier-dorigine-disposition-nordique-cp581752-01\/","title":{"rendered":"Pi\u00e8ces d\u00e9tach\u00e9es pour ordinateur portable Fujitsu Lifebook AH552, clavier d&rsquo;origine, disposition nordique CP581752-01"},"content":{"rendered":"<p>Am\u00e9liorez votre exp\u00e9rience de frappe sur le Fujitsu Lifebook AH552 gr\u00e2ce au clavier original Fujitsu Lifebook AH552, disposition nordique CP581752-01. Con\u00e7u avec pr\u00e9cision et compatible, ce clavier de remplacement original offre la solution id\u00e9ale pour votre ordinateur portable.<\/p>\n<p>Avec sa disposition nordique, ce clavier de remplacement est con\u00e7u pour les utilisateurs qui pr\u00e9f\u00e8rent la disposition des touches et les caract\u00e8res sp\u00e9cifiques couramment utilis\u00e9s dans les pays nordiques. Gr\u00e2ce \u00e0 sa qualit\u00e9 Fujitsu authentique, vous pouvez \u00eatre s\u00fbr que ce clavier de remplacement offrira le m\u00eame niveau de performance et de fiabilit\u00e9 que l&rsquo;original.<\/p>\n<p>Facile \u00e0 installer et con\u00e7u pour durer, ce clavier de remplacement garantit une mise \u00e0 niveau sans tracas pour votre Fujitsu Lifebook AH552. Que vous souhaitiez remplacer un clavier us\u00e9 ou simplement personnaliser votre ordinateur portable selon vos pr\u00e9f\u00e9rences, ce clavier de remplacement authentique est le choix id\u00e9al. <\/p>\n<p>D\u00e9couvrez la diff\u00e9rence des pi\u00e8ces d\u00e9tach\u00e9es Fujitsu d&rsquo;origine et assurez-vous que votre Fujitsu Lifebook AH552 continue de r\u00e9pondre \u00e0 vos besoins de frappe gr\u00e2ce au clavier original Fujitsu Lifebook AH552 \u00e0 disposition nordique CP581752-01. Commandez le v\u00f4tre d\u00e8s aujourd&rsquo;hui et profitez d&rsquo;une exp\u00e9rience de frappe fluide sur votre ordinateur portable.<\/p>\n","protected":false},"excerpt":{"rendered":"<p>Am\u00e9liorez votre Fujitsu Lifebook AH552 avec ce clavier original \u00e0 disposition nordique. Con\u00e7u pour une exp\u00e9rience de frappe fluide, ce clavier de remplacement d&rsquo;origine assure une compatibilit\u00e9 et des fonctionnalit\u00e9s optimales pour votre ordinateur portable.<\/p>\n","protected":false},"featured_media":14394,"template":"","meta":[],"product_brand":[],"product_cat":[71],"product_tag":[64],"class_list":{"0":"post-14342","1":"product","2":"type-product","3":"status-publish","4":"has-post-thumbnail","6":"product_cat-laptop-keyboard","7":"product_tag-fujitsu","9":"first","10":"instock","11":"taxable","12":"shipping-taxable","13":"purchasable","14":"product-type-simple"},"_links":{"self":[{"href":"https:\/\/boreait.com\/fr\/wp-json\/wp\/v2\/product\/14342","targetHints":{"allow":["GET"]}}],"collection":[{"href":"https:\/\/boreait.com\/fr\/wp-json\/wp\/v2\/product"}],"about":[{"href":"https:\/\/boreait.com\/fr\/wp-json\/wp\/v2\/types\/product"}],"wp:featuredmedia":[{"embeddable":true,"href":"https:\/\/boreait.com\/fr\/wp-json\/wp\/v2\/media\/14394"}],"wp:attachment":[{"href":"https:\/\/boreait.com\/fr\/wp-json\/wp\/v2\/media?parent=14342"}],"wp:term":[{"taxonomy":"product_brand","embeddable":true,"href":"https:\/\/boreait.com\/fr\/wp-json\/wp\/v2\/product_brand?post=14342"},{"taxonomy":"product_cat","embeddable":true,"href":"https:\/\/boreait.com\/fr\/wp-json\/wp\/v2\/product_cat?post=14342"},{"taxonomy":"product_tag","embeddable":true,"href":"https:\/\/boreait.com\/fr\/wp-json\/wp\/v2\/product_tag?post=14342"}],"curies":[{"name":"wp","href":"https:\/\/api.w.org\/{rel}","templated":true}]}}